{"id":4746,"date":"2025-11-10T12:29:28","date_gmt":"2025-11-10T12:29:28","guid":{"rendered":"https:\/\/inkskin.nl\/?post_type=product&#038;p=4746"},"modified":"2026-04-18T10:30:19","modified_gmt":"2026-04-18T10:30:19","slug":"otzi-piercing-mondspoeling-125ml-doos-24-stuks","status":"publish","type":"product","link":"https:\/\/inkskin.nl\/fr\/products\/otzi-piercing-mondspoeling-125ml-doos-24-stuks\/","title":{"rendered":"Otzi Piercing mondspoeling 125ml. Doos 24 Stuks"},"content":{"rendered":"<p><b>Otzi Easypiercing\u00ae Mondspoeling<\/b>\u00a0is speciaal ontwikkeld voor de dagelijkse reiniging en verzorging van mondpiercings.<\/p>\n<p>De formule bevat essenti\u00eble olie van kruidnagel, bekend om haar verzachtende en antibacteri\u00eble eigenschappen die bijdragen aan een gezonde mondhygi\u00ebne.<\/p>\n<p>Dankzij de uitgebalanceerde samenstelling reinigt deze mondspoeling effectief zonder het natuurlijke evenwicht van de mondflora te verstoren.<\/p>\n<p><b>Gebruik:<\/b><\/p>\n<ol>\n<li>Poets de tanden zorgvuldig v\u00f3\u00f3r iedere mondspoeling.<\/li>\n<li>Meng 15 ml water met 5 ml mondwater in de bijgeleverde maatdop om de aanbevolen concentratie te verkrijgen.<\/li>\n<li>Spoel de mond gedurende minimaal 30 seconden met het mengsel en vermijd inslikken.<\/li>\n<\/ol>\n<p><b>Ingredi\u00ebnten:<\/b><\/p>\n<p>Aqua (Water), Glycerine, Alcohol, Hydrogenated Starch Hydrolysate, PEG-40 Hydrogenated Castor Oil, Parfum (Fragrance), Hexetidine, Citric Acid, Eugenia Caryophyllus (Clove) Bud Oil, Eugenol, CI 14720, Sodium Sulfate, Sodium Hydroxide.<\/p>\n","protected":false},"excerpt":{"rendered":"<p>Otzi Easypiercing\u00ae Mondspoeling\u00a0is speciaal ontwikkeld voor de dagelijkse reiniging en verzorging van mondpiercings. De formule bevat essenti\u00eble olie van kruidnagel, bekend om haar verzachtende en antibacteri\u00eble eigenschappen die bijdragen aan een gezonde mondhygi\u00ebne. Dankzij de uitgebalanceerde samenstelling reinigt deze mondspoeling effectief zonder het natuurlijke evenwicht van de mondflora te verstoren. Gebruik: Poets de tanden zorgvuldig [&hellip;]<\/p>\n","protected":false},"featured_media":4747,"template":"","meta":{"_acf_changed":false},"product_brand":[],"product_cat":[317,313],"product_tag":[],"class_list":{"0":"post-4746","1":"product","2":"type-product","3":"status-publish","4":"has-post-thumbnail","6":"product_cat-piercing-aftercare","7":"product_cat-piercings","9":"first","10":"instock","11":"taxable","12":"shipping-taxable","13":"purchasable","14":"product-type-simple"},"ams_default_variation_id":0,"ams_product_points_reward":[],"ams_product_discount_percentage":0,"ams_price_to_display":76.8,"ams_acf":[],"acf":[],"_links":{"self":[{"href":"https:\/\/inkskin.nl\/fr\/wp-json\/wp\/v2\/product\/4746","targetHints":{"allow":["GET"]}}],"collection":[{"href":"https:\/\/inkskin.nl\/fr\/wp-json\/wp\/v2\/product"}],"about":[{"href":"https:\/\/inkskin.nl\/fr\/wp-json\/wp\/v2\/types\/product"}],"version-history":[{"count":0,"href":"https:\/\/inkskin.nl\/fr\/wp-json\/wp\/v2\/product\/4746\/revisions"}],"wp:featuredmedia":[{"embeddable":true,"href":"https:\/\/inkskin.nl\/fr\/wp-json\/wp\/v2\/media\/4747"}],"wp:attachment":[{"href":"https:\/\/inkskin.nl\/fr\/wp-json\/wp\/v2\/media?parent=4746"}],"wp:term":[{"taxonomy":"product_brand","embeddable":true,"href":"https:\/\/inkskin.nl\/fr\/wp-json\/wp\/v2\/product_brand?post=4746"},{"taxonomy":"product_cat","embeddable":true,"href":"https:\/\/inkskin.nl\/fr\/wp-json\/wp\/v2\/product_cat?post=4746"},{"taxonomy":"product_tag","embeddable":true,"href":"https:\/\/inkskin.nl\/fr\/wp-json\/wp\/v2\/product_tag?post=4746"}],"curies":[{"name":"wp","href":"https:\/\/api.w.org\/{rel}","templated":true}]}}