{"id":4400,"date":"2025-08-26T11:18:23","date_gmt":"2025-08-26T11:18:23","guid":{"rendered":"https:\/\/inkskin.nl\/?post_type=product&#038;p=4400"},"modified":"2026-04-02T12:10:23","modified_gmt":"2026-04-02T12:10:23","slug":"podisan-1liter-reymerink","status":"publish","type":"product","link":"https:\/\/inkskin.nl\/fr\/products\/podisan-1liter-reymerink\/","title":{"rendered":"Podisan 1liter Reymerink"},"content":{"rendered":"<p><b>Reymerink Podisan<\/b>\u00a0is een veelzijdige vloeistof die speciaal is ontwikkeld voor de gecombineerde reiniging en desinfectie van oppervlakken, apparatuur en instrumenten. De actieve ingredi\u00ebnten zorgen ervoor dat bacteri\u00ebn en schimmels effectief worden ge\u00eblimineerd. Daarnaast is Podisan ideaal voor het bewaren van instrumenten die niet onmiddellijk gedesinfecteerd kunnen worden.\u00a0<b>Het product is ook geschikt voor gebruik in ultrasoon reinigingsapparatuur.<\/b><\/p>\n<p>Eigenschappen:<\/p>\n<p>Effectief tegen bacteri\u00ebn, schimmels en virussen.<\/p>\n<p>Biologisch afbreekbaar.<\/p>\n<p><b>Geschikt voor gebruik in ultrasoon reinigingsapparatuur.<\/b><\/p>\n","protected":false},"excerpt":{"rendered":"<p>Reymerink Podisan\u00a0is een veelzijdige vloeistof die speciaal is ontwikkeld voor de gecombineerde reiniging en desinfectie van oppervlakken, apparatuur en instrumenten. De actieve ingredi\u00ebnten zorgen ervoor dat bacteri\u00ebn en schimmels effectief worden ge\u00eblimineerd. Daarnaast is Podisan ideaal voor het bewaren van instrumenten die niet onmiddellijk gedesinfecteerd kunnen worden.\u00a0Het product is ook geschikt voor gebruik in ultrasoon [&hellip;]<\/p>\n","protected":false},"featured_media":4401,"template":"","meta":{"_acf_changed":false},"product_brand":[],"product_cat":[304,33,300],"product_tag":[],"class_list":{"0":"post-4400","1":"product","2":"type-product","3":"status-publish","4":"has-post-thumbnail","6":"product_cat-desinfectie","7":"product_cat-hygiene-artikel","8":"product_cat-oppervlakten","10":"first","11":"instock","12":"taxable","13":"shipping-taxable","14":"purchasable","15":"product-type-simple"},"ams_default_variation_id":0,"ams_product_points_reward":[],"ams_product_discount_percentage":0,"ams_price_to_display":12.5,"ams_acf":[],"acf":[],"_links":{"self":[{"href":"https:\/\/inkskin.nl\/fr\/wp-json\/wp\/v2\/product\/4400","targetHints":{"allow":["GET"]}}],"collection":[{"href":"https:\/\/inkskin.nl\/fr\/wp-json\/wp\/v2\/product"}],"about":[{"href":"https:\/\/inkskin.nl\/fr\/wp-json\/wp\/v2\/types\/product"}],"version-history":[{"count":0,"href":"https:\/\/inkskin.nl\/fr\/wp-json\/wp\/v2\/product\/4400\/revisions"}],"wp:featuredmedia":[{"embeddable":true,"href":"https:\/\/inkskin.nl\/fr\/wp-json\/wp\/v2\/media\/4401"}],"wp:attachment":[{"href":"https:\/\/inkskin.nl\/fr\/wp-json\/wp\/v2\/media?parent=4400"}],"wp:term":[{"taxonomy":"product_brand","embeddable":true,"href":"https:\/\/inkskin.nl\/fr\/wp-json\/wp\/v2\/product_brand?post=4400"},{"taxonomy":"product_cat","embeddable":true,"href":"https:\/\/inkskin.nl\/fr\/wp-json\/wp\/v2\/product_cat?post=4400"},{"taxonomy":"product_tag","embeddable":true,"href":"https:\/\/inkskin.nl\/fr\/wp-json\/wp\/v2\/product_tag?post=4400"}],"curies":[{"name":"wp","href":"https:\/\/api.w.org\/{rel}","templated":true}]}}