{"id":2447,"date":"2024-03-27T09:49:32","date_gmt":"2024-03-27T09:49:32","guid":{"rendered":"https:\/\/inkskin.nl\/products\/cartouche-de-soie-1209-rl\/"},"modified":"2025-04-08T13:31:03","modified_gmt":"2025-04-08T13:31:03","slug":"cartouche-de-soie-1209-rl","status":"publish","type":"product","link":"https:\/\/inkskin.nl\/fr\/products\/cartouche-de-soie-1209-rl\/","title":{"rendered":"Cartouche de soie 1209 RL"},"content":{"rendered":"<p>D\u00e9couvrez la r\u00e9volution du tatouage avec les cartouches Silk ! Ces cartouches ont \u00e9t\u00e9 sp\u00e9cialement d\u00e9velopp\u00e9es et largement test\u00e9es par des artistes, ce qui les rend parfaitement adapt\u00e9es \u00e0 vos besoins. Gr\u00e2ce \u00e0 la poign\u00e9e ergonomique souple, ils sont comme un gant dans vos doigts, garantissant des heures de tatouage confortable.  <\/p>\n<p>  La stabilit\u00e9 de l&rsquo;aiguille et sa bonne prise en main vous donnent un contr\u00f4le ultime, m\u00eame pour les travaux de tra\u00e7age les plus fins. Et le meilleur de tous ? Les cartouches Silk sont conformes \u00e0 la derni\u00e8re norme NEN, gr\u00e2ce \u00e0 nos contr\u00f4les de qualit\u00e9 approfondis et \u00e0 nos innovations. Cela permet non seulement de prolonger la dur\u00e9e de vie de votre \u00e9quipement, mais aussi de satisfaire le client et l&rsquo;artiste.<\/p>\n<p>  Choisissez maintenant le c\u00f4ne long, l&rsquo;\u00e9paisseur d&rsquo;aiguille 12 (0,35 mm), la doublure ronde des cartouches Silk et exp\u00e9rimentez la perfection dans votre tatouage.<\/p>\n<p><strong>Qu&rsquo;est-ce qui diff\u00e9rencie les cartouches Silk des autres cartouches dans le monde du tatouage ?<\/strong><br \/>\n  Les cartouches Silk sont sp\u00e9cialement d\u00e9velopp\u00e9es et test\u00e9es par des artistes, ce qui les rend parfaitement adapt\u00e9es \u00e0 vos besoins.<\/p>\n<p><strong>Quel est l&rsquo;avantage de la poign\u00e9e ergonomique souple des cartouches Silk ?<\/strong><br \/>\n  La poign\u00e9e ergonomique assure une bonne prise en main des cartouches, ce qui vous permet de tatouer confortablement pendant des heures.<\/p>\n<p><strong>Les cartouches de soie sont-elles conformes \u00e0 la derni\u00e8re norme NEN ?<\/strong><br \/>\n  Oui, les cartouches Silk sont conformes \u00e0 la derni\u00e8re norme NEN gr\u00e2ce \u00e0 des contr\u00f4les de qualit\u00e9 approfondis et \u00e0 des innovations. Cela permet de prolonger la dur\u00e9e de vie de votre \u00e9quipement et de satisfaire vos clients.<\/p>\n","protected":false},"excerpt":{"rendered":"<p>D\u00e9couvrez la r\u00e9volution du tatouage avec les cartouches Silk ! Ces cartouches ont \u00e9t\u00e9 sp\u00e9cialement d\u00e9velopp\u00e9es et largement test\u00e9es par des artistes, ce qui les rend parfaitement adapt\u00e9es \u00e0 vos besoins. Gr\u00e2ce \u00e0 la poign\u00e9e ergonomique souple, ils sont comme un gant dans vos doigts, garantissant des heures de tatouage confortable. La stabilit\u00e9 de l&rsquo;aiguille [&hellip;]<\/p>\n","protected":false},"featured_media":1570,"template":"","meta":{"_acf_changed":false},"product_brand":[],"product_cat":[160,217],"product_tag":[221,164,174,220],"class_list":{"0":"post-2447","1":"product","2":"type-product","3":"status-publish","4":"has-post-thumbnail","6":"product_cat-aiguilles-cartouche","7":"product_cat-cartouches-de-soie","8":"product_tag-035-mm","9":"product_tag-cone-long-fr","10":"product_tag-doublure-ronde-fr","11":"product_tag-epaisseur-de-laiguille-12","13":"first","14":"instock","15":"taxable","16":"shipping-taxable","17":"purchasable","18":"product-type-simple"},"ams_default_variation_id":0,"ams_product_points_reward":[],"ams_product_discount_percentage":0,"ams_price_to_display":21.45,"ams_acf":[],"acf":[],"_links":{"self":[{"href":"https:\/\/inkskin.nl\/fr\/wp-json\/wp\/v2\/product\/2447","targetHints":{"allow":["GET"]}}],"collection":[{"href":"https:\/\/inkskin.nl\/fr\/wp-json\/wp\/v2\/product"}],"about":[{"href":"https:\/\/inkskin.nl\/fr\/wp-json\/wp\/v2\/types\/product"}],"version-history":[{"count":0,"href":"https:\/\/inkskin.nl\/fr\/wp-json\/wp\/v2\/product\/2447\/revisions"}],"wp:featuredmedia":[{"embeddable":true,"href":"https:\/\/inkskin.nl\/fr\/wp-json\/wp\/v2\/media\/1570"}],"wp:attachment":[{"href":"https:\/\/inkskin.nl\/fr\/wp-json\/wp\/v2\/media?parent=2447"}],"wp:term":[{"taxonomy":"product_brand","embeddable":true,"href":"https:\/\/inkskin.nl\/fr\/wp-json\/wp\/v2\/product_brand?post=2447"},{"taxonomy":"product_cat","embeddable":true,"href":"https:\/\/inkskin.nl\/fr\/wp-json\/wp\/v2\/product_cat?post=2447"},{"taxonomy":"product_tag","embeddable":true,"href":"https:\/\/inkskin.nl\/fr\/wp-json\/wp\/v2\/product_tag?post=2447"}],"curies":[{"name":"wp","href":"https:\/\/api.w.org\/{rel}","templated":true}]}}