{"id":2446,"date":"2024-03-27T09:49:25","date_gmt":"2024-03-27T09:49:25","guid":{"rendered":"https:\/\/inkskin.nl\/products\/cartouche-de-soie-1211-rs\/"},"modified":"2024-03-27T09:49:25","modified_gmt":"2024-03-27T09:49:25","slug":"cartouche-de-soie-1211-rs","status":"publish","type":"product","link":"https:\/\/inkskin.nl\/fr\/products\/cartouche-de-soie-1211-rs\/","title":{"rendered":"Cartouche de soie 1211 RS"},"content":{"rendered":"<p>Avec Silk Cartridges, vous \u00eates assur\u00e9, en tant qu&rsquo;artiste, de b\u00e9n\u00e9ficier de la meilleure qualit\u00e9 possible. Ces cartouches ont \u00e9t\u00e9 longuement test\u00e9es et perfectionn\u00e9es par des artistes afin que vous puissiez obtenir les meilleurs r\u00e9sultats. La poign\u00e9e ergonomique souple garantit que les cartouches tiennent parfaitement dans vos doigts et que vous pouvez tatouer pendant des heures sans probl\u00e8me. Que vous fassiez un travail de pr\u00e9cision ou un projet de plus grande envergure, la bonne prise en main de l&rsquo;aiguille et sa stabilit\u00e9 vous donnent un contr\u00f4le ultime. En outre, nos cartouches sont conformes \u00e0 la derni\u00e8re norme NEN, gr\u00e2ce \u00e0 nos contr\u00f4les de qualit\u00e9 et \u00e0 nos d\u00e9veloppements approfondis. Ainsi, votre \u00e9quipement durera plus longtemps et vous serez pleinement satisfait en tant qu&rsquo;artiste. Choisissez les cartouches Silk et devenez l&rsquo;artiste heureux que vous avez toujours voulu \u00eatre.<\/p>\n<p><strong>Quels sont les avantages des cartouches Silk par rapport aux autres cartouches de tatouage disponibles sur le march\u00e9 ?<\/strong><br \/>\n  Les cartouches Silk offrent la meilleure qualit\u00e9 possible car elles ont \u00e9t\u00e9 test\u00e9es et perfectionn\u00e9es par des artistes. Ils sont dot\u00e9s d&rsquo;une poign\u00e9e ergonomique souple qui s&rsquo;adapte parfaitement aux doigts, ce qui permet de tatouer pendant des heures sans aucun probl\u00e8me. La bonne prise en main et la stabilit\u00e9 de l&rsquo;aiguille donnent \u00e0 l&rsquo;artiste un contr\u00f4le ultime, qu&rsquo;il s&rsquo;agisse d&rsquo;un travail au trait fin ou d&rsquo;un projet de plus grande envergure. En outre, les cartouches sont conformes \u00e0 la derni\u00e8re norme NEN gr\u00e2ce \u00e0 des contr\u00f4les de qualit\u00e9 et \u00e0 des d\u00e9veloppements approfondis, ce qui prolonge la dur\u00e9e de vie de l&rsquo;\u00e9quipement.<\/p>\n<p><strong>Les cartouches Silk conviennent-elles \u00e0 tous les types de tatouages ?<\/strong><br \/>\n  Oui, les cartouches de soie conviennent aussi bien pour les travaux de trac\u00e9 fin que pour les projets de plus grande envergure. Gr\u00e2ce \u00e0 la bonne prise et \u00e0 la stabilit\u00e9 de l&rsquo;aiguille, les artistes ont un contr\u00f4le total sur le tatouage. Que vous souhaitiez effectuer un travail de pr\u00e9cision ou cr\u00e9er un dessin plus complexe, les cartouches Silk r\u00e9pondront \u00e0 vos besoins.<\/p>\n<p><strong>Pourquoi choisir les cartouches de soie ?<\/strong><br \/>\n  En choisissant Silk Cartridges, vous \u00eates assur\u00e9 de b\u00e9n\u00e9ficier de la meilleure qualit\u00e9. Ces cartouches ont \u00e9t\u00e9 soigneusement test\u00e9es et perfectionn\u00e9es par des artistes, ce qui vous permet d&rsquo;obtenir les meilleurs r\u00e9sultats. La poign\u00e9e ergonomique assure un maintien parfait<\/p>\n","protected":false},"excerpt":{"rendered":"<p>Avec Silk Cartridges, vous \u00eates assur\u00e9, en tant qu&rsquo;artiste, de b\u00e9n\u00e9ficier de la meilleure qualit\u00e9 possible. Ces cartouches ont \u00e9t\u00e9 longuement test\u00e9es et perfectionn\u00e9es par des artistes afin que vous puissiez obtenir les meilleurs r\u00e9sultats. La poign\u00e9e ergonomique souple garantit que les cartouches tiennent parfaitement dans vos doigts et que vous pouvez tatouer pendant des [&hellip;]<\/p>\n","protected":false},"featured_media":1565,"template":"","meta":{"_acf_changed":false},"product_brand":[],"product_cat":[160,217],"product_tag":[221,164,220,166],"class_list":{"0":"post-2446","1":"product","2":"type-product","3":"status-publish","4":"has-post-thumbnail","6":"product_cat-aiguilles-cartouche","7":"product_cat-cartouches-de-soie","8":"product_tag-035-mm","9":"product_tag-cone-long-fr","10":"product_tag-epaisseur-de-laiguille-12","11":"product_tag-ombres-rondes","13":"first","14":"instock","15":"taxable","16":"shipping-taxable","17":"purchasable","18":"product-type-simple"},"ams_default_variation_id":0,"ams_product_points_reward":[],"ams_product_discount_percentage":0,"ams_price_to_display":22.45,"ams_acf":[],"acf":[],"_links":{"self":[{"href":"https:\/\/inkskin.nl\/fr\/wp-json\/wp\/v2\/product\/2446","targetHints":{"allow":["GET"]}}],"collection":[{"href":"https:\/\/inkskin.nl\/fr\/wp-json\/wp\/v2\/product"}],"about":[{"href":"https:\/\/inkskin.nl\/fr\/wp-json\/wp\/v2\/types\/product"}],"version-history":[{"count":0,"href":"https:\/\/inkskin.nl\/fr\/wp-json\/wp\/v2\/product\/2446\/revisions"}],"wp:featuredmedia":[{"embeddable":true,"href":"https:\/\/inkskin.nl\/fr\/wp-json\/wp\/v2\/media\/1565"}],"wp:attachment":[{"href":"https:\/\/inkskin.nl\/fr\/wp-json\/wp\/v2\/media?parent=2446"}],"wp:term":[{"taxonomy":"product_brand","embeddable":true,"href":"https:\/\/inkskin.nl\/fr\/wp-json\/wp\/v2\/product_brand?post=2446"},{"taxonomy":"product_cat","embeddable":true,"href":"https:\/\/inkskin.nl\/fr\/wp-json\/wp\/v2\/product_cat?post=2446"},{"taxonomy":"product_tag","embeddable":true,"href":"https:\/\/inkskin.nl\/fr\/wp-json\/wp\/v2\/product_tag?post=2446"}],"curies":[{"name":"wp","href":"https:\/\/api.w.org\/{rel}","templated":true}]}}