{"id":2445,"date":"2024-03-27T09:49:24","date_gmt":"2024-03-27T09:49:24","guid":{"rendered":"https:\/\/inkskin.nl\/products\/cartouche-de-soie-1214-rs\/"},"modified":"2025-01-04T12:52:48","modified_gmt":"2025-01-04T12:52:48","slug":"cartouche-de-soie-1214-rs","status":"publish","type":"product","link":"https:\/\/inkskin.nl\/fr\/products\/cartouche-de-soie-1214-rs\/","title":{"rendered":"Cartouche de soie 1214 RS"},"content":{"rendered":"<p>Vous \u00eates tatoueur et vous cherchez la cartouche id\u00e9ale ? Dans ce cas, les cartouches Silk sont exactement ce qu&rsquo;il vous faut ! Test\u00e9es et perfectionn\u00e9es par des artistes, ces cartouches r\u00e9pondent aux normes de qualit\u00e9 les plus \u00e9lev\u00e9es.  <\/p>\n<p>  Gr\u00e2ce \u00e0 leur poign\u00e9e ergonomique, les cartouches Silk s&rsquo;adaptent \u00e0 vos doigts comme un gant, vous permettant de tatouer confortablement pendant des heures. Que vous souhaitiez cr\u00e9er des lignes fines ou des motifs d\u00e9taill\u00e9s, la bonne prise en main et la stabilit\u00e9 de l&rsquo;aiguille vous permettent de garder le contr\u00f4le \u00e0 tout moment.  <\/p>\n<p>  Ce qui distingue vraiment ces cartouches, c&rsquo;est qu&rsquo;elles sont conformes \u00e0 la derni\u00e8re norme NEN, ce qui garantit une plus longue dur\u00e9e de vie \u00e0 votre \u00e9quipement. Cela signifie un client heureux et un artiste heureux ! Choisissez les cartouches Silk et d\u00e9couvrez la combinaison parfaite de qualit\u00e9 et de confort. Essayez-les d\u00e8s aujourd&rsquo;hui et voyez la diff\u00e9rence !<\/p>\n<p><strong>Les cartouches de soie conviennent-elles \u00e0 la fois au travail au trait fin et aux dessins d\u00e9taill\u00e9s ?<\/strong><br \/>\n  Oui, gr\u00e2ce \u00e0 la bonne prise en main de l&rsquo;aiguille et \u00e0 sa stabilit\u00e9, les cartouches Silk offrent un contr\u00f4le ultime, que vous souhaitiez cr\u00e9er des travaux au trait fin ou des dessins d\u00e9taill\u00e9s.<\/p>\n<p><strong>Qu&rsquo;est-ce qui diff\u00e9rencie les cartouches Silk des autres cartouches disponibles sur le march\u00e9 ?<\/strong><br \/>\n  Ce qui distingue vraiment les cartouches Silk, c&rsquo;est qu&rsquo;elles sont conformes \u00e0 la derni\u00e8re norme NEN, ce qui garantit une plus longue dur\u00e9e de vie \u00e0 votre \u00e9quipement. Cela signifie un client heureux et un artiste heureux !<\/p>\n<p><strong>Les cartouches Silk offrent-elles un confort lors du tatouage ?<\/strong><br \/>\n  Oui, gr\u00e2ce \u00e0 la poign\u00e9e ergonomique, les cartouches Silk s&rsquo;adaptent \u00e0 vos doigts comme un gant, vous permettant de tatouer confortablement pendant des heures.<\/p>\n","protected":false},"excerpt":{"rendered":"<p>Vous \u00eates tatoueur et vous cherchez la cartouche id\u00e9ale ? Dans ce cas, les cartouches Silk sont exactement ce qu&rsquo;il vous faut ! Test\u00e9es et perfectionn\u00e9es par des artistes, ces cartouches r\u00e9pondent aux normes de qualit\u00e9 les plus \u00e9lev\u00e9es. Gr\u00e2ce \u00e0 leur poign\u00e9e ergonomique, les cartouches Silk s&rsquo;adaptent \u00e0 vos doigts comme un gant, vous [&hellip;]<\/p>\n","protected":false},"featured_media":1564,"template":"","meta":{"_acf_changed":false},"product_brand":[],"product_cat":[160,217],"product_tag":[221,164,220,166],"class_list":{"0":"post-2445","1":"product","2":"type-product","3":"status-publish","4":"has-post-thumbnail","6":"product_cat-aiguilles-cartouche","7":"product_cat-cartouches-de-soie","8":"product_tag-035-mm","9":"product_tag-cone-long-fr","10":"product_tag-epaisseur-de-laiguille-12","11":"product_tag-ombres-rondes","13":"first","14":"instock","15":"taxable","16":"shipping-taxable","17":"purchasable","18":"product-type-simple"},"ams_default_variation_id":0,"ams_product_points_reward":[],"ams_product_discount_percentage":0,"ams_price_to_display":22.45,"ams_acf":[],"acf":[],"_links":{"self":[{"href":"https:\/\/inkskin.nl\/fr\/wp-json\/wp\/v2\/product\/2445","targetHints":{"allow":["GET"]}}],"collection":[{"href":"https:\/\/inkskin.nl\/fr\/wp-json\/wp\/v2\/product"}],"about":[{"href":"https:\/\/inkskin.nl\/fr\/wp-json\/wp\/v2\/types\/product"}],"version-history":[{"count":0,"href":"https:\/\/inkskin.nl\/fr\/wp-json\/wp\/v2\/product\/2445\/revisions"}],"wp:featuredmedia":[{"embeddable":true,"href":"https:\/\/inkskin.nl\/fr\/wp-json\/wp\/v2\/media\/1564"}],"wp:attachment":[{"href":"https:\/\/inkskin.nl\/fr\/wp-json\/wp\/v2\/media?parent=2445"}],"wp:term":[{"taxonomy":"product_brand","embeddable":true,"href":"https:\/\/inkskin.nl\/fr\/wp-json\/wp\/v2\/product_brand?post=2445"},{"taxonomy":"product_cat","embeddable":true,"href":"https:\/\/inkskin.nl\/fr\/wp-json\/wp\/v2\/product_cat?post=2445"},{"taxonomy":"product_tag","embeddable":true,"href":"https:\/\/inkskin.nl\/fr\/wp-json\/wp\/v2\/product_tag?post=2445"}],"curies":[{"name":"wp","href":"https:\/\/api.w.org\/{rel}","templated":true}]}}