{"id":2444,"date":"2024-03-27T09:49:18","date_gmt":"2024-03-27T09:49:18","guid":{"rendered":"https:\/\/inkskin.nl\/products\/cartouche-de-soie-1205-cm\/"},"modified":"2024-03-27T09:49:18","modified_gmt":"2024-03-27T09:49:18","slug":"cartouche-de-soie-1205-cm","status":"publish","type":"product","link":"https:\/\/inkskin.nl\/fr\/products\/cartouche-de-soie-1205-cm\/","title":{"rendered":"Cartouche de soie 1205 CM"},"content":{"rendered":"<p>Vous \u00eates tatoueur et vous cherchez les cartouches parfaites ? Dans ce cas, les cartouches Silk sont exactement ce qu&rsquo;il vous faut. Ces cartouches ont \u00e9t\u00e9 largement test\u00e9es et perfectionn\u00e9es par des artistes comme vous, vous pouvez donc leur faire confiance pour obtenir les meilleures performances. Gr\u00e2ce \u00e0 leur poign\u00e9e ergonomique souple, ils s&rsquo;adaptent parfaitement \u00e0 vos doigts, ce qui vous permet de tatouer confortablement pendant des heures sans aucun probl\u00e8me. Qu&rsquo;il s&rsquo;agisse d&rsquo;un travail au trait fin ou d&rsquo;un dessin plus grand, la bonne prise en main et la stabilit\u00e9 de l&rsquo;aiguille garantissent un contr\u00f4le parfait. En outre, les cartouches Silk sont conformes \u00e0 la derni\u00e8re norme NEN, ce qui prolonge la dur\u00e9e de vie de votre \u00e9quipement. Choisissez Silk Cartridges et devenez un artiste heureux avec des clients heureux. Essayez notre Magnum courb\u00e9, conicit\u00e9 longue, \u00e9paisseur d&rsquo;aiguille 12 (0,35 mm) et constatez la diff\u00e9rence par vous-m\u00eame.<\/p>\n<p><strong>Qu&rsquo;est-ce qui rend les cartouches Silk si sp\u00e9ciales pour les tatoueurs ?<\/strong><br \/>\n  Les cartouches Silk ont \u00e9t\u00e9 longuement test\u00e9es et perfectionn\u00e9es par des tatoueurs pour offrir les meilleures performances. Ils sont dot\u00e9s d&rsquo;une poign\u00e9e ergonomique souple qui s&rsquo;adapte parfaitement \u00e0 vos doigts, vous permettant de tatouer confortablement et sans probl\u00e8me.<\/p>\n<p><strong>Les cartouches de soie permettent-elles de r\u00e9aliser des travaux au trait fin aussi bien que des dessins plus grands ?<\/strong><br \/>\n  Absolument ! Les cartouches de soie sont con\u00e7ues pour traiter aussi bien les travaux au trait fin que les dessins de plus grande taille. La bonne prise en main et la stabilit\u00e9 de l&rsquo;aiguille garantissent un contr\u00f4le optimal, ce qui facilite la cr\u00e9ation de diff\u00e9rents styles.<\/p>\n<p><strong>Les cartouches Silk r\u00e9pondent-elles aux normes les plus r\u00e9centes et comment cela contribue-t-il \u00e0 prolonger la dur\u00e9e de vie de mon \u00e9quipement ?<\/strong><br \/>\n  Oui, les cartouches Silk sont conformes aux derni\u00e8res normes NEN. Vous pouvez donc compter sur une qualit\u00e9 et une durabilit\u00e9 \u00e9lev\u00e9es. En choisissant les cartouches Silk, vous pouvez vous attendre \u00e0 une dur\u00e9e de vie plus longue de votre \u00e9quipement, ce qui vous permettra d&rsquo;\u00e9conomiser du temps et de l&rsquo;argent \u00e0 long terme.<\/p>\n","protected":false},"excerpt":{"rendered":"<p>Vous \u00eates tatoueur et vous cherchez les cartouches parfaites ? Dans ce cas, les cartouches Silk sont exactement ce qu&rsquo;il vous faut. Ces cartouches ont \u00e9t\u00e9 largement test\u00e9es et perfectionn\u00e9es par des artistes comme vous, vous pouvez donc leur faire confiance pour obtenir les meilleures performances. Gr\u00e2ce \u00e0 leur poign\u00e9e ergonomique souple, ils s&rsquo;adaptent parfaitement [&hellip;]<\/p>\n","protected":false},"featured_media":1558,"template":"","meta":{"_acf_changed":false},"product_brand":[],"product_cat":[160,217],"product_tag":[221,164,220,165],"class_list":{"0":"post-2444","1":"product","2":"type-product","3":"status-publish","4":"has-post-thumbnail","6":"product_cat-aiguilles-cartouche","7":"product_cat-cartouches-de-soie","8":"product_tag-035-mm","9":"product_tag-cone-long-fr","10":"product_tag-epaisseur-de-laiguille-12","11":"product_tag-magnum-courbe","13":"first","14":"instock","15":"taxable","16":"shipping-taxable","17":"purchasable","18":"product-type-simple"},"ams_default_variation_id":0,"ams_product_points_reward":[],"ams_product_discount_percentage":0,"ams_price_to_display":19.95,"ams_acf":[],"acf":[],"_links":{"self":[{"href":"https:\/\/inkskin.nl\/fr\/wp-json\/wp\/v2\/product\/2444","targetHints":{"allow":["GET"]}}],"collection":[{"href":"https:\/\/inkskin.nl\/fr\/wp-json\/wp\/v2\/product"}],"about":[{"href":"https:\/\/inkskin.nl\/fr\/wp-json\/wp\/v2\/types\/product"}],"version-history":[{"count":0,"href":"https:\/\/inkskin.nl\/fr\/wp-json\/wp\/v2\/product\/2444\/revisions"}],"wp:featuredmedia":[{"embeddable":true,"href":"https:\/\/inkskin.nl\/fr\/wp-json\/wp\/v2\/media\/1558"}],"wp:attachment":[{"href":"https:\/\/inkskin.nl\/fr\/wp-json\/wp\/v2\/media?parent=2444"}],"wp:term":[{"taxonomy":"product_brand","embeddable":true,"href":"https:\/\/inkskin.nl\/fr\/wp-json\/wp\/v2\/product_brand?post=2444"},{"taxonomy":"product_cat","embeddable":true,"href":"https:\/\/inkskin.nl\/fr\/wp-json\/wp\/v2\/product_cat?post=2444"},{"taxonomy":"product_tag","embeddable":true,"href":"https:\/\/inkskin.nl\/fr\/wp-json\/wp\/v2\/product_tag?post=2444"}],"curies":[{"name":"wp","href":"https:\/\/api.w.org\/{rel}","templated":true}]}}