{"id":2442,"date":"2024-03-27T09:49:17","date_gmt":"2024-03-27T09:49:17","guid":{"rendered":"https:\/\/inkskin.nl\/products\/cartouche-de-soie-1207-cm\/"},"modified":"2024-03-27T09:49:17","modified_gmt":"2024-03-27T09:49:17","slug":"cartouche-de-soie-1207-cm","status":"publish","type":"product","link":"https:\/\/inkskin.nl\/fr\/products\/cartouche-de-soie-1207-cm\/","title":{"rendered":"Cartouche de soie 1207 CM"},"content":{"rendered":"<p>Avec les cartouches Silk, vous avez la garantie d&rsquo;une exp\u00e9rience de tatouage ultime. Nos cartouches sont d\u00e9velopp\u00e9es avec amour par des artistes et test\u00e9es de mani\u00e8re approfondie pour vous donner les meilleurs r\u00e9sultats. Gr\u00e2ce \u00e0 la poign\u00e9e ergonomique, les cartouches sont comme le prolongement de vos doigts. Les heures de tatouage ne sont plus un probl\u00e8me. Que vous souhaitiez cr\u00e9er un trait fin ou un tatouage d\u00e9taill\u00e9, les cartouches Silk vous permettent de garder un contr\u00f4le absolu. De plus, nous avons veill\u00e9 \u00e0 ce que nos cartouches soient conformes aux derni\u00e8res normes NEN afin de prolonger la dur\u00e9e de vie de votre \u00e9quipement. Des clients satisfaits et des artistes heureux, tel est notre objectif. Choisissez la Magnum incurv\u00e9e, la conicit\u00e9 longue et l&rsquo;\u00e9paisseur d&rsquo;aiguille 12 (0,35 mm) et d\u00e9couvrez la diff\u00e9rence avec les cartouches de soie.<\/p>\n<p><strong>Qu&rsquo;est-ce qui diff\u00e9rencie les cartouches Silk des autres aiguilles de tatouage sur le march\u00e9 ?<\/strong><br \/>\n  Les cartouches Silk ont \u00e9t\u00e9 d\u00e9velopp\u00e9es avec amour par des artistes et test\u00e9es de mani\u00e8re approfondie pour garantir les meilleurs r\u00e9sultats. Ils offrent un contr\u00f4le ultime et sont dot\u00e9s d&rsquo;une poign\u00e9e ergonomique souple qui fait que tatouer pendant des heures n&rsquo;est plus un probl\u00e8me.<\/p>\n<p><strong>Les cartouches de soie sont-elles conformes aux normes NEN ?<\/strong><br \/>\n  Oui, les cartouches Silk sont conformes aux derni\u00e8res normes NEN, ce qui prolonge la dur\u00e9e de vie de votre \u00e9quipement. Vous pouvez \u00eatre s\u00fbr que nos cartouches sont de haute qualit\u00e9 et r\u00e9pondent aux normes requises.<\/p>\n<p><strong>Quelles sont les sp\u00e9cifications des cartouches de soie ?<\/strong><br \/>\n  Les cartouches de soie sont disponibles dans la variante Magnum courb\u00e9e, avec un long c\u00f4ne et une \u00e9paisseur d&rsquo;aiguille de 12 (0,35 mm). Ces sp\u00e9cifications garantissent un travail au trait fin et des tatouages d\u00e9taill\u00e9s, vous donnant un contr\u00f4le ultime pendant le tatouage.<\/p>\n","protected":false},"excerpt":{"rendered":"<p>Avec les cartouches Silk, vous avez la garantie d&rsquo;une exp\u00e9rience de tatouage ultime. Nos cartouches sont d\u00e9velopp\u00e9es avec amour par des artistes et test\u00e9es de mani\u00e8re approfondie pour vous donner les meilleurs r\u00e9sultats. Gr\u00e2ce \u00e0 la poign\u00e9e ergonomique, les cartouches sont comme le prolongement de vos doigts. Les heures de tatouage ne sont plus un [&hellip;]<\/p>\n","protected":false},"featured_media":1557,"template":"","meta":{"_acf_changed":false},"product_brand":[],"product_cat":[160,217],"product_tag":[221,164,220,165],"class_list":{"0":"post-2442","1":"product","2":"type-product","3":"status-publish","4":"has-post-thumbnail","6":"product_cat-aiguilles-cartouche","7":"product_cat-cartouches-de-soie","8":"product_tag-035-mm","9":"product_tag-cone-long-fr","10":"product_tag-epaisseur-de-laiguille-12","11":"product_tag-magnum-courbe","13":"first","14":"instock","15":"taxable","16":"shipping-taxable","17":"purchasable","18":"product-type-simple"},"ams_default_variation_id":0,"ams_product_points_reward":[],"ams_product_discount_percentage":0,"ams_price_to_display":21.45,"ams_acf":[],"acf":[],"_links":{"self":[{"href":"https:\/\/inkskin.nl\/fr\/wp-json\/wp\/v2\/product\/2442","targetHints":{"allow":["GET"]}}],"collection":[{"href":"https:\/\/inkskin.nl\/fr\/wp-json\/wp\/v2\/product"}],"about":[{"href":"https:\/\/inkskin.nl\/fr\/wp-json\/wp\/v2\/types\/product"}],"version-history":[{"count":0,"href":"https:\/\/inkskin.nl\/fr\/wp-json\/wp\/v2\/product\/2442\/revisions"}],"wp:featuredmedia":[{"embeddable":true,"href":"https:\/\/inkskin.nl\/fr\/wp-json\/wp\/v2\/media\/1557"}],"wp:attachment":[{"href":"https:\/\/inkskin.nl\/fr\/wp-json\/wp\/v2\/media?parent=2442"}],"wp:term":[{"taxonomy":"product_brand","embeddable":true,"href":"https:\/\/inkskin.nl\/fr\/wp-json\/wp\/v2\/product_brand?post=2442"},{"taxonomy":"product_cat","embeddable":true,"href":"https:\/\/inkskin.nl\/fr\/wp-json\/wp\/v2\/product_cat?post=2442"},{"taxonomy":"product_tag","embeddable":true,"href":"https:\/\/inkskin.nl\/fr\/wp-json\/wp\/v2\/product_tag?post=2442"}],"curies":[{"name":"wp","href":"https:\/\/api.w.org\/{rel}","templated":true}]}}