{"id":2440,"date":"2024-03-27T09:49:15","date_gmt":"2024-03-27T09:49:15","guid":{"rendered":"https:\/\/inkskin.nl\/products\/cartouche-de-soie-1209-cm\/"},"modified":"2024-03-27T09:49:15","modified_gmt":"2024-03-27T09:49:15","slug":"cartouche-de-soie-1209-cm","status":"publish","type":"product","link":"https:\/\/inkskin.nl\/fr\/products\/cartouche-de-soie-1209-cm\/","title":{"rendered":"Cartouche de soie 1209 CM"},"content":{"rendered":"<p>Avec les cartouches Silk, vous avez la garantie d&rsquo;une exp\u00e9rience de tatouage optimale ! Nos cartouches sont soigneusement d\u00e9velopp\u00e9es et test\u00e9es par des artistes, ce qui les rend parfaitement adapt\u00e9es \u00e0 vos besoins. Gr\u00e2ce \u00e0 la poign\u00e9e ergonomique, les cartouches sont comme le prolongement de vos doigts, m\u00eame pendant des heures de tatouage. La bonne prise en main et la stabilit\u00e9 de l&rsquo;aiguille garantissent un contr\u00f4le optimal, m\u00eame lors de travaux de tra\u00e7age fins. De plus, les cartouches Silk sont conformes \u00e0 la derni\u00e8re norme NEN, gr\u00e2ce \u00e0 des contr\u00f4les de qualit\u00e9 et \u00e0 des d\u00e9veloppements approfondis. Cela permet non seulement de prolonger la dur\u00e9e de vie de votre \u00e9quipement, mais aussi de satisfaire les clients et les artistes. Choisissez le Magnum courbe avec une \u00e9paisseur d&rsquo;aiguille de 0,35 mm pour des r\u00e9sultats parfaits. Optez pour les cartouches Silk et transformez chaque r\u00eave de tatouage en une belle r\u00e9alit\u00e9 !<\/p>\n<p><strong>Les cartouches Silk conviennent-elles \u00e0 tous les types de tatouages ?<\/strong><br \/>\n  Oui, les cartouches Silk ont \u00e9t\u00e9 soigneusement d\u00e9velopp\u00e9es et test\u00e9es par des artistes, ce qui les rend parfaites pour les diff\u00e9rents besoins de tatouage.<\/p>\n<p><strong>Quelle est la dur\u00e9e de vie des cartouches de soie ?<\/strong><br \/>\n  Gr\u00e2ce \u00e0 des contr\u00f4les de qualit\u00e9 et \u00e0 des d\u00e9veloppements approfondis, les cartouches Silk sont conformes aux derni\u00e8res normes NEN, ce qui prolonge la dur\u00e9e de vie de votre \u00e9quipement.<\/p>\n<p><strong>Les cartouches Silk permettent-elles d&rsquo;obtenir un contr\u00f4le optimal lors de la r\u00e9alisation d&rsquo;un travail au trait fin ?<\/strong><br \/>\n  Oui, gr\u00e2ce \u00e0 la bonne prise en main de l&rsquo;aiguille et \u00e0 sa stabilit\u00e9, les cartouches Silk offrent un contr\u00f4le ultime, m\u00eame pour les travaux de tra\u00e7age fin.<\/p>\n","protected":false},"excerpt":{"rendered":"<p>Avec les cartouches Silk, vous avez la garantie d&rsquo;une exp\u00e9rience de tatouage optimale ! Nos cartouches sont soigneusement d\u00e9velopp\u00e9es et test\u00e9es par des artistes, ce qui les rend parfaitement adapt\u00e9es \u00e0 vos besoins. Gr\u00e2ce \u00e0 la poign\u00e9e ergonomique, les cartouches sont comme le prolongement de vos doigts, m\u00eame pendant des heures de tatouage. La bonne [&hellip;]<\/p>\n","protected":false},"featured_media":1556,"template":"","meta":{"_acf_changed":false},"product_brand":[],"product_cat":[160,217],"product_tag":[221,164,220,165],"class_list":{"0":"post-2440","1":"product","2":"type-product","3":"status-publish","4":"has-post-thumbnail","6":"product_cat-aiguilles-cartouche","7":"product_cat-cartouches-de-soie","8":"product_tag-035-mm","9":"product_tag-cone-long-fr","10":"product_tag-epaisseur-de-laiguille-12","11":"product_tag-magnum-courbe","13":"first","14":"instock","15":"taxable","16":"shipping-taxable","17":"purchasable","18":"product-type-simple"},"ams_default_variation_id":0,"ams_product_points_reward":[],"ams_product_discount_percentage":0,"ams_price_to_display":21.45,"ams_acf":[],"acf":[],"_links":{"self":[{"href":"https:\/\/inkskin.nl\/fr\/wp-json\/wp\/v2\/product\/2440","targetHints":{"allow":["GET"]}}],"collection":[{"href":"https:\/\/inkskin.nl\/fr\/wp-json\/wp\/v2\/product"}],"about":[{"href":"https:\/\/inkskin.nl\/fr\/wp-json\/wp\/v2\/types\/product"}],"version-history":[{"count":0,"href":"https:\/\/inkskin.nl\/fr\/wp-json\/wp\/v2\/product\/2440\/revisions"}],"wp:featuredmedia":[{"embeddable":true,"href":"https:\/\/inkskin.nl\/fr\/wp-json\/wp\/v2\/media\/1556"}],"wp:attachment":[{"href":"https:\/\/inkskin.nl\/fr\/wp-json\/wp\/v2\/media?parent=2440"}],"wp:term":[{"taxonomy":"product_brand","embeddable":true,"href":"https:\/\/inkskin.nl\/fr\/wp-json\/wp\/v2\/product_brand?post=2440"},{"taxonomy":"product_cat","embeddable":true,"href":"https:\/\/inkskin.nl\/fr\/wp-json\/wp\/v2\/product_cat?post=2440"},{"taxonomy":"product_tag","embeddable":true,"href":"https:\/\/inkskin.nl\/fr\/wp-json\/wp\/v2\/product_tag?post=2440"}],"curies":[{"name":"wp","href":"https:\/\/api.w.org\/{rel}","templated":true}]}}