{"id":2438,"date":"2024-03-27T09:49:14","date_gmt":"2024-03-27T09:49:14","guid":{"rendered":"https:\/\/inkskin.nl\/products\/cartouche-de-soie-1211-cm\/"},"modified":"2024-03-27T09:49:14","modified_gmt":"2024-03-27T09:49:14","slug":"cartouche-de-soie-1211-cm","status":"publish","type":"product","link":"https:\/\/inkskin.nl\/fr\/products\/cartouche-de-soie-1211-cm\/","title":{"rendered":"Cartouche de soie 1211 CM"},"content":{"rendered":"<p>Vous cherchez les cartouches parfaites pour vos aventures de tatouage ? Ne cherchez plus, car les cartouches Silk sont exactement ce qu&rsquo;il vous faut ! Test\u00e9es et perfectionn\u00e9es par des artistes, ces cartouches r\u00e9pondent aux normes de qualit\u00e9 les plus \u00e9lev\u00e9es.  <\/p>\n<p>  Gr\u00e2ce \u00e0 leur poign\u00e9e ergonomique, les cartouches Silk s&rsquo;adaptent \u00e0 vos doigts comme un gant, vous permettant de tatouer sans effort pendant des heures. Que vous fassiez un trac\u00e9 fin ou un tatouage d\u00e9taill\u00e9, la bonne prise en main et la stabilit\u00e9 de l&rsquo;aiguille vous permettent de contr\u00f4ler parfaitement vos cr\u00e9ations.<\/p>\n<p> Mais ce n&rsquo;est pas tout ! Les cartouches Silk sont \u00e9galement conformes \u00e0 la derni\u00e8re norme NEN, ce qui garantit une plus longue dur\u00e9e de vie \u00e0 votre \u00e9quipement. Cela se traduit par une r\u00e9duction des co\u00fbts et une plus grande satisfaction des clients. En bref, avec les cartouches Silk, vous serez un artiste heureux qui pourra cr\u00e9er les plus beaux tatouages. Essayez-les d\u00e8s maintenant et constatez la diff\u00e9rence !<\/p>\n<p><strong>O\u00f9 puis-je acheter des cartouches de soie ?<\/strong><br \/>\n  Les cartouches de soie sont disponibles dans divers magasins de mat\u00e9riel de tatouage et sur des sites Internet vendant du mat\u00e9riel de tatouage. Vous pouvez \u00e9galement les commander directement sur le site officiel de Silk.<\/p>\n<p><strong>Quel est l&rsquo;avantage de la poign\u00e9e ergonomique souple des cartouches Silk ?<\/strong><br \/>\n  La poign\u00e9e souple et ergonomique des cartouches Silk garantit qu&rsquo;elles sont confortables et s\u00fbres dans votre main pendant le tatouage. Vous pouvez ainsi travailler sans effort pendant de longues p\u00e9riodes sans que vos mains ne se fatiguent.<\/p>\n<p><strong>Qu&rsquo;est-ce que cela signifie que les cartouches Silk sont conformes \u00e0 la derni\u00e8re norme NEN ?<\/strong><br \/>\n  Le fait que les cartouches Silk soient conformes \u00e0 la derni\u00e8re norme NEN signifie qu&rsquo;elles r\u00e9pondent aux normes de qualit\u00e9 et aux r\u00e8gles de s\u00e9curit\u00e9 les plus strictes. Cela vous permettra de prolonger la dur\u00e9e de vie de votre \u00e9quipement et de r\u00e9duire vos co\u00fbts \u00e0 long terme.<\/p>\n","protected":false},"excerpt":{"rendered":"<p>Vous cherchez les cartouches parfaites pour vos aventures de tatouage ? Ne cherchez plus, car les cartouches Silk sont exactement ce qu&rsquo;il vous faut ! Test\u00e9es et perfectionn\u00e9es par des artistes, ces cartouches r\u00e9pondent aux normes de qualit\u00e9 les plus \u00e9lev\u00e9es. Gr\u00e2ce \u00e0 leur poign\u00e9e ergonomique, les cartouches Silk s&rsquo;adaptent \u00e0 vos doigts comme un [&hellip;]<\/p>\n","protected":false},"featured_media":1555,"template":"","meta":{"_acf_changed":false},"product_brand":[],"product_cat":[160,217],"product_tag":[221,164,220,165],"class_list":{"0":"post-2438","1":"product","2":"type-product","3":"status-publish","4":"has-post-thumbnail","6":"product_cat-aiguilles-cartouche","7":"product_cat-cartouches-de-soie","8":"product_tag-035-mm","9":"product_tag-cone-long-fr","10":"product_tag-epaisseur-de-laiguille-12","11":"product_tag-magnum-courbe","13":"first","14":"instock","15":"taxable","16":"shipping-taxable","17":"purchasable","18":"product-type-simple"},"ams_default_variation_id":0,"ams_product_points_reward":[],"ams_product_discount_percentage":0,"ams_price_to_display":22.45,"ams_acf":[],"acf":[],"_links":{"self":[{"href":"https:\/\/inkskin.nl\/fr\/wp-json\/wp\/v2\/product\/2438","targetHints":{"allow":["GET"]}}],"collection":[{"href":"https:\/\/inkskin.nl\/fr\/wp-json\/wp\/v2\/product"}],"about":[{"href":"https:\/\/inkskin.nl\/fr\/wp-json\/wp\/v2\/types\/product"}],"version-history":[{"count":0,"href":"https:\/\/inkskin.nl\/fr\/wp-json\/wp\/v2\/product\/2438\/revisions"}],"wp:featuredmedia":[{"embeddable":true,"href":"https:\/\/inkskin.nl\/fr\/wp-json\/wp\/v2\/media\/1555"}],"wp:attachment":[{"href":"https:\/\/inkskin.nl\/fr\/wp-json\/wp\/v2\/media?parent=2438"}],"wp:term":[{"taxonomy":"product_brand","embeddable":true,"href":"https:\/\/inkskin.nl\/fr\/wp-json\/wp\/v2\/product_brand?post=2438"},{"taxonomy":"product_cat","embeddable":true,"href":"https:\/\/inkskin.nl\/fr\/wp-json\/wp\/v2\/product_cat?post=2438"},{"taxonomy":"product_tag","embeddable":true,"href":"https:\/\/inkskin.nl\/fr\/wp-json\/wp\/v2\/product_tag?post=2438"}],"curies":[{"name":"wp","href":"https:\/\/api.w.org\/{rel}","templated":true}]}}