{"id":2437,"date":"2024-03-27T09:49:20","date_gmt":"2024-03-27T09:49:20","guid":{"rendered":"https:\/\/inkskin.nl\/products\/cartouche-de-soie-1213-m1\/"},"modified":"2024-03-27T09:49:20","modified_gmt":"2024-03-27T09:49:20","slug":"cartouche-de-soie-1213-m1","status":"publish","type":"product","link":"https:\/\/inkskin.nl\/fr\/products\/cartouche-de-soie-1213-m1\/","title":{"rendered":"Cartouche de soie 1213 M1"},"content":{"rendered":"<p>En tant qu&rsquo;artiste, vous souhaitez b\u00e9n\u00e9ficier d&rsquo;un contr\u00f4le et d&rsquo;un confort ultimes pendant le tatouage ? Les cartouches de soie sont alors le choix id\u00e9al pour vous. Test\u00e9es et perfectionn\u00e9es par des artistes, ces cartouches r\u00e9pondent aux normes de qualit\u00e9 les plus \u00e9lev\u00e9es. Gr\u00e2ce \u00e0 leur poign\u00e9e ergonomique souple, ils s&rsquo;adaptent \u00e0 vos doigts comme un gant, ce qui vous permet de tatouer pendant des heures sans probl\u00e8me. M\u00eame pour les travaux de pr\u00e9cision, vous gardez le contr\u00f4le gr\u00e2ce \u00e0 la bonne prise en main et \u00e0 la stabilit\u00e9 de l&rsquo;aiguille. En outre, les cartouches Silk sont conformes \u00e0 la derni\u00e8re norme NEN, ce qui garantit une plus longue dur\u00e9e de vie \u00e0 votre \u00e9quipement. De cette mani\u00e8re, nous cr\u00e9ons non seulement des clients satisfaits, mais aussi et surtout des artistes heureux. Choisissez les cartouches Silk et faites du tatouage un v\u00e9ritable plaisir. Disponible en c\u00f4ne long, Magnum et avec une \u00e9paisseur d&rsquo;aiguille de 0,35 mm.<\/p>\n<p><strong>Quels sont les avantages de l&rsquo;utilisation des cartouches Silk pendant le tatouage ?<\/strong><br \/>\n  Les cartouches Silk offrent un contr\u00f4le et un confort ultimes pendant le tatouage. Test\u00e9s et perfectionn\u00e9s par des artistes, ils r\u00e9pondent aux normes de qualit\u00e9 les plus \u00e9lev\u00e9es. La poign\u00e9e ergonomique souple s&rsquo;adapte parfaitement \u00e0 vos doigts, ce qui vous permet de tatouer sans probl\u00e8me pendant des heures. M\u00eame pour les travaux de pr\u00e9cision, vous gardez le contr\u00f4le gr\u00e2ce \u00e0 la bonne prise en main et \u00e0 la stabilit\u00e9 de l&rsquo;aiguille. Les cartouches sont \u00e9galement conformes \u00e0 la derni\u00e8re norme NEN, ce qui prolonge la dur\u00e9e de vie de votre \u00e9quipement.<\/p>\n<p><strong>Quelles sont les variantes des cartouches Silk ?<\/strong><br \/>\n  Les cartouches de soie sont disponibles en version longue, Magnum et avec une \u00e9paisseur d&rsquo;aiguille de 0,35 mm. Vous avez donc le choix entre plusieurs options, en fonction de vos pr\u00e9f\u00e9rences et du type de tatouage que vous souhaitez r\u00e9aliser.<\/p>\n<p><strong>Pourquoi devrais-je choisir les cartouches Silk plut\u00f4t que d&rsquo;autres marques ?<\/strong><br \/>\n  Les cartouches Silk sont sp\u00e9cialement d\u00e9velopp\u00e9es et test\u00e9es par des artistes, et r\u00e9pondent aux normes de qualit\u00e9 les plus \u00e9lev\u00e9es. La poign\u00e9e ergonomique souple assure un confort et un contr\u00f4le ultimes pendant le tatouage, m\u00eame pour les travaux de trac\u00e9 fin. En outre, les cartouches sont conformes \u00e0 la derni\u00e8re norme NEN, ce qui permet de<\/p>\n","protected":false},"excerpt":{"rendered":"<p>En tant qu&rsquo;artiste, vous souhaitez b\u00e9n\u00e9ficier d&rsquo;un contr\u00f4le et d&rsquo;un confort ultimes pendant le tatouage ? Les cartouches de soie sont alors le choix id\u00e9al pour vous. Test\u00e9es et perfectionn\u00e9es par des artistes, ces cartouches r\u00e9pondent aux normes de qualit\u00e9 les plus \u00e9lev\u00e9es. Gr\u00e2ce \u00e0 leur poign\u00e9e ergonomique souple, ils s&rsquo;adaptent \u00e0 vos doigts comme [&hellip;]<\/p>\n","protected":false},"featured_media":1560,"template":"","meta":{"_acf_changed":false},"product_brand":[],"product_cat":[160,217],"product_tag":[221,164,220,177],"class_list":{"0":"post-2437","1":"product","2":"type-product","3":"status-publish","4":"has-post-thumbnail","6":"product_cat-aiguilles-cartouche","7":"product_cat-cartouches-de-soie","8":"product_tag-035-mm","9":"product_tag-cone-long-fr","10":"product_tag-epaisseur-de-laiguille-12","11":"product_tag-magnum-fr-2","13":"first","14":"instock","15":"taxable","16":"shipping-taxable","17":"purchasable","18":"product-type-simple"},"ams_default_variation_id":0,"ams_product_points_reward":[],"ams_product_discount_percentage":0,"ams_price_to_display":22.45,"ams_acf":[],"acf":[],"_links":{"self":[{"href":"https:\/\/inkskin.nl\/fr\/wp-json\/wp\/v2\/product\/2437","targetHints":{"allow":["GET"]}}],"collection":[{"href":"https:\/\/inkskin.nl\/fr\/wp-json\/wp\/v2\/product"}],"about":[{"href":"https:\/\/inkskin.nl\/fr\/wp-json\/wp\/v2\/types\/product"}],"version-history":[{"count":0,"href":"https:\/\/inkskin.nl\/fr\/wp-json\/wp\/v2\/product\/2437\/revisions"}],"wp:featuredmedia":[{"embeddable":true,"href":"https:\/\/inkskin.nl\/fr\/wp-json\/wp\/v2\/media\/1560"}],"wp:attachment":[{"href":"https:\/\/inkskin.nl\/fr\/wp-json\/wp\/v2\/media?parent=2437"}],"wp:term":[{"taxonomy":"product_brand","embeddable":true,"href":"https:\/\/inkskin.nl\/fr\/wp-json\/wp\/v2\/product_brand?post=2437"},{"taxonomy":"product_cat","embeddable":true,"href":"https:\/\/inkskin.nl\/fr\/wp-json\/wp\/v2\/product_cat?post=2437"},{"taxonomy":"product_tag","embeddable":true,"href":"https:\/\/inkskin.nl\/fr\/wp-json\/wp\/v2\/product_tag?post=2437"}],"curies":[{"name":"wp","href":"https:\/\/api.w.org\/{rel}","templated":true}]}}