{"id":2434,"date":"2024-03-27T09:49:12","date_gmt":"2024-03-27T09:49:12","guid":{"rendered":"https:\/\/inkskin.nl\/products\/cartouche-de-soie-1215-cm\/"},"modified":"2024-03-27T09:49:12","modified_gmt":"2024-03-27T09:49:12","slug":"cartouche-de-soie-1215-cm","status":"publish","type":"product","link":"https:\/\/inkskin.nl\/fr\/products\/cartouche-de-soie-1215-cm\/","title":{"rendered":"Cartouche de soie 1215 CM"},"content":{"rendered":"<p>D\u00e9couvrez les cartouches Silk, l&rsquo;outil id\u00e9al pour tous les tatoueurs ! Ces cartouches ont \u00e9t\u00e9 con\u00e7ues et perfectionn\u00e9es avec amour par des artistes comme vous. Gr\u00e2ce \u00e0 la poign\u00e9e ergonomique souple, ils tiennent parfaitement dans la main et vous permettent de tatouer sans effort pendant des heures. M\u00eame pour les travaux de tra\u00e7age les plus fins, vous gardez un contr\u00f4le absolu gr\u00e2ce \u00e0 la stabilit\u00e9 de l&rsquo;aiguille et \u00e0 sa bonne prise en main. Et le meilleur de tous ? Nos cartouches de soie sont conformes \u00e0 la norme NEN la plus r\u00e9cente, gr\u00e2ce \u00e0 nos contr\u00f4les de qualit\u00e9 approfondis et \u00e0 nos d\u00e9veloppements. Cela signifie une dur\u00e9e de vie plus longue de votre \u00e9quipement et des clients satisfaits. Mais avant tout, nous veillons \u00e0 ce que vous soyez heureux en tant qu&rsquo;artiste. Essayez notre Magnum courb\u00e9, conicit\u00e9 longue, \u00e9paisseur d&rsquo;aiguille 12 (0,35 mm) et d\u00e9couvrez les avantages des cartouches de soie par vous-m\u00eame !<\/p>\n<p><strong>Quels sont les avantages des cartouches Silk pour les tatoueurs ?<\/strong><br \/>\n  Les avantages des cartouches Silk pour les tatoueurs sont notamment leur conception ergonomique avec une prise en main souple et confortable, vous permettant de tatouer sans effort pendant des heures. Ils offrent \u00e9galement un contr\u00f4le optimal, m\u00eame pour les travaux de tra\u00e7age fin, gr\u00e2ce \u00e0 la stabilit\u00e9 et \u00e0 la bonne prise en main de l&rsquo;aiguille. En outre, ils sont conformes \u00e0 la derni\u00e8re norme NEN, ce qui prolonge la dur\u00e9e de vie de votre \u00e9quipement et satisfait vos clients.<\/p>\n<p><strong>Quels sont les types de cartouches de soie disponibles ?<\/strong><br \/>\n  Nous proposons actuellement l&rsquo;aiguille Magnum courb\u00e9e, conicit\u00e9 longue, \u00e9paisseur 12 (0,35 mm) dans nos cartouches de soie. Ces diff\u00e9rentes options permettent aux tatoueurs de choisir les cartouches qui r\u00e9pondent le mieux \u00e0 leurs besoins et pr\u00e9f\u00e9rences sp\u00e9cifiques.<\/p>\n<p><strong>Comment les cartouches de soie sont-elles test\u00e9es et leur qualit\u00e9 v\u00e9rifi\u00e9e ?<\/strong><br \/>\n  Nos cartouches de soie sont soumises \u00e0 des contr\u00f4les de qualit\u00e9 et \u00e0 des d\u00e9veloppements approfondis afin de garantir qu&rsquo;elles sont conformes \u00e0 la derni\u00e8re norme NEN. Cela permet de prolonger la dur\u00e9e de vie de votre \u00e9quipement et de satisfaire vos clients. Nous nous effor\u00e7ons de rendre les tatoueurs heureux, c&rsquo;est pourquoi nous veillons \u00e0 ce que seules les cartouches de la meilleure qualit\u00e9 soient mises sur le march\u00e9.<\/p>\n","protected":false},"excerpt":{"rendered":"<p>D\u00e9couvrez les cartouches Silk, l&rsquo;outil id\u00e9al pour tous les tatoueurs ! Ces cartouches ont \u00e9t\u00e9 con\u00e7ues et perfectionn\u00e9es avec amour par des artistes comme vous. Gr\u00e2ce \u00e0 la poign\u00e9e ergonomique souple, ils tiennent parfaitement dans la main et vous permettent de tatouer sans effort pendant des heures. M\u00eame pour les travaux de tra\u00e7age les plus [&hellip;]<\/p>\n","protected":false},"featured_media":1553,"template":"","meta":{"_acf_changed":false},"product_brand":[],"product_cat":[160,217],"product_tag":[221,164,220,165],"class_list":{"0":"post-2434","1":"product","2":"type-product","3":"status-publish","4":"has-post-thumbnail","6":"product_cat-aiguilles-cartouche","7":"product_cat-cartouches-de-soie","8":"product_tag-035-mm","9":"product_tag-cone-long-fr","10":"product_tag-epaisseur-de-laiguille-12","11":"product_tag-magnum-courbe","13":"first","14":"instock","15":"taxable","16":"shipping-taxable","17":"purchasable","18":"product-type-simple"},"ams_default_variation_id":0,"ams_product_points_reward":[],"ams_product_discount_percentage":0,"ams_price_to_display":22.45,"ams_acf":[],"acf":[],"_links":{"self":[{"href":"https:\/\/inkskin.nl\/fr\/wp-json\/wp\/v2\/product\/2434","targetHints":{"allow":["GET"]}}],"collection":[{"href":"https:\/\/inkskin.nl\/fr\/wp-json\/wp\/v2\/product"}],"about":[{"href":"https:\/\/inkskin.nl\/fr\/wp-json\/wp\/v2\/types\/product"}],"version-history":[{"count":0,"href":"https:\/\/inkskin.nl\/fr\/wp-json\/wp\/v2\/product\/2434\/revisions"}],"wp:featuredmedia":[{"embeddable":true,"href":"https:\/\/inkskin.nl\/fr\/wp-json\/wp\/v2\/media\/1553"}],"wp:attachment":[{"href":"https:\/\/inkskin.nl\/fr\/wp-json\/wp\/v2\/media?parent=2434"}],"wp:term":[{"taxonomy":"product_brand","embeddable":true,"href":"https:\/\/inkskin.nl\/fr\/wp-json\/wp\/v2\/product_brand?post=2434"},{"taxonomy":"product_cat","embeddable":true,"href":"https:\/\/inkskin.nl\/fr\/wp-json\/wp\/v2\/product_cat?post=2434"},{"taxonomy":"product_tag","embeddable":true,"href":"https:\/\/inkskin.nl\/fr\/wp-json\/wp\/v2\/product_tag?post=2434"}],"curies":[{"name":"wp","href":"https:\/\/api.w.org\/{rel}","templated":true}]}}