{"id":2433,"date":"2024-03-27T09:49:07","date_gmt":"2024-03-27T09:49:07","guid":{"rendered":"https:\/\/inkskin.nl\/products\/cartouche-de-soie-1011-cm\/"},"modified":"2024-03-27T09:49:07","modified_gmt":"2024-03-27T09:49:07","slug":"cartouche-de-soie-1011-cm","status":"publish","type":"product","link":"https:\/\/inkskin.nl\/fr\/products\/cartouche-de-soie-1011-cm\/","title":{"rendered":"Cartouche de soie 1011 CM"},"content":{"rendered":"<p>Vous \u00eates tatoueur et vous cherchez les meilleures cartouches pour votre travail ? Les cartouches Silk sont alors le choix id\u00e9al pour vous ! Ces cartouches ont \u00e9t\u00e9 largement test\u00e9es et perfectionn\u00e9es par des artistes, afin que vous puissiez offrir la meilleure qualit\u00e9 possible \u00e0 vos clients.<\/p>\n<p>  La poign\u00e9e ergonomique des cartouches Silk leur permet de tenir parfaitement dans la main, ce qui vous permet de tatouer pendant des heures sans aucun probl\u00e8me. Qu&rsquo;il s&rsquo;agisse d&rsquo;un travail au trait fin ou d&rsquo;un dessin plus grand, les cartouches Silk vous offrent toujours un contr\u00f4le ultime de l&rsquo;aiguille.<\/p>\n<p>  Mais ce n&rsquo;est pas tout. Les cartouches Silk sont \u00e9galement conformes \u00e0 la derni\u00e8re norme NEN, gr\u00e2ce \u00e0 nos contr\u00f4les de qualit\u00e9 et \u00e0 nos d\u00e9veloppements approfondis. Ce faisant, nous prolongeons non seulement la dur\u00e9e de vie de votre \u00e9quipement, mais aussi la satisfaction de vos clients et de vos artistes.<\/p>\n<p>  Choisissez les cartouches de soie Magnum incurv\u00e9es, conicit\u00e9 longue, \u00e9paisseur d&rsquo;aiguille 10 (0,30 mm) et d\u00e9couvrez par vous-m\u00eame les avantages de ces cartouches de tatouage de haute qualit\u00e9.<\/p>\n<p><strong>Quel est le meilleur choix pour un tatoueur \u00e0 la recherche de cartouches de haute qualit\u00e9 ?<\/strong><br \/>\n  Les cartouches Silk sont le choix id\u00e9al pour les tatoueurs qui recherchent les meilleures cartouches de haute qualit\u00e9.<\/p>\n<p><strong>Quels sont les avantages des cartouches Silk pour les tatoueurs ?<\/strong><br \/>\n  Les cartouches Silk offrent une prise en main ergonomique qui s&rsquo;adapte parfaitement \u00e0 la main de l&rsquo;artiste, permettant des heures de tatouage sans probl\u00e8me. En outre, les cartouches Silk garantissent un contr\u00f4le absolu de l&rsquo;aiguille, qu&rsquo;il s&rsquo;agisse d&rsquo;un travail au trait fin ou d&rsquo;un dessin plus grand. En outre, les cartouches Silk sont conformes \u00e0 la derni\u00e8re norme NEN, ce qui garantit une plus longue dur\u00e9e de vie de l&rsquo;\u00e9quipement et la satisfaction des clients.<\/p>\n<p><strong>Quelles sont les sp\u00e9cifications des cartouches de soie recommand\u00e9es ?<\/strong><br \/>\n  Les cartouches de soie recommand\u00e9es sont les Magnum incurv\u00e9es, \u00e0 c\u00f4ne long, avec une \u00e9paisseur d&rsquo;aiguille de 10 (0,30 mm). Ces cartouches offrent une qualit\u00e9 sup\u00e9rieure et ont \u00e9t\u00e9 largement test\u00e9es et perfectionn\u00e9es par des artistes.<\/p>\n","protected":false},"excerpt":{"rendered":"<p>Vous \u00eates tatoueur et vous cherchez les meilleures cartouches pour votre travail ? Les cartouches Silk sont alors le choix id\u00e9al pour vous ! Ces cartouches ont \u00e9t\u00e9 largement test\u00e9es et perfectionn\u00e9es par des artistes, afin que vous puissiez offrir la meilleure qualit\u00e9 possible \u00e0 vos clients. La poign\u00e9e ergonomique des cartouches Silk leur permet [&hellip;]<\/p>\n","protected":false},"featured_media":1548,"template":"","meta":{"_acf_changed":false},"product_brand":[],"product_cat":[160,217],"product_tag":[169,164,167,165],"class_list":{"0":"post-2433","1":"product","2":"type-product","3":"status-publish","4":"has-post-thumbnail","6":"product_cat-aiguilles-cartouche","7":"product_cat-cartouches-de-soie","8":"product_tag-030-mm-fr","9":"product_tag-cone-long-fr","10":"product_tag-epaisseur-de-laiguille-10","11":"product_tag-magnum-courbe","13":"first","14":"instock","15":"taxable","16":"shipping-taxable","17":"purchasable","18":"product-type-simple"},"ams_default_variation_id":0,"ams_product_points_reward":[],"ams_product_discount_percentage":0,"ams_price_to_display":22.45,"ams_acf":[],"acf":[],"_links":{"self":[{"href":"https:\/\/inkskin.nl\/fr\/wp-json\/wp\/v2\/product\/2433","targetHints":{"allow":["GET"]}}],"collection":[{"href":"https:\/\/inkskin.nl\/fr\/wp-json\/wp\/v2\/product"}],"about":[{"href":"https:\/\/inkskin.nl\/fr\/wp-json\/wp\/v2\/types\/product"}],"version-history":[{"count":0,"href":"https:\/\/inkskin.nl\/fr\/wp-json\/wp\/v2\/product\/2433\/revisions"}],"wp:featuredmedia":[{"embeddable":true,"href":"https:\/\/inkskin.nl\/fr\/wp-json\/wp\/v2\/media\/1548"}],"wp:attachment":[{"href":"https:\/\/inkskin.nl\/fr\/wp-json\/wp\/v2\/media?parent=2433"}],"wp:term":[{"taxonomy":"product_brand","embeddable":true,"href":"https:\/\/inkskin.nl\/fr\/wp-json\/wp\/v2\/product_brand?post=2433"},{"taxonomy":"product_cat","embeddable":true,"href":"https:\/\/inkskin.nl\/fr\/wp-json\/wp\/v2\/product_cat?post=2433"},{"taxonomy":"product_tag","embeddable":true,"href":"https:\/\/inkskin.nl\/fr\/wp-json\/wp\/v2\/product_tag?post=2433"}],"curies":[{"name":"wp","href":"https:\/\/api.w.org\/{rel}","templated":true}]}}