{"id":2431,"date":"2024-03-27T09:49:06","date_gmt":"2024-03-27T09:49:06","guid":{"rendered":"https:\/\/inkskin.nl\/products\/cartouche-de-soie-1013-cm\/"},"modified":"2024-03-27T09:49:06","modified_gmt":"2024-03-27T09:49:06","slug":"cartouche-de-soie-1013-cm","status":"publish","type":"product","link":"https:\/\/inkskin.nl\/fr\/products\/cartouche-de-soie-1013-cm\/","title":{"rendered":"Cartouche de soie 1013 CM"},"content":{"rendered":"<p>Vous cherchez les cartouches parfaites pour le tatouage ? Dans ce cas, les cartouches Silk sont faites pour vous. Ces cartouches ont \u00e9t\u00e9 longuement test\u00e9es et perfectionn\u00e9es par des artistes, ce qui vous garantit une qualit\u00e9 optimale. Gr\u00e2ce \u00e0 leur poign\u00e9e ergonomique souple, ils s&rsquo;adaptent \u00e0 vos doigts comme un gant, vous permettant de tatouer confortablement pendant des heures sans aucun probl\u00e8me.  <\/p>\n<p>  Que vous travailliez sur une ligne fine ou sur un projet plus important, la bonne prise en main et la stabilit\u00e9 de l&rsquo;aiguille vous assurent un contr\u00f4le parfait. De plus, nos cartouches Silk sont conformes \u00e0 la derni\u00e8re norme NEN, gr\u00e2ce \u00e0 nos contr\u00f4les de qualit\u00e9 et \u00e0 nos d\u00e9veloppements approfondis. Cela signifie une dur\u00e9e de vie plus longue de votre \u00e9quipement et un client satisfait. Mais surtout, ils veillent \u00e0 ce que vous, en tant qu&rsquo;artiste, soyez heureux et confiant pour commencer. Choisissez la cartouche Magnum courb\u00e9e, conicit\u00e9 longue, \u00e9paisseur d&rsquo;aiguille 10 (0,30 mm) et faites l&rsquo;exp\u00e9rience de la perfection des cartouches de soie.<\/p>\n<p><strong>Quels sont les contr\u00f4les de qualit\u00e9 effectu\u00e9s sur les cartouches de soie ?<\/strong><br \/>\n  Nos cartouches de soie sont soumises \u00e0 des contr\u00f4les de qualit\u00e9 approfondis afin de garantir qu&rsquo;elles sont conformes \u00e0 la derni\u00e8re norme NEN. Cela nous permet de garantir une plus longue dur\u00e9e de vie de votre \u00e9quipement et de nous assurer de la satisfaction de nos clients.<\/p>\n<p><strong>Quelles sont les sp\u00e9cifications des aiguilles disponibles pour les cartouches de soie ?<\/strong><br \/>\n  Pour les cartouches de soie, vous avez le choix entre la Magnum incurv\u00e9e, la conicit\u00e9 longue et l&rsquo;\u00e9paisseur d&rsquo;aiguille 10 (0,30 mm). Cela permet aux artistes de r\u00e9aliser des travaux au trait fin et des projets de plus grande envergure avec un contr\u00f4le ultime.<\/p>\n<p><strong>Comment les cartouches de soie assurent-elles le confort pendant le tatouage ?<\/strong><br \/>\n  Les cartouches Silk ont une poign\u00e9e ergonomique souple qui s&rsquo;adapte parfaitement \u00e0 vos doigts. Cela garantit un confort pendant des heures de tatouage sans probl\u00e8me. Gr\u00e2ce \u00e0 la bonne prise en main et \u00e0 la stabilit\u00e9 de l&rsquo;aiguille, les artistes peuvent travailler en toute confiance.<\/p>\n","protected":false},"excerpt":{"rendered":"<p>Vous cherchez les cartouches parfaites pour le tatouage ? Dans ce cas, les cartouches Silk sont faites pour vous. Ces cartouches ont \u00e9t\u00e9 longuement test\u00e9es et perfectionn\u00e9es par des artistes, ce qui vous garantit une qualit\u00e9 optimale. Gr\u00e2ce \u00e0 leur poign\u00e9e ergonomique souple, ils s&rsquo;adaptent \u00e0 vos doigts comme un gant, vous permettant de tatouer [&hellip;]<\/p>\n","protected":false},"featured_media":1547,"template":"","meta":{"_acf_changed":false},"product_brand":[],"product_cat":[160,217],"product_tag":[169,164,167,165],"class_list":{"0":"post-2431","1":"product","2":"type-product","3":"status-publish","4":"has-post-thumbnail","6":"product_cat-aiguilles-cartouche","7":"product_cat-cartouches-de-soie","8":"product_tag-030-mm-fr","9":"product_tag-cone-long-fr","10":"product_tag-epaisseur-de-laiguille-10","11":"product_tag-magnum-courbe","13":"first","14":"instock","15":"taxable","16":"shipping-taxable","17":"purchasable","18":"product-type-simple"},"ams_default_variation_id":0,"ams_product_points_reward":[],"ams_product_discount_percentage":0,"ams_price_to_display":22.45,"ams_acf":[],"acf":[],"_links":{"self":[{"href":"https:\/\/inkskin.nl\/fr\/wp-json\/wp\/v2\/product\/2431","targetHints":{"allow":["GET"]}}],"collection":[{"href":"https:\/\/inkskin.nl\/fr\/wp-json\/wp\/v2\/product"}],"about":[{"href":"https:\/\/inkskin.nl\/fr\/wp-json\/wp\/v2\/types\/product"}],"version-history":[{"count":0,"href":"https:\/\/inkskin.nl\/fr\/wp-json\/wp\/v2\/product\/2431\/revisions"}],"wp:featuredmedia":[{"embeddable":true,"href":"https:\/\/inkskin.nl\/fr\/wp-json\/wp\/v2\/media\/1547"}],"wp:attachment":[{"href":"https:\/\/inkskin.nl\/fr\/wp-json\/wp\/v2\/media?parent=2431"}],"wp:term":[{"taxonomy":"product_brand","embeddable":true,"href":"https:\/\/inkskin.nl\/fr\/wp-json\/wp\/v2\/product_brand?post=2431"},{"taxonomy":"product_cat","embeddable":true,"href":"https:\/\/inkskin.nl\/fr\/wp-json\/wp\/v2\/product_cat?post=2431"},{"taxonomy":"product_tag","embeddable":true,"href":"https:\/\/inkskin.nl\/fr\/wp-json\/wp\/v2\/product_tag?post=2431"}],"curies":[{"name":"wp","href":"https:\/\/api.w.org\/{rel}","templated":true}]}}