{"id":2428,"date":"2024-03-27T09:49:09","date_gmt":"2024-03-27T09:49:09","guid":{"rendered":"https:\/\/inkskin.nl\/products\/cartouche-de-soie-1007-cm\/"},"modified":"2024-03-27T09:49:09","modified_gmt":"2024-03-27T09:49:09","slug":"cartouche-de-soie-1007-cm","status":"publish","type":"product","link":"https:\/\/inkskin.nl\/fr\/products\/cartouche-de-soie-1007-cm\/","title":{"rendered":"Cartouche de soie 1007 CM"},"content":{"rendered":"<p>En tant qu&rsquo;artiste, voulez-vous avoir le contr\u00f4le ultime pendant le tatouage ? Les cartouches Silk sont alors parfaites pour vous ! Test\u00e9es et perfectionn\u00e9es par des artistes, ces cartouches sont de la plus haute qualit\u00e9. Gr\u00e2ce \u00e0 leur poign\u00e9e ergonomique souple, ils s&rsquo;adaptent \u00e0 vos doigts comme un gant, vous permettant de tatouer pendant des heures sans probl\u00e8me. M\u00eame pour les travaux de pr\u00e9cision, vous gardez le contr\u00f4le gr\u00e2ce \u00e0 la bonne prise en main et \u00e0 la stabilit\u00e9 de l&rsquo;aiguille. En outre, les cartouches Silk sont conformes \u00e0 la derni\u00e8re norme NEN, ce qui garantit une plus longue dur\u00e9e de vie \u00e0 votre \u00e9quipement. Choisissez Silk Cartridges et devenez un artiste heureux avec des clients heureux ! Ce set comprend l&rsquo;aiguille Curved Magnum d&rsquo;une \u00e9paisseur de 10 (0,30 mm) et d&rsquo;un long c\u00f4ne.<\/p>\n<p><strong>Qu&rsquo;est-ce qu&rsquo;une cartouche de soie ?<\/strong><br \/>\n  Les cartouches Silk sont des modules d&rsquo;aiguilles sp\u00e9ciaux con\u00e7us pour les tatoueurs afin d&rsquo;assurer un contr\u00f4le et un confort optimaux pendant le tatouage.<\/p>\n<p><strong>Qu&rsquo;est-ce qui rend les cartouches de soie uniques ?<\/strong><br \/>\n  Les cartouches de soie ont \u00e9t\u00e9 largement test\u00e9es et perfectionn\u00e9es par des artistes, ce qui leur conf\u00e8re la plus haute qualit\u00e9. Ils sont dot\u00e9s d&rsquo;une poign\u00e9e ergonomique souple qui s&rsquo;adapte parfaitement \u00e0 vos doigts et \u00e9vite les probl\u00e8mes pendant le tatouage. Ils offrent un contr\u00f4le optimal, m\u00eame pour les travaux de tra\u00e7age fin, gr\u00e2ce \u00e0 la bonne prise en main de l&rsquo;aiguille et \u00e0 sa stabilit\u00e9.<\/p>\n<p><strong>Les cartouches de soie r\u00e9pondent-elles aux normes ?<\/strong><br \/>\n  Oui, les cartouches de soie sont conformes \u00e0 la derni\u00e8re norme NEN. Cela prolonge la dur\u00e9e de vie de votre \u00e9quipement et vous permet d&rsquo;avoir des clients satisfaits en tant que tatoueur.<\/p>\n","protected":false},"excerpt":{"rendered":"<p>En tant qu&rsquo;artiste, voulez-vous avoir le contr\u00f4le ultime pendant le tatouage ? Les cartouches Silk sont alors parfaites pour vous ! Test\u00e9es et perfectionn\u00e9es par des artistes, ces cartouches sont de la plus haute qualit\u00e9. Gr\u00e2ce \u00e0 leur poign\u00e9e ergonomique souple, ils s&rsquo;adaptent \u00e0 vos doigts comme un gant, vous permettant de tatouer pendant des [&hellip;]<\/p>\n","protected":false},"featured_media":1550,"template":"","meta":{"_acf_changed":false},"product_brand":[],"product_cat":[160,217],"product_tag":[169,164,167,165],"class_list":{"0":"post-2428","1":"product","2":"type-product","3":"status-publish","4":"has-post-thumbnail","6":"product_cat-aiguilles-cartouche","7":"product_cat-cartouches-de-soie","8":"product_tag-030-mm-fr","9":"product_tag-cone-long-fr","10":"product_tag-epaisseur-de-laiguille-10","11":"product_tag-magnum-courbe","13":"first","14":"instock","15":"taxable","16":"shipping-taxable","17":"purchasable","18":"product-type-simple"},"ams_default_variation_id":0,"ams_product_points_reward":[],"ams_product_discount_percentage":0,"ams_price_to_display":21.45,"ams_acf":[],"acf":[],"_links":{"self":[{"href":"https:\/\/inkskin.nl\/fr\/wp-json\/wp\/v2\/product\/2428","targetHints":{"allow":["GET"]}}],"collection":[{"href":"https:\/\/inkskin.nl\/fr\/wp-json\/wp\/v2\/product"}],"about":[{"href":"https:\/\/inkskin.nl\/fr\/wp-json\/wp\/v2\/types\/product"}],"version-history":[{"count":0,"href":"https:\/\/inkskin.nl\/fr\/wp-json\/wp\/v2\/product\/2428\/revisions"}],"wp:featuredmedia":[{"embeddable":true,"href":"https:\/\/inkskin.nl\/fr\/wp-json\/wp\/v2\/media\/1550"}],"wp:attachment":[{"href":"https:\/\/inkskin.nl\/fr\/wp-json\/wp\/v2\/media?parent=2428"}],"wp:term":[{"taxonomy":"product_brand","embeddable":true,"href":"https:\/\/inkskin.nl\/fr\/wp-json\/wp\/v2\/product_brand?post=2428"},{"taxonomy":"product_cat","embeddable":true,"href":"https:\/\/inkskin.nl\/fr\/wp-json\/wp\/v2\/product_cat?post=2428"},{"taxonomy":"product_tag","embeddable":true,"href":"https:\/\/inkskin.nl\/fr\/wp-json\/wp\/v2\/product_tag?post=2428"}],"curies":[{"name":"wp","href":"https:\/\/api.w.org\/{rel}","templated":true}]}}