{"id":2427,"date":"2024-03-27T09:49:03","date_gmt":"2024-03-27T09:49:03","guid":{"rendered":"https:\/\/inkskin.nl\/products\/cartouche-de-soie-1017-cm\/"},"modified":"2024-03-27T09:49:03","modified_gmt":"2024-03-27T09:49:03","slug":"cartouche-de-soie-1017-cm","status":"publish","type":"product","link":"https:\/\/inkskin.nl\/fr\/products\/cartouche-de-soie-1017-cm\/","title":{"rendered":"Cartouche de soie 1017 CM"},"content":{"rendered":"<p>Avec les cartouches Silk, vous obtenez le meilleur de votre art du tatouage. Sp\u00e9cialement d\u00e9velopp\u00e9es et test\u00e9es par des artistes, ces cartouches r\u00e9pondent aux normes de qualit\u00e9 les plus \u00e9lev\u00e9es. Gr\u00e2ce \u00e0 la poign\u00e9e ergonomique souple, ils tiennent parfaitement dans la main et vous pouvez tatouer sans effort pendant des heures. M\u00eame pour les travaux de trac\u00e9 fin, vous gardez un contr\u00f4le absolu gr\u00e2ce \u00e0 la stabilit\u00e9 de l&rsquo;aiguille. De plus, nos cartouches sont conformes \u00e0 la derni\u00e8re norme NEN, ce qui vous garantit une tranquillit\u00e9 d&rsquo;esprit. Cela permet non seulement de prolonger la dur\u00e9e de vie de votre \u00e9quipement, mais aussi de satisfaire les clients et les artistes. Choisissez la cartouche Magnum courb\u00e9e, conicit\u00e9 longue, \u00e9paisseur d&rsquo;aiguille 10 (0,30 mm) et faites l&rsquo;exp\u00e9rience de la perfection des cartouches de soie.<\/p>\n<p><strong>Qu&rsquo;est-ce qui diff\u00e9rencie les cartouches Silk des autres cartouches disponibles sur le march\u00e9 ?<\/strong><br \/>\n  Les cartouches Silk sont sp\u00e9cialement d\u00e9velopp\u00e9es et test\u00e9es par des artistes, et r\u00e9pondent aux normes de qualit\u00e9 les plus \u00e9lev\u00e9es. Ils sont dot\u00e9s d&rsquo;une poign\u00e9e ergonomique souple et d&rsquo;une aiguille stable, ce qui leur permet de s&rsquo;adapter parfaitement \u00e0 la main et d&rsquo;assurer un contr\u00f4le parfait, m\u00eame pour les travaux de tra\u00e7age fin. En outre, ils sont conformes \u00e0 la derni\u00e8re norme NEN, ce qui garantit une plus longue dur\u00e9e de vie de l&rsquo;\u00e9quipement et la satisfaction des clients.<\/p>\n<p><strong>Quelle est la dur\u00e9e de vie des cartouches de soie ?<\/strong><br \/>\n  La dur\u00e9e de vie des cartouches de soie d\u00e9pend de plusieurs facteurs, tels que l&rsquo;intensit\u00e9 de l&rsquo;utilisation et le style de tatouage. En g\u00e9n\u00e9ral, les cartouches Silk ont une dur\u00e9e de vie plus longue que les autres cartouches gr\u00e2ce \u00e0 leur qualit\u00e9 et \u00e0 leur durabilit\u00e9. En se conformant \u00e0 la derni\u00e8re norme NEN, ils garantissent \u00e9galement une plus grande long\u00e9vit\u00e9 \u00e0 votre \u00e9quipement.<\/p>\n<p><strong>Les cartouches Silk conviennent-elles \u00e0 tous les types de tatouages ?<\/strong><br \/>\n  Oui, les cartouches de soie conviennent \u00e0 diff\u00e9rents types d&rsquo;art du tatouage. Ils offrent un contr\u00f4le ultime, m\u00eame pour les travaux de trac\u00e9 fin, gr\u00e2ce \u00e0 la stabilit\u00e9 de l&rsquo;ajustement de l&rsquo;aiguille. Que vous optiez pour la Magnum Curved, la Long taper, l&rsquo;\u00e9paisseur d&rsquo;aiguille 10 (0,30 mm) ou toute autre variante, vous pouvez \u00eatre assur\u00e9 que les cartouches Silk assureront la perfection de l&rsquo;encre de votre tatouage.<\/p>\n","protected":false},"excerpt":{"rendered":"<p>Avec les cartouches Silk, vous obtenez le meilleur de votre art du tatouage. Sp\u00e9cialement d\u00e9velopp\u00e9es et test\u00e9es par des artistes, ces cartouches r\u00e9pondent aux normes de qualit\u00e9 les plus \u00e9lev\u00e9es. Gr\u00e2ce \u00e0 la poign\u00e9e ergonomique souple, ils tiennent parfaitement dans la main et vous pouvez tatouer sans effort pendant des heures. M\u00eame pour les travaux [&hellip;]<\/p>\n","protected":false},"featured_media":1545,"template":"","meta":{"_acf_changed":false},"product_brand":[],"product_cat":[160,217],"product_tag":[169,164,167,165],"class_list":{"0":"post-2427","1":"product","2":"type-product","3":"status-publish","4":"has-post-thumbnail","6":"product_cat-aiguilles-cartouche","7":"product_cat-cartouches-de-soie","8":"product_tag-030-mm-fr","9":"product_tag-cone-long-fr","10":"product_tag-epaisseur-de-laiguille-10","11":"product_tag-magnum-courbe","13":"first","14":"instock","15":"taxable","16":"shipping-taxable","17":"purchasable","18":"product-type-simple"},"ams_default_variation_id":0,"ams_product_points_reward":[],"ams_product_discount_percentage":0,"ams_price_to_display":23.25,"ams_acf":[],"acf":[],"_links":{"self":[{"href":"https:\/\/inkskin.nl\/fr\/wp-json\/wp\/v2\/product\/2427","targetHints":{"allow":["GET"]}}],"collection":[{"href":"https:\/\/inkskin.nl\/fr\/wp-json\/wp\/v2\/product"}],"about":[{"href":"https:\/\/inkskin.nl\/fr\/wp-json\/wp\/v2\/types\/product"}],"version-history":[{"count":0,"href":"https:\/\/inkskin.nl\/fr\/wp-json\/wp\/v2\/product\/2427\/revisions"}],"wp:featuredmedia":[{"embeddable":true,"href":"https:\/\/inkskin.nl\/fr\/wp-json\/wp\/v2\/media\/1545"}],"wp:attachment":[{"href":"https:\/\/inkskin.nl\/fr\/wp-json\/wp\/v2\/media?parent=2427"}],"wp:term":[{"taxonomy":"product_brand","embeddable":true,"href":"https:\/\/inkskin.nl\/fr\/wp-json\/wp\/v2\/product_brand?post=2427"},{"taxonomy":"product_cat","embeddable":true,"href":"https:\/\/inkskin.nl\/fr\/wp-json\/wp\/v2\/product_cat?post=2427"},{"taxonomy":"product_tag","embeddable":true,"href":"https:\/\/inkskin.nl\/fr\/wp-json\/wp\/v2\/product_tag?post=2427"}],"curies":[{"name":"wp","href":"https:\/\/api.w.org\/{rel}","templated":true}]}}