{"id":2421,"date":"2024-03-27T09:48:57","date_gmt":"2024-03-27T09:48:57","guid":{"rendered":"https:\/\/inkskin.nl\/products\/cartouche-de-soie-1205-rl\/"},"modified":"2025-01-04T12:52:47","modified_gmt":"2025-01-04T12:52:47","slug":"cartouche-de-soie-1205-rl","status":"publish","type":"product","link":"https:\/\/inkskin.nl\/fr\/products\/cartouche-de-soie-1205-rl\/","title":{"rendered":"Cartouche de soie 1205 RL"},"content":{"rendered":"<p>Les cartouches de soie sont le r\u00e9sultat d&rsquo;ann\u00e9es d&rsquo;expertise et de perfectionnement par des artistes. Gr\u00e2ce \u00e0 leur poign\u00e9e ergonomique souple, ils tiennent parfaitement dans vos mains. Vous pouvez tatouer pendant des heures sans aucun effort. Gr\u00e2ce \u00e0 l&rsquo;excellente prise en main et \u00e0 la stabilit\u00e9 de l&rsquo;aiguille, vous avez un contr\u00f4le total, m\u00eame pour les travaux de pr\u00e9cision. Les cartouches Silk&rsquo;s r\u00e9pondent aux derni\u00e8res normes NEN gr\u00e2ce \u00e0 des contr\u00f4les de qualit\u00e9 et des d\u00e9veloppements approfondis. Ce faisant, nous prolongeons la dur\u00e9e de vie de votre \u00e9quipement et nous vous assurons des clients satisfaits, mais surtout des artistes heureux. Avec le c\u00f4ne long et une \u00e9paisseur d&rsquo;aiguille de 0,35 mm, vous \u00eates assur\u00e9 de la pr\u00e9cision et du savoir-faire. Choisissez les cartouches de soie et faites passer vos \u0153uvres d&rsquo;art au niveau sup\u00e9rieur.<\/p>\n<p><strong>Qu&rsquo;est-ce qui diff\u00e9rencie les cartouches Silk des autres aiguilles de tatouage sur le march\u00e9 ?<\/strong><br \/>\n  Les cartouches de soie se distinguent par des ann\u00e9es d&rsquo;expertise et de perfectionnement par les artistes. Ils sont dot\u00e9s d&rsquo;une poign\u00e9e ergonomique souple qui leur permet de s&rsquo;adapter parfaitement \u00e0 vos mains et de vous permettre de tatouer pendant des heures sans le moindre effort. L&rsquo;excellente prise en main de l&rsquo;aiguille et sa stabilit\u00e9 garantissent un contr\u00f4le total, m\u00eame pour les travaux de pr\u00e9cision.<\/p>\n<p><strong>Les cartouches de soie r\u00e9pondent-elles aux normes de qualit\u00e9 et aux contr\u00f4les ?<\/strong><br \/>\n  Oui, les cartouches Silk r\u00e9pondent aux derni\u00e8res normes NEN gr\u00e2ce \u00e0 des contr\u00f4les de qualit\u00e9 et des d\u00e9veloppements approfondis. Ces contr\u00f4les nous permettent de prolonger la dur\u00e9e de vie de votre \u00e9quipement et de garantir la satisfaction des clients et des artistes.<\/p>\n<p><strong>Quelles sont les sp\u00e9cifications des cartouches de soie et comment garantissent-elles la pr\u00e9cision et le savoir-faire ?<\/strong><br \/>\n  Les cartouches de soie ont un long c\u00f4ne et une \u00e9paisseur d&rsquo;aiguille de 0,35 mm. Ces sp\u00e9cifications garantissent la pr\u00e9cision et le savoir-faire du tatouage. Le long c\u00f4ne assure un ajustement stable de l&rsquo;aiguille, ce qui permet un contr\u00f4le total, m\u00eame pour les travaux au trait fin. L&rsquo;\u00e9paisseur de l&rsquo;aiguille de 0,35 mm garantit des dessins de tatouage pr\u00e9cis et d\u00e9taill\u00e9s.<\/p>\n","protected":false},"excerpt":{"rendered":"<p>Les cartouches de soie sont le r\u00e9sultat d&rsquo;ann\u00e9es d&rsquo;expertise et de perfectionnement par des artistes. Gr\u00e2ce \u00e0 leur poign\u00e9e ergonomique souple, ils tiennent parfaitement dans vos mains. Vous pouvez tatouer pendant des heures sans aucun effort. Gr\u00e2ce \u00e0 l&rsquo;excellente prise en main et \u00e0 la stabilit\u00e9 de l&rsquo;aiguille, vous avez un contr\u00f4le total, m\u00eame pour [&hellip;]<\/p>\n","protected":false},"featured_media":1540,"template":"","meta":{"_acf_changed":false},"product_brand":[],"product_cat":[160,217],"product_tag":[221,164,174,220],"class_list":{"0":"post-2421","1":"product","2":"type-product","3":"status-publish","4":"has-post-thumbnail","6":"product_cat-aiguilles-cartouche","7":"product_cat-cartouches-de-soie","8":"product_tag-035-mm","9":"product_tag-cone-long-fr","10":"product_tag-doublure-ronde-fr","11":"product_tag-epaisseur-de-laiguille-12","13":"first","14":"instock","15":"taxable","16":"shipping-taxable","17":"purchasable","18":"product-type-simple"},"ams_default_variation_id":0,"ams_product_points_reward":[],"ams_product_discount_percentage":0,"ams_price_to_display":19.95,"ams_acf":[],"acf":[],"_links":{"self":[{"href":"https:\/\/inkskin.nl\/fr\/wp-json\/wp\/v2\/product\/2421","targetHints":{"allow":["GET"]}}],"collection":[{"href":"https:\/\/inkskin.nl\/fr\/wp-json\/wp\/v2\/product"}],"about":[{"href":"https:\/\/inkskin.nl\/fr\/wp-json\/wp\/v2\/types\/product"}],"version-history":[{"count":0,"href":"https:\/\/inkskin.nl\/fr\/wp-json\/wp\/v2\/product\/2421\/revisions"}],"wp:featuredmedia":[{"embeddable":true,"href":"https:\/\/inkskin.nl\/fr\/wp-json\/wp\/v2\/media\/1540"}],"wp:attachment":[{"href":"https:\/\/inkskin.nl\/fr\/wp-json\/wp\/v2\/media?parent=2421"}],"wp:term":[{"taxonomy":"product_brand","embeddable":true,"href":"https:\/\/inkskin.nl\/fr\/wp-json\/wp\/v2\/product_brand?post=2421"},{"taxonomy":"product_cat","embeddable":true,"href":"https:\/\/inkskin.nl\/fr\/wp-json\/wp\/v2\/product_cat?post=2421"},{"taxonomy":"product_tag","embeddable":true,"href":"https:\/\/inkskin.nl\/fr\/wp-json\/wp\/v2\/product_tag?post=2421"}],"curies":[{"name":"wp","href":"https:\/\/api.w.org\/{rel}","templated":true}]}}