{"id":2420,"date":"2024-03-27T09:48:55","date_gmt":"2024-03-27T09:48:55","guid":{"rendered":"https:\/\/inkskin.nl\/products\/cartouche-de-soie-0807-rl\/"},"modified":"2024-03-27T09:48:55","modified_gmt":"2024-03-27T09:48:55","slug":"cartouche-de-soie-0807-rl","status":"publish","type":"product","link":"https:\/\/inkskin.nl\/fr\/products\/cartouche-de-soie-0807-rl\/","title":{"rendered":"Cartouche de soie 0807 RL"},"content":{"rendered":"<p>Vous \u00eates un tatoueur qui ne veut que le meilleur du meilleur ? Dans ce cas, les cartouches Silk sont exactement ce qu&rsquo;il vous faut. Ces cartouches ont \u00e9t\u00e9 largement test\u00e9es et perfectionn\u00e9es par des artistes, afin que vous puissiez offrir les meilleurs r\u00e9sultats \u00e0 vos clients.  <\/p>\n<p>  La poign\u00e9e ergonomique souple garantit que les cartouches s&rsquo;adaptent \u00e0 vos doigts comme un gant, ce qui vous permet de tatouer pendant des heures sans probl\u00e8me. Mais ce n&rsquo;est pas tout. La bonne prise en main et la stabilit\u00e9 de l&rsquo;aiguille vous donnent un contr\u00f4le ultime, m\u00eame pour les travaux de pr\u00e9cision.  <\/p>\n<p>  Et la meilleure nouvelle ? Nos cartouches de soie sont conformes \u00e0 la derni\u00e8re norme NEN, gr\u00e2ce \u00e0 des contr\u00f4les de qualit\u00e9 et \u00e0 des d\u00e9veloppements approfondis. Cela signifie une dur\u00e9e de vie plus longue de votre \u00e9quipement et un client satisfait. Mais surtout, elle fait le bonheur des artistes, car avec les cartouches Silk, vous pouvez lib\u00e9rer votre cr\u00e9ativit\u00e9 et cr\u00e9er les plus belles \u0153uvres d&rsquo;art.  <\/p>\n<p>  N&rsquo;attendez plus et am\u00e9liorez votre travail avec les cartouches Silk.<\/p>\n<p><strong>Quelle est la dur\u00e9e de vie des cartouches de soie ?<\/strong><br \/>\n  Les cartouches Silk ont une dur\u00e9e de vie plus longue gr\u00e2ce \u00e0 des contr\u00f4les de qualit\u00e9 et des d\u00e9veloppements stricts. Cela signifie que vous pouvez utiliser les cartouches plus longtemps avant qu&rsquo;elles ne doivent \u00eatre remplac\u00e9es.<\/p>\n<p><strong>Les cartouches Silk conviennent-elles pour le travail au trait fin ?<\/strong><br \/>\n  Oui, les cartouches Silk ont un ajustement stable de l&rsquo;aiguille et offrent un contr\u00f4le ultime, m\u00eame pour les travaux au trait fin. Cela vous permet d&rsquo;obtenir une pr\u00e9cision et des d\u00e9tails lors du tatouage.<\/p>\n<p><strong>Les cartouches de soie r\u00e9pondent-elles \u00e0 la norme NEN ?<\/strong><br \/>\n  Oui, les cartouches Silk sont conformes \u00e0 la derni\u00e8re norme NEN gr\u00e2ce \u00e0 des contr\u00f4les de qualit\u00e9 et des d\u00e9veloppements approfondis. Cela permet de satisfaire les clients et de prolonger la dur\u00e9e de vie de votre \u00e9quipement.<\/p>\n","protected":false},"excerpt":{"rendered":"<p>Vous \u00eates un tatoueur qui ne veut que le meilleur du meilleur ? Dans ce cas, les cartouches Silk sont exactement ce qu&rsquo;il vous faut. Ces cartouches ont \u00e9t\u00e9 largement test\u00e9es et perfectionn\u00e9es par des artistes, afin que vous puissiez offrir les meilleurs r\u00e9sultats \u00e0 vos clients. La poign\u00e9e ergonomique souple garantit que les cartouches [&hellip;]<\/p>\n","protected":false},"featured_media":1538,"template":"","meta":{"_acf_changed":false},"product_brand":[],"product_cat":[160,217],"product_tag":[180,164,174,179],"class_list":{"0":"post-2420","1":"product","2":"type-product","3":"status-publish","4":"has-post-thumbnail","6":"product_cat-aiguilles-cartouche","7":"product_cat-cartouches-de-soie","8":"product_tag-025-mm","9":"product_tag-cone-long-fr","10":"product_tag-doublure-ronde-fr","11":"product_tag-epaisseur-de-laiguille-08","13":"first","14":"instock","15":"taxable","16":"shipping-taxable","17":"purchasable","18":"product-type-simple"},"ams_default_variation_id":0,"ams_product_points_reward":[],"ams_product_discount_percentage":0,"ams_price_to_display":21.45,"ams_acf":[],"acf":[],"_links":{"self":[{"href":"https:\/\/inkskin.nl\/fr\/wp-json\/wp\/v2\/product\/2420","targetHints":{"allow":["GET"]}}],"collection":[{"href":"https:\/\/inkskin.nl\/fr\/wp-json\/wp\/v2\/product"}],"about":[{"href":"https:\/\/inkskin.nl\/fr\/wp-json\/wp\/v2\/types\/product"}],"version-history":[{"count":0,"href":"https:\/\/inkskin.nl\/fr\/wp-json\/wp\/v2\/product\/2420\/revisions"}],"wp:featuredmedia":[{"embeddable":true,"href":"https:\/\/inkskin.nl\/fr\/wp-json\/wp\/v2\/media\/1538"}],"wp:attachment":[{"href":"https:\/\/inkskin.nl\/fr\/wp-json\/wp\/v2\/media?parent=2420"}],"wp:term":[{"taxonomy":"product_brand","embeddable":true,"href":"https:\/\/inkskin.nl\/fr\/wp-json\/wp\/v2\/product_brand?post=2420"},{"taxonomy":"product_cat","embeddable":true,"href":"https:\/\/inkskin.nl\/fr\/wp-json\/wp\/v2\/product_cat?post=2420"},{"taxonomy":"product_tag","embeddable":true,"href":"https:\/\/inkskin.nl\/fr\/wp-json\/wp\/v2\/product_tag?post=2420"}],"curies":[{"name":"wp","href":"https:\/\/api.w.org\/{rel}","templated":true}]}}