{"id":2419,"date":"2024-03-27T09:48:48","date_gmt":"2024-03-27T09:48:48","guid":{"rendered":"https:\/\/inkskin.nl\/products\/cartouche-de-soie-1207-rs\/"},"modified":"2025-04-08T13:31:03","modified_gmt":"2025-04-08T13:31:03","slug":"cartouche-de-soie-1207-rs","status":"publish","type":"product","link":"https:\/\/inkskin.nl\/fr\/products\/cartouche-de-soie-1207-rs\/","title":{"rendered":"Cartouche de soie 1207 RS"},"content":{"rendered":"<p>D\u00e9couvrez les cartouches Silk, l&rsquo;outil id\u00e9al pour tout artiste tatoueur. Ces cartouches ont \u00e9t\u00e9 soigneusement d\u00e9velopp\u00e9es et test\u00e9es par des artistes afin que vous puissiez obtenir les meilleurs r\u00e9sultats. Gr\u00e2ce \u00e0 leur prise en main ergonomique, ils sont comme une extension de votre main, vous permettant de tatouer confortablement pendant des heures.  <\/p>\n<p>  Que vous souhaitiez cr\u00e9er des lignes fines ou des ombres d\u00e9taill\u00e9es, les cartouches Silk vous offrent un contr\u00f4le ultime. La stabilit\u00e9 de l&rsquo;aiguille vous permet de faire chaque mouvement avec pr\u00e9cision. De plus, nos cartouches sont conformes \u00e0 la derni\u00e8re norme NEN, ce qui vous garantit une qualit\u00e9 et une durabilit\u00e9 optimales.<\/p>\n<p>  Avec les cartouches Silk, vous prolongez non seulement la dur\u00e9e de vie de votre \u00e9quipement, mais aussi la satisfaction de vos clients. En tant qu&rsquo;artiste heureux, vous garantissez des r\u00e9sultats magnifiques et professionnels. Qu&rsquo;attendez-vous ? Ajoutez les cartouches Silk \u00e0 votre collection et d\u00e9couvrez la diff\u00e9rence.<\/p>\n<p><strong>Qu&rsquo;est-ce qui diff\u00e9rencie les cartouches Silk des autres aiguilles de tatouage sur le march\u00e9 ?<\/strong><br \/>\n  Les cartouches Silk ont \u00e9t\u00e9 soigneusement d\u00e9velopp\u00e9es et test\u00e9es par des artistes, ce qui leur permet de fournir les meilleurs r\u00e9sultats. Ils sont dot\u00e9s d&rsquo;une poign\u00e9e ergonomique souple pour un tatouage confortable et offrent un contr\u00f4le optimal pour les travaux de trac\u00e9 fin et les ombrages d\u00e9taill\u00e9s. En outre, ils sont conformes \u00e0 la norme NEN la plus r\u00e9cente, ce qui garantit une qualit\u00e9 et une durabilit\u00e9 optimales.<\/p>\n<p><strong>Quels sont les avantages de l&rsquo;utilisation des cartouches de soie ?<\/strong><br \/>\n  L&rsquo;utilisation des cartouches Silk prolonge non seulement la dur\u00e9e de vie de votre \u00e9quipement, mais aussi la satisfaction de vos clients. Ils garantissent un ajustement stable et des mouvements pr\u00e9cis, ce qui vous permet d&rsquo;obtenir des r\u00e9sultats magnifiques et professionnels. De plus, ils offrent un confort pendant le tatouage et sont de haute qualit\u00e9, ce qui garantit des clients satisfaits et une bonne r\u00e9putation en tant que tatoueur.<\/p>\n<p><strong>Les cartouches Silk conviennent-elles \u00e0 tous les styles de tatouage ?<\/strong><br \/>\n  Oui, les cartouches Silk conviennent \u00e0 tous les styles de tatouage. Que vous souhaitiez cr\u00e9er des lignes fines ou des ombres d\u00e9taill\u00e9es, les cartouches offrent un contr\u00f4le et une pr\u00e9cision ultimes. D\u00e9velopp\u00e9s par des artistes, ils sont stables et vous permettent d&rsquo;obtenir la qualit\u00e9 et les d\u00e9tails que vous souhaitez. Qu&rsquo;ils soient traditionnels, r\u00e9alistes ou d&rsquo;autres st<\/p>\n","protected":false},"excerpt":{"rendered":"<p>D\u00e9couvrez les cartouches Silk, l&rsquo;outil id\u00e9al pour tout artiste tatoueur. Ces cartouches ont \u00e9t\u00e9 soigneusement d\u00e9velopp\u00e9es et test\u00e9es par des artistes afin que vous puissiez obtenir les meilleurs r\u00e9sultats. Gr\u00e2ce \u00e0 leur prise en main ergonomique, ils sont comme une extension de votre main, vous permettant de tatouer confortablement pendant des heures. Que vous souhaitiez [&hellip;]<\/p>\n","protected":false},"featured_media":1528,"template":"","meta":{"_acf_changed":false},"product_brand":[],"product_cat":[160,217],"product_tag":[221,164,220,166],"class_list":{"0":"post-2419","1":"product","2":"type-product","3":"status-publish","4":"has-post-thumbnail","6":"product_cat-aiguilles-cartouche","7":"product_cat-cartouches-de-soie","8":"product_tag-035-mm","9":"product_tag-cone-long-fr","10":"product_tag-epaisseur-de-laiguille-12","11":"product_tag-ombres-rondes","13":"first","14":"instock","15":"taxable","16":"shipping-taxable","17":"purchasable","18":"product-type-simple"},"ams_default_variation_id":0,"ams_product_points_reward":[],"ams_product_discount_percentage":0,"ams_price_to_display":21.45,"ams_acf":[],"acf":[],"_links":{"self":[{"href":"https:\/\/inkskin.nl\/fr\/wp-json\/wp\/v2\/product\/2419","targetHints":{"allow":["GET"]}}],"collection":[{"href":"https:\/\/inkskin.nl\/fr\/wp-json\/wp\/v2\/product"}],"about":[{"href":"https:\/\/inkskin.nl\/fr\/wp-json\/wp\/v2\/types\/product"}],"version-history":[{"count":0,"href":"https:\/\/inkskin.nl\/fr\/wp-json\/wp\/v2\/product\/2419\/revisions"}],"wp:featuredmedia":[{"embeddable":true,"href":"https:\/\/inkskin.nl\/fr\/wp-json\/wp\/v2\/media\/1528"}],"wp:attachment":[{"href":"https:\/\/inkskin.nl\/fr\/wp-json\/wp\/v2\/media?parent=2419"}],"wp:term":[{"taxonomy":"product_brand","embeddable":true,"href":"https:\/\/inkskin.nl\/fr\/wp-json\/wp\/v2\/product_brand?post=2419"},{"taxonomy":"product_cat","embeddable":true,"href":"https:\/\/inkskin.nl\/fr\/wp-json\/wp\/v2\/product_cat?post=2419"},{"taxonomy":"product_tag","embeddable":true,"href":"https:\/\/inkskin.nl\/fr\/wp-json\/wp\/v2\/product_tag?post=2419"}],"curies":[{"name":"wp","href":"https:\/\/api.w.org\/{rel}","templated":true}]}}