{"id":2418,"date":"2024-03-27T09:48:54","date_gmt":"2024-03-27T09:48:54","guid":{"rendered":"https:\/\/inkskin.nl\/products\/cartouche-de-soie-1207-rl\/"},"modified":"2025-04-08T13:31:03","modified_gmt":"2025-04-08T13:31:03","slug":"cartouche-de-soie-1207-rl","status":"publish","type":"product","link":"https:\/\/inkskin.nl\/fr\/products\/cartouche-de-soie-1207-rl\/","title":{"rendered":"Cartouche de soie 1207 RL"},"content":{"rendered":"<p>Avec les cartouches Silk, vous \u00eates assur\u00e9, en tant qu&rsquo;artiste, de b\u00e9n\u00e9ficier de la meilleure qualit\u00e9 et d&rsquo;un contr\u00f4le ultime lors du tatouage. Nos cartouches ont \u00e9t\u00e9 longuement test\u00e9es et perfectionn\u00e9es par des professionnels, afin que vous puissiez vous concentrer pleinement sur votre travail artistique. Gr\u00e2ce \u00e0 la poign\u00e9e ergonomique, les cartouches tiennent parfaitement dans la main et vous pouvez passer des heures \u00e0 tatouer sans probl\u00e8me. Que vous r\u00e9alisiez des travaux au trait fin ou des dessins d\u00e9taill\u00e9s, les cartouches Silk vous permettent de garder un contr\u00f4le total. De plus, nos cartouches sont conformes \u00e0 la derni\u00e8re norme NEN, ce qui garantit une plus longue dur\u00e9e de vie \u00e0 votre \u00e9quipement. En bref, avec Silk Cartridges, vous ne ferez pas que des heureux parmi vos clients, mais vous serez \u00e9galement combl\u00e9 en tant qu&rsquo;artiste. Essayez-les d\u00e8s maintenant et constatez la diff\u00e9rence !<\/p>\n<p><strong>Quel est l&rsquo;avantage des cartouches Silk par rapport aux autres cartouches de tatouage ?<\/strong><br \/>\n  Les cartouches Silk offrent la meilleure qualit\u00e9 et un contr\u00f4le ultime lors du tatouage. Elles ont \u00e9t\u00e9 largement test\u00e9es et perfectionn\u00e9es par des professionnels, ce qui signifie que vous pouvez vous concentrer pleinement sur votre travail artistique sans avoir \u00e0 vous soucier de la qualit\u00e9 des cartouches.<\/p>\n<p><strong>Les cartouches de soie conviennent-elles \u00e0 tous les types de motifs de tatouage ?<\/strong><br \/>\n  Oui, les cartouches de soie conviennent aussi bien pour les travaux au trait fin que pour les dessins d\u00e9taill\u00e9s. Avec ces cartouches, vous gardez toujours le contr\u00f4le ultime, quel que soit le type de dessin que vous cr\u00e9ez.<\/p>\n<p><strong>Les cartouches Silk r\u00e9pondent-elles aux normes les plus r\u00e9centes en mati\u00e8re d&rsquo;\u00e9quipement de tatouage ?<\/strong><br \/>\n  Oui, les cartouches Silk sont conformes aux derni\u00e8res normes NEN. Vous \u00eates ainsi assur\u00e9 d&rsquo;une plus grande long\u00e9vit\u00e9 de votre mat\u00e9riel de tatouage. Vous pouvez donc profiter plus longtemps des cartouches et de vos \u0153uvres d&rsquo;art sans vous soucier de la qualit\u00e9.<\/p>\n","protected":false},"excerpt":{"rendered":"<p>Avec les cartouches Silk, vous \u00eates assur\u00e9, en tant qu&rsquo;artiste, de b\u00e9n\u00e9ficier de la meilleure qualit\u00e9 et d&rsquo;un contr\u00f4le ultime lors du tatouage. Nos cartouches ont \u00e9t\u00e9 longuement test\u00e9es et perfectionn\u00e9es par des professionnels, afin que vous puissiez vous concentrer pleinement sur votre travail artistique. Gr\u00e2ce \u00e0 la poign\u00e9e ergonomique, les cartouches tiennent parfaitement dans [&hellip;]<\/p>\n","protected":false},"featured_media":1536,"template":"","meta":{"_acf_changed":false},"product_brand":[],"product_cat":[160,217],"product_tag":[221,164,174,220],"class_list":{"0":"post-2418","1":"product","2":"type-product","3":"status-publish","4":"has-post-thumbnail","6":"product_cat-aiguilles-cartouche","7":"product_cat-cartouches-de-soie","8":"product_tag-035-mm","9":"product_tag-cone-long-fr","10":"product_tag-doublure-ronde-fr","11":"product_tag-epaisseur-de-laiguille-12","13":"first","14":"instock","15":"taxable","16":"shipping-taxable","17":"purchasable","18":"product-type-simple"},"ams_default_variation_id":0,"ams_product_points_reward":[],"ams_product_discount_percentage":0,"ams_price_to_display":21.45,"ams_acf":[],"acf":[],"_links":{"self":[{"href":"https:\/\/inkskin.nl\/fr\/wp-json\/wp\/v2\/product\/2418","targetHints":{"allow":["GET"]}}],"collection":[{"href":"https:\/\/inkskin.nl\/fr\/wp-json\/wp\/v2\/product"}],"about":[{"href":"https:\/\/inkskin.nl\/fr\/wp-json\/wp\/v2\/types\/product"}],"version-history":[{"count":0,"href":"https:\/\/inkskin.nl\/fr\/wp-json\/wp\/v2\/product\/2418\/revisions"}],"wp:featuredmedia":[{"embeddable":true,"href":"https:\/\/inkskin.nl\/fr\/wp-json\/wp\/v2\/media\/1536"}],"wp:attachment":[{"href":"https:\/\/inkskin.nl\/fr\/wp-json\/wp\/v2\/media?parent=2418"}],"wp:term":[{"taxonomy":"product_brand","embeddable":true,"href":"https:\/\/inkskin.nl\/fr\/wp-json\/wp\/v2\/product_brand?post=2418"},{"taxonomy":"product_cat","embeddable":true,"href":"https:\/\/inkskin.nl\/fr\/wp-json\/wp\/v2\/product_cat?post=2418"},{"taxonomy":"product_tag","embeddable":true,"href":"https:\/\/inkskin.nl\/fr\/wp-json\/wp\/v2\/product_tag?post=2418"}],"curies":[{"name":"wp","href":"https:\/\/api.w.org\/{rel}","templated":true}]}}