{"id":2417,"date":"2024-03-27T09:48:47","date_gmt":"2024-03-27T09:48:47","guid":{"rendered":"https:\/\/inkskin.nl\/products\/cartouche-de-soie-1209-rs\/"},"modified":"2025-01-04T12:52:48","modified_gmt":"2025-01-04T12:52:48","slug":"cartouche-de-soie-1209-rs","status":"publish","type":"product","link":"https:\/\/inkskin.nl\/fr\/products\/cartouche-de-soie-1209-rs\/","title":{"rendered":"Cartouche de soie 1209 RS"},"content":{"rendered":"<p>D\u00e9couvrez la perfection avec les cartouches de soie ! Ces cartouches ont \u00e9t\u00e9 sp\u00e9cialement test\u00e9es et perfectionn\u00e9es par des artistes, ce qui leur conf\u00e8re une qualit\u00e9 in\u00e9gal\u00e9e. Gr\u00e2ce \u00e0 leur poign\u00e9e ergonomique, ces cartouches tiennent parfaitement dans la main, ce qui facilite les heures de tatouage. Que vous souhaitiez cr\u00e9er des lignes fines ou des dessins d\u00e9taill\u00e9s, les cartouches Silk vous permettent de garder le contr\u00f4le. De plus, nos cartouches sont conformes \u00e0 la derni\u00e8re norme NEN, ce qui garantit une plus longue dur\u00e9e de vie \u00e0 votre \u00e9quipement. Choisissez Silk Cartridges et profitez de clients satisfaits et d&rsquo;un sourire sur le visage de chaque artiste. Optez pour la perfection et choisissez la soie !<\/p>\n<p><strong>Comment les cartouches Silk ont-elles \u00e9t\u00e9 test\u00e9es et perfectionn\u00e9es ?<\/strong><br \/>\n  Les cartouches Silk sont sp\u00e9cialement test\u00e9es et perfectionn\u00e9es par des artistes pour offrir une qualit\u00e9 in\u00e9gal\u00e9e.<\/p>\n<p><strong>Les cartouches Silk s&rsquo;adaptent-elles correctement \u00e0 ma main ?<\/strong><br \/>\n  Oui, gr\u00e2ce \u00e0 la poign\u00e9e ergonomique, les cartouches Silk tiennent parfaitement dans la main et assurent le confort pendant le tatouage.<\/p>\n<p><strong>Les cartouches Silk sont-elles conformes aux derni\u00e8res normes NEN ?<\/strong><br \/>\n  Oui, les cartouches Silk sont conformes aux derni\u00e8res normes NEN, ce qui prolonge la dur\u00e9e de vie de votre \u00e9quipement de tatouage.<\/p>\n","protected":false},"excerpt":{"rendered":"<p>D\u00e9couvrez la perfection avec les cartouches de soie ! Ces cartouches ont \u00e9t\u00e9 sp\u00e9cialement test\u00e9es et perfectionn\u00e9es par des artistes, ce qui leur conf\u00e8re une qualit\u00e9 in\u00e9gal\u00e9e. Gr\u00e2ce \u00e0 leur poign\u00e9e ergonomique, ces cartouches tiennent parfaitement dans la main, ce qui facilite les heures de tatouage. Que vous souhaitiez cr\u00e9er des lignes fines ou des [&hellip;]<\/p>\n","protected":false},"featured_media":1526,"template":"","meta":{"_acf_changed":false},"product_brand":[],"product_cat":[160,217],"product_tag":[221,164,220,166],"class_list":{"0":"post-2417","1":"product","2":"type-product","3":"status-publish","4":"has-post-thumbnail","6":"product_cat-aiguilles-cartouche","7":"product_cat-cartouches-de-soie","8":"product_tag-035-mm","9":"product_tag-cone-long-fr","10":"product_tag-epaisseur-de-laiguille-12","11":"product_tag-ombres-rondes","13":"first","14":"instock","15":"taxable","16":"shipping-taxable","17":"purchasable","18":"product-type-simple"},"ams_default_variation_id":0,"ams_product_points_reward":[],"ams_product_discount_percentage":0,"ams_price_to_display":21.45,"ams_acf":[],"acf":[],"_links":{"self":[{"href":"https:\/\/inkskin.nl\/fr\/wp-json\/wp\/v2\/product\/2417","targetHints":{"allow":["GET"]}}],"collection":[{"href":"https:\/\/inkskin.nl\/fr\/wp-json\/wp\/v2\/product"}],"about":[{"href":"https:\/\/inkskin.nl\/fr\/wp-json\/wp\/v2\/types\/product"}],"version-history":[{"count":0,"href":"https:\/\/inkskin.nl\/fr\/wp-json\/wp\/v2\/product\/2417\/revisions"}],"wp:featuredmedia":[{"embeddable":true,"href":"https:\/\/inkskin.nl\/fr\/wp-json\/wp\/v2\/media\/1526"}],"wp:attachment":[{"href":"https:\/\/inkskin.nl\/fr\/wp-json\/wp\/v2\/media?parent=2417"}],"wp:term":[{"taxonomy":"product_brand","embeddable":true,"href":"https:\/\/inkskin.nl\/fr\/wp-json\/wp\/v2\/product_brand?post=2417"},{"taxonomy":"product_cat","embeddable":true,"href":"https:\/\/inkskin.nl\/fr\/wp-json\/wp\/v2\/product_cat?post=2417"},{"taxonomy":"product_tag","embeddable":true,"href":"https:\/\/inkskin.nl\/fr\/wp-json\/wp\/v2\/product_tag?post=2417"}],"curies":[{"name":"wp","href":"https:\/\/api.w.org\/{rel}","templated":true}]}}