{"id":2416,"date":"2024-03-27T09:48:45","date_gmt":"2024-03-27T09:48:45","guid":{"rendered":"https:\/\/inkskin.nl\/products\/cartouche-de-soie-1207-m1\/"},"modified":"2024-03-27T09:48:45","modified_gmt":"2024-03-27T09:48:45","slug":"cartouche-de-soie-1207-m1","status":"publish","type":"product","link":"https:\/\/inkskin.nl\/fr\/products\/cartouche-de-soie-1207-m1\/","title":{"rendered":"Cartouche de soie 1207 M1"},"content":{"rendered":"<p>D\u00e9couvrez la r\u00e9volution dans l&rsquo;industrie du tatouage avec les cartouches Silk ! Ces cartouches ont \u00e9t\u00e9 sp\u00e9cialement d\u00e9velopp\u00e9es et largement test\u00e9es par des artistes. Gr\u00e2ce \u00e0 leur poign\u00e9e ergonomique, ils s&rsquo;adaptent parfaitement \u00e0 vos doigts et vous permettent de tatouer sans probl\u00e8me pendant des heures. Que vous fassiez un travail au trait fin ou un tatouage d\u00e9taill\u00e9, avec les cartouches Silk vous gardez toujours un contr\u00f4le ultime.  <\/p>\n<p>  En outre, nos cartouches sont conformes \u00e0 la derni\u00e8re norme NEN, gr\u00e2ce \u00e0 nos contr\u00f4les de qualit\u00e9 approfondis et \u00e0 nos d\u00e9veloppements. Cela signifie que vous b\u00e9n\u00e9ficiez non seulement d&rsquo;une plus longue dur\u00e9e de vie de votre \u00e9quipement, mais aussi de clients satisfaits et d&rsquo;un artiste heureux.  <\/p>\n<p>  Choisissez la pointe longue, Magnum, \u00e9paisseur d&rsquo;aiguille 12 (0,35 mm) et d\u00e9couvrez par vous-m\u00eame les avantages des cartouches de soie. Repoussez vos limites et cr\u00e9ez de magnifiques chefs-d&rsquo;\u0153uvre avec ces cartouches de haute qualit\u00e9. Commandez-les d\u00e8s maintenant et laissez-vous surprendre par la qualit\u00e9 et la convivialit\u00e9 des cartouches Silk !<\/p>\n<p><strong>Quels sont les avantages des cartouches Silk par rapport aux autres cartouches de tatouage ?<\/strong><br \/>\n  Les cartouches Silk sont sp\u00e9cialement d\u00e9velopp\u00e9es et largement test\u00e9es par les artistes, r\u00e9pondant aux normes de qualit\u00e9 les plus \u00e9lev\u00e9es de l&rsquo;industrie du tatouage. Ils sont dot\u00e9s d&rsquo;une poign\u00e9e ergonomique souple qui s&rsquo;adapte parfaitement \u00e0 vos doigts, ce qui permet de travailler confortablement pendant de longues p\u00e9riodes. En outre, ils offrent un contr\u00f4le ultime, que vous r\u00e9alisiez des traits fins ou des tatouages d\u00e9taill\u00e9s.<\/p>\n<p><strong>Les cartouches Silk r\u00e9pondent-elles aux derni\u00e8res normes de qualit\u00e9 et de s\u00e9curit\u00e9 ?<\/strong><br \/>\n  Oui, les cartouches Silk sont conformes \u00e0 la derni\u00e8re norme NEN gr\u00e2ce \u00e0 des contr\u00f4les de qualit\u00e9 et des d\u00e9veloppements approfondis. Cela signifie que vous profiterez non seulement d&rsquo;une plus longue dur\u00e9e de vie de votre \u00e9quipement, mais aussi de clients satisfaits et d&rsquo;un artiste heureux.<\/p>\n<p><strong>Quelles sont les sp\u00e9cifications des cartouches de soie disponibles ?<\/strong><br \/>\n  Les cartouches de soie disponibles ont un long c\u00f4ne, un magnum et une \u00e9paisseur d&rsquo;aiguille de 12 (0,35 mm). Ces sp\u00e9cifications permettent aux tatoueurs de cr\u00e9er de magnifiques chefs-d&rsquo;\u0153uvre avec les cartouches Silk de haute qualit\u00e9.<\/p>\n","protected":false},"excerpt":{"rendered":"<p>D\u00e9couvrez la r\u00e9volution dans l&rsquo;industrie du tatouage avec les cartouches Silk ! Ces cartouches ont \u00e9t\u00e9 sp\u00e9cialement d\u00e9velopp\u00e9es et largement test\u00e9es par des artistes. Gr\u00e2ce \u00e0 leur poign\u00e9e ergonomique, ils s&rsquo;adaptent parfaitement \u00e0 vos doigts et vous permettent de tatouer sans probl\u00e8me pendant des heures. Que vous fassiez un travail au trait fin ou un [&hellip;]<\/p>\n","protected":false},"featured_media":1524,"template":"","meta":{"_acf_changed":false},"product_brand":[],"product_cat":[160,217],"product_tag":[221,164,220,177],"class_list":{"0":"post-2416","1":"product","2":"type-product","3":"status-publish","4":"has-post-thumbnail","6":"product_cat-aiguilles-cartouche","7":"product_cat-cartouches-de-soie","8":"product_tag-035-mm","9":"product_tag-cone-long-fr","10":"product_tag-epaisseur-de-laiguille-12","11":"product_tag-magnum-fr-2","13":"first","14":"instock","15":"taxable","16":"shipping-taxable","17":"purchasable","18":"product-type-simple"},"ams_default_variation_id":0,"ams_product_points_reward":[],"ams_product_discount_percentage":0,"ams_price_to_display":21.45,"ams_acf":[],"acf":[],"_links":{"self":[{"href":"https:\/\/inkskin.nl\/fr\/wp-json\/wp\/v2\/product\/2416","targetHints":{"allow":["GET"]}}],"collection":[{"href":"https:\/\/inkskin.nl\/fr\/wp-json\/wp\/v2\/product"}],"about":[{"href":"https:\/\/inkskin.nl\/fr\/wp-json\/wp\/v2\/types\/product"}],"version-history":[{"count":0,"href":"https:\/\/inkskin.nl\/fr\/wp-json\/wp\/v2\/product\/2416\/revisions"}],"wp:featuredmedia":[{"embeddable":true,"href":"https:\/\/inkskin.nl\/fr\/wp-json\/wp\/v2\/media\/1524"}],"wp:attachment":[{"href":"https:\/\/inkskin.nl\/fr\/wp-json\/wp\/v2\/media?parent=2416"}],"wp:term":[{"taxonomy":"product_brand","embeddable":true,"href":"https:\/\/inkskin.nl\/fr\/wp-json\/wp\/v2\/product_brand?post=2416"},{"taxonomy":"product_cat","embeddable":true,"href":"https:\/\/inkskin.nl\/fr\/wp-json\/wp\/v2\/product_cat?post=2416"},{"taxonomy":"product_tag","embeddable":true,"href":"https:\/\/inkskin.nl\/fr\/wp-json\/wp\/v2\/product_tag?post=2416"}],"curies":[{"name":"wp","href":"https:\/\/api.w.org\/{rel}","templated":true}]}}