{"id":2415,"date":"2024-03-27T09:48:52","date_gmt":"2024-03-27T09:48:52","guid":{"rendered":"https:\/\/inkskin.nl\/products\/cartouche-de-soie-1009-rl\/"},"modified":"2025-01-04T12:52:47","modified_gmt":"2025-01-04T12:52:47","slug":"cartouche-de-soie-1009-rl","status":"publish","type":"product","link":"https:\/\/inkskin.nl\/fr\/products\/cartouche-de-soie-1009-rl\/","title":{"rendered":"Cartouche de soie 1009 RL"},"content":{"rendered":"<p>Vous \u00eates \u00e0 la recherche des cartouches de tatouage id\u00e9ales ? Dans ce cas, les cartouches Silk sont exactement ce qu&rsquo;il vous faut ! Ces cartouches ont \u00e9t\u00e9 largement test\u00e9es et perfectionn\u00e9es par des artistes, ce qui vous garantit une qualit\u00e9 optimale.  <\/p>\n<p>  Les cartouches Silk sont dot\u00e9es d&rsquo;une poign\u00e9e ergonomique souple qui s&rsquo;adapte parfaitement \u00e0 vos doigts, ce qui vous permet de tatouer pendant des heures sans probl\u00e8me. La bonne prise en main et la stabilit\u00e9 de l&rsquo;aiguille vous donnent un contr\u00f4le ultime, m\u00eame pour les travaux de pr\u00e9cision.  <\/p>\n<p> Mais ce n&rsquo;est pas tout ! Les cartouches Silk sont \u00e9galement conformes \u00e0 la derni\u00e8re norme NEN, gr\u00e2ce \u00e0 nos contr\u00f4les de qualit\u00e9 et \u00e0 nos d\u00e9veloppements approfondis. Ce faisant, nous prolongeons non seulement la dur\u00e9e de vie de votre \u00e9quipement, mais aussi la satisfaction de vos clients et de vos artistes.  <\/p>\n<p>  Choisissez les cartouches de soie avec un long c\u00f4ne et une \u00e9paisseur d&rsquo;aiguille de 10 (0,30 mm) pour une pr\u00e9cision parfaite lors du tatouage. Commandez-les d\u00e8s aujourd&rsquo;hui et d\u00e9couvrez par vous-m\u00eame les avantages de ces cartouches exceptionnelles !<\/p>\n<p><strong>Qu&rsquo;est-ce qui diff\u00e9rencie les cartouches Silk des autres cartouches de tatouage disponibles sur le march\u00e9 ?<\/strong><br \/>\n  Les cartouches de soie ont \u00e9t\u00e9 longuement test\u00e9es et perfectionn\u00e9es par des artistes, ce qui leur conf\u00e8re la plus haute qualit\u00e9. Ils sont dot\u00e9s d&rsquo;une poign\u00e9e ergonomique souple et d&rsquo;une tenue stable pour un contr\u00f4le optimal, m\u00eame pour les travaux de tra\u00e7age fin.<\/p>\n<p><strong>Les cartouches de soie r\u00e9pondent-elles \u00e0 des normes reconnues ?<\/strong><br \/>\n  Oui, les cartouches Silk sont conformes \u00e0 la derni\u00e8re norme NEN gr\u00e2ce \u00e0 des contr\u00f4les de qualit\u00e9 et des d\u00e9veloppements approfondis. Cela permet de prolonger la dur\u00e9e de vie de votre \u00e9quipement et de satisfaire les clients et les artistes.<\/p>\n<p><strong>Quelles sont les sp\u00e9cifications des cartouches Silk pour une pr\u00e9cision optimale lors du tatouage ?<\/strong><br \/>\n  Les cartouches Silk ont un long c\u00f4ne et une \u00e9paisseur d&rsquo;aiguille de 10 (0,30 mm), offrant une pr\u00e9cision parfaite lors du tatouage. Ils sont sp\u00e9cialement con\u00e7us pour r\u00e9pondre aux besoins des artistes.<\/p>\n","protected":false},"excerpt":{"rendered":"<p>Vous \u00eates \u00e0 la recherche des cartouches de tatouage id\u00e9ales ? Dans ce cas, les cartouches Silk sont exactement ce qu&rsquo;il vous faut ! Ces cartouches ont \u00e9t\u00e9 largement test\u00e9es et perfectionn\u00e9es par des artistes, ce qui vous garantit une qualit\u00e9 optimale. Les cartouches Silk sont dot\u00e9es d&rsquo;une poign\u00e9e ergonomique souple qui s&rsquo;adapte parfaitement \u00e0 [&hellip;]<\/p>\n","protected":false},"featured_media":1534,"template":"","meta":{"_acf_changed":false},"product_brand":[],"product_cat":[160,217],"product_tag":[169,164,174,167],"class_list":{"0":"post-2415","1":"product","2":"type-product","3":"status-publish","4":"has-post-thumbnail","6":"product_cat-aiguilles-cartouche","7":"product_cat-cartouches-de-soie","8":"product_tag-030-mm-fr","9":"product_tag-cone-long-fr","10":"product_tag-doublure-ronde-fr","11":"product_tag-epaisseur-de-laiguille-10","13":"first","14":"instock","15":"taxable","16":"shipping-taxable","17":"purchasable","18":"product-type-simple"},"ams_default_variation_id":0,"ams_product_points_reward":[],"ams_product_discount_percentage":0,"ams_price_to_display":21.45,"ams_acf":[],"acf":[],"_links":{"self":[{"href":"https:\/\/inkskin.nl\/fr\/wp-json\/wp\/v2\/product\/2415","targetHints":{"allow":["GET"]}}],"collection":[{"href":"https:\/\/inkskin.nl\/fr\/wp-json\/wp\/v2\/product"}],"about":[{"href":"https:\/\/inkskin.nl\/fr\/wp-json\/wp\/v2\/types\/product"}],"version-history":[{"count":0,"href":"https:\/\/inkskin.nl\/fr\/wp-json\/wp\/v2\/product\/2415\/revisions"}],"wp:featuredmedia":[{"embeddable":true,"href":"https:\/\/inkskin.nl\/fr\/wp-json\/wp\/v2\/media\/1534"}],"wp:attachment":[{"href":"https:\/\/inkskin.nl\/fr\/wp-json\/wp\/v2\/media?parent=2415"}],"wp:term":[{"taxonomy":"product_brand","embeddable":true,"href":"https:\/\/inkskin.nl\/fr\/wp-json\/wp\/v2\/product_brand?post=2415"},{"taxonomy":"product_cat","embeddable":true,"href":"https:\/\/inkskin.nl\/fr\/wp-json\/wp\/v2\/product_cat?post=2415"},{"taxonomy":"product_tag","embeddable":true,"href":"https:\/\/inkskin.nl\/fr\/wp-json\/wp\/v2\/product_tag?post=2415"}],"curies":[{"name":"wp","href":"https:\/\/api.w.org\/{rel}","templated":true}]}}