{"id":2414,"date":"2024-03-27T09:48:43","date_gmt":"2024-03-27T09:48:43","guid":{"rendered":"https:\/\/inkskin.nl\/products\/cartouche-de-soie-1005-cm\/"},"modified":"2024-03-27T09:48:43","modified_gmt":"2024-03-27T09:48:43","slug":"cartouche-de-soie-1005-cm","status":"publish","type":"product","link":"https:\/\/inkskin.nl\/fr\/products\/cartouche-de-soie-1005-cm\/","title":{"rendered":"Cartouche de soie 1005 CM"},"content":{"rendered":"<p>Voici les cartouches Silk, l&rsquo;outil id\u00e9al pour les artistes comme vous. Ces cartouches ont \u00e9t\u00e9 test\u00e9es et perfectionn\u00e9es avec amour par des tatoueurs professionnels. Vous pouvez donc leur faire confiance pour r\u00e9pondre \u00e0 toutes vos exigences. Dot\u00e9s d&rsquo;une poign\u00e9e ergonomique souple, ils s&rsquo;adaptent parfaitement \u00e0 vos doigts, vous permettant de tatouer sans effort pendant des heures. Que vous fassiez un travail au trait fin ou des dessins plus d\u00e9taill\u00e9s, la bonne prise en main de l&rsquo;aiguille et sa stabilit\u00e9 vous donnent un contr\u00f4le ultime. Et le meilleur de tous ? Nos cartouches de soie sont conformes \u00e0 la derni\u00e8re norme NEN, gr\u00e2ce \u00e0 nos contr\u00f4les de qualit\u00e9 stricts et \u00e0 nos innovations. Cela signifie une plus longue dur\u00e9e de vie de votre \u00e9quipement, des clients satisfaits et, surtout, un artiste heureux. Essayez notre Magnum courbe avec une \u00e9paisseur d&rsquo;aiguille de 10 (0,30 mm) et d\u00e9couvrez la diff\u00e9rence que la soie peut apporter \u00e0 votre \u0153uvre d&rsquo;art.<\/p>\n<p><strong>Quels sont les tatoueurs professionnels qui ont test\u00e9 et perfectionn\u00e9 les cartouches Silk ?<\/strong><br \/>\n  Les cartouches Silk ont \u00e9t\u00e9 test\u00e9es et perfectionn\u00e9es par des tatoueurs professionnels.<\/p>\n<p><strong>Quelle est la dur\u00e9e de vie de l&rsquo;\u00e9quipement lorsque l&rsquo;on utilise les cartouches de soie ?<\/strong><br \/>\n  Gr\u00e2ce \u00e0 des contr\u00f4les de qualit\u00e9 stricts et \u00e0 des innovations, les cartouches Silk r\u00e9pondent aux derni\u00e8res normes NEN, ce qui prolonge la dur\u00e9e de vie de votre \u00e9quipement.<\/p>\n<p><strong>Quelle est l&rsquo;\u00e9paisseur de l&rsquo;aiguille de la cartouche de soie Magnum Curved ?<\/strong><br \/>\n  La cartouche de soie Magnum incurv\u00e9e a une \u00e9paisseur d&rsquo;aiguille de 10 (0,30 mm).<\/p>\n","protected":false},"excerpt":{"rendered":"<p>Voici les cartouches Silk, l&rsquo;outil id\u00e9al pour les artistes comme vous. Ces cartouches ont \u00e9t\u00e9 test\u00e9es et perfectionn\u00e9es avec amour par des tatoueurs professionnels. Vous pouvez donc leur faire confiance pour r\u00e9pondre \u00e0 toutes vos exigences. Dot\u00e9s d&rsquo;une poign\u00e9e ergonomique souple, ils s&rsquo;adaptent parfaitement \u00e0 vos doigts, vous permettant de tatouer sans effort pendant des [&hellip;]<\/p>\n","protected":false},"featured_media":1522,"template":"","meta":{"_acf_changed":false},"product_brand":[],"product_cat":[160,217],"product_tag":[169,167,165],"class_list":{"0":"post-2414","1":"product","2":"type-product","3":"status-publish","4":"has-post-thumbnail","6":"product_cat-aiguilles-cartouche","7":"product_cat-cartouches-de-soie","8":"product_tag-030-mm-fr","9":"product_tag-epaisseur-de-laiguille-10","10":"product_tag-magnum-courbe","12":"first","13":"outofstock","14":"taxable","15":"shipping-taxable","16":"purchasable","17":"product-type-simple"},"ams_default_variation_id":0,"ams_product_points_reward":[],"ams_product_discount_percentage":0,"ams_price_to_display":19.95,"ams_acf":[],"acf":[],"_links":{"self":[{"href":"https:\/\/inkskin.nl\/fr\/wp-json\/wp\/v2\/product\/2414","targetHints":{"allow":["GET"]}}],"collection":[{"href":"https:\/\/inkskin.nl\/fr\/wp-json\/wp\/v2\/product"}],"about":[{"href":"https:\/\/inkskin.nl\/fr\/wp-json\/wp\/v2\/types\/product"}],"version-history":[{"count":0,"href":"https:\/\/inkskin.nl\/fr\/wp-json\/wp\/v2\/product\/2414\/revisions"}],"wp:featuredmedia":[{"embeddable":true,"href":"https:\/\/inkskin.nl\/fr\/wp-json\/wp\/v2\/media\/1522"}],"wp:attachment":[{"href":"https:\/\/inkskin.nl\/fr\/wp-json\/wp\/v2\/media?parent=2414"}],"wp:term":[{"taxonomy":"product_brand","embeddable":true,"href":"https:\/\/inkskin.nl\/fr\/wp-json\/wp\/v2\/product_brand?post=2414"},{"taxonomy":"product_cat","embeddable":true,"href":"https:\/\/inkskin.nl\/fr\/wp-json\/wp\/v2\/product_cat?post=2414"},{"taxonomy":"product_tag","embeddable":true,"href":"https:\/\/inkskin.nl\/fr\/wp-json\/wp\/v2\/product_tag?post=2414"}],"curies":[{"name":"wp","href":"https:\/\/api.w.org\/{rel}","templated":true}]}}