{"id":2413,"date":"2024-03-27T09:48:33","date_gmt":"2024-03-27T09:48:33","guid":{"rendered":"https:\/\/inkskin.nl\/products\/gomme-a-pochoir-spray-250ml\/"},"modified":"2024-03-27T09:48:33","modified_gmt":"2024-03-27T09:48:33","slug":"gomme-a-pochoir-spray-250ml","status":"publish","type":"product","link":"https:\/\/inkskin.nl\/fr\/products\/gomme-a-pochoir-spray-250ml\/","title":{"rendered":"Gomme \u00e0 pochoir SPRAY. 250ml"},"content":{"rendered":"<p>Vous \u00eates un passionn\u00e9 de tatouage et vous souhaitez perfectionner vos dessins ? Alors d\u00e9couvrez d\u00e8s maintenant notre derni\u00e8re innovation : la gomme \u00e0 pochoir SPRAY ! Ce spray permet de retirer le pochoir de votre peau de mani\u00e8re confortable et s\u00fbre, m\u00eame apr\u00e8s le s\u00e9chage du pochoir. Fini les transferts difficiles \u00e0 enlever !<\/p>\n<p>  La gomme \u00e0 pochoir SPRAY est sp\u00e9cialement con\u00e7ue pour vous aider \u00e0 cr\u00e9er le tatouage parfait. Gr\u00e2ce \u00e0 sa contenance de 250 ml, vous pouvez utiliser ce produit pendant longtemps. C&rsquo;est l&rsquo;outil id\u00e9al pour corriger les d\u00e9fauts et les imperfections, ce qui vous permet d&rsquo;am\u00e9liorer votre design.<\/p>\n<p>  Avec la Gomme \u00e0 pochoir SPRAY, les probl\u00e8mes d&rsquo;enl\u00e8vement des transferts appartiennent d\u00e9finitivement au pass\u00e9. Ne vous souciez plus d&rsquo;enlever les pochoirs s\u00e9ch\u00e9s, car ce spray vous facilite la t\u00e2che. Optez pour la perfection et commandez d\u00e8s aujourd&rsquo;hui la Gomme \u00e0 pochoir SPRAY !<\/p>\n<p><strong>Comment fonctionne la Gomme \u00e0 pochoir SPRAY ?<\/strong><br \/>\n  Le Stencil Eraser SPRAY est un spray sp\u00e9cialement con\u00e7u pour enlever facilement et en toute s\u00e9curit\u00e9 le transfert de pochoir sur votre peau. Il vous suffit de vaporiser l&rsquo;Effaceur de pochoir SPRAY sur le tatouage et de l&rsquo;essuyer \u00e0 l&rsquo;aide d&rsquo;un chiffon ou d&rsquo;un mouchoir en papier.<\/p>\n<p><strong>La Gomme \u00e0 pochoir SPRAY peut-elle \u00e9galement enlever les pochoirs s\u00e9ch\u00e9s ?<\/strong><br \/>\n  Oui, la gomme \u00e0 pochoir SPRAY a \u00e9t\u00e9 sp\u00e9cialement con\u00e7ue pour enlever les pochoirs s\u00e9ch\u00e9s confortablement et en toute s\u00e9curit\u00e9. Vous n&rsquo;avez plus \u00e0 vous soucier des transferts difficiles \u00e0 enlever !<\/p>\n<p><strong>Combien de temps puis-je utiliser la Gomme \u00e0 pochoir SPRAY ?<\/strong><br \/>\n  La gomme \u00e0 pochoir SPRAY a une capacit\u00e9 de 250 ml, ce qui vous permet de l&rsquo;utiliser pendant longtemps. Vous pouvez utiliser le produit pour corriger les d\u00e9fauts et les imperfections et faire passer votre design au niveau sup\u00e9rieur.<\/p>\n","protected":false},"excerpt":{"rendered":"<p>Vous \u00eates un passionn\u00e9 de tatouage et vous souhaitez perfectionner vos dessins ? Alors d\u00e9couvrez d\u00e8s maintenant notre derni\u00e8re innovation : la gomme \u00e0 pochoir SPRAY ! Ce spray permet de retirer le pochoir de votre peau de mani\u00e8re confortable et s\u00fbre, m\u00eame apr\u00e8s le s\u00e9chage du pochoir. Fini les transferts difficiles \u00e0 enlever ! [&hellip;]<\/p>\n","protected":false},"featured_media":1515,"template":"","meta":{"_acf_changed":false},"product_brand":[],"product_cat":[207],"product_tag":[210,254],"class_list":{"0":"post-2413","1":"product","2":"type-product","3":"status-publish","4":"has-post-thumbnail","6":"product_cat-fournitures-pour-pochoirs","7":"product_tag-decapant-pour-pochoir","8":"product_tag-tatouage-a-laloes","10":"first","11":"instock","12":"taxable","13":"shipping-taxable","14":"purchasable","15":"product-type-simple"},"ams_default_variation_id":0,"ams_product_points_reward":[],"ams_product_discount_percentage":0,"ams_price_to_display":14,"ams_acf":[],"acf":[],"_links":{"self":[{"href":"https:\/\/inkskin.nl\/fr\/wp-json\/wp\/v2\/product\/2413","targetHints":{"allow":["GET"]}}],"collection":[{"href":"https:\/\/inkskin.nl\/fr\/wp-json\/wp\/v2\/product"}],"about":[{"href":"https:\/\/inkskin.nl\/fr\/wp-json\/wp\/v2\/types\/product"}],"version-history":[{"count":0,"href":"https:\/\/inkskin.nl\/fr\/wp-json\/wp\/v2\/product\/2413\/revisions"}],"wp:featuredmedia":[{"embeddable":true,"href":"https:\/\/inkskin.nl\/fr\/wp-json\/wp\/v2\/media\/1515"}],"wp:attachment":[{"href":"https:\/\/inkskin.nl\/fr\/wp-json\/wp\/v2\/media?parent=2413"}],"wp:term":[{"taxonomy":"product_brand","embeddable":true,"href":"https:\/\/inkskin.nl\/fr\/wp-json\/wp\/v2\/product_brand?post=2413"},{"taxonomy":"product_cat","embeddable":true,"href":"https:\/\/inkskin.nl\/fr\/wp-json\/wp\/v2\/product_cat?post=2413"},{"taxonomy":"product_tag","embeddable":true,"href":"https:\/\/inkskin.nl\/fr\/wp-json\/wp\/v2\/product_tag?post=2413"}],"curies":[{"name":"wp","href":"https:\/\/api.w.org\/{rel}","templated":true}]}}