{"id":2412,"date":"2024-03-27T09:48:41","date_gmt":"2024-03-27T09:48:41","guid":{"rendered":"https:\/\/inkskin.nl\/products\/emalla-grand-wireless-machine-course-reglable-24mm-42mm\/"},"modified":"2024-03-27T09:48:41","modified_gmt":"2024-03-27T09:48:41","slug":"emalla-grand-wireless-machine-course-reglable-24mm-42mm","status":"publish","type":"product","link":"https:\/\/inkskin.nl\/fr\/products\/emalla-grand-wireless-machine-course-reglable-24mm-42mm\/","title":{"rendered":"Emalla GRAND Wireless Machine. Course r\u00e9glable 2,4mm \/ 4,2mm"},"content":{"rendered":"<p>D\u00e9couvrez l&rsquo;Emalla GRAND, la meilleure machine \u00e0 tatouer sans fil d&rsquo;Emalla. Avec une longueur de course r\u00e9glable de 2,4 mm \u00e0 4,2 mm et un moteur puissant, cette machine offre une pr\u00e9cision et des performances ultimes.  <\/p>\n<p>  L&rsquo;Emalla GRAND est \u00e9quip\u00e9 d&rsquo;une batterie de grande capacit\u00e9 de 1800mAh, vous permettant de travailler en continu jusqu&rsquo;\u00e0 10 heures apr\u00e8s une charge compl\u00e8te. Et gr\u00e2ce \u00e0 sa batterie au lithium et \u00e0 son port de charge USB-C, l&rsquo;Emalla GRAND est enti\u00e8rement recharg\u00e9 en seulement 1,5 heure.  <\/p>\n<p>  Ce qui rend cette machine vraiment unique, c&rsquo;est la nouvelle poign\u00e9e ergonomique de 38 mm, qui vous permet de travailler confortablement et sans effort. De plus, vous pouvez facilement r\u00e9gler la longueur de la course entre 2,4 mm et 4,2 mm, ce qui vous donne un contr\u00f4le total sur le r\u00e9sultat.  <\/p>\n<p>  Choisissez l&rsquo;Emalla GRAND et d\u00e9couvrez la combinaison parfaite de fonctionnalit\u00e9, de confort et de durabilit\u00e9.<\/p>\n<p><strong>Quelle est la capacit\u00e9 de la batterie de l&rsquo;Emalla GRAND et combien de temps puis-je travailler avec ?<\/strong><br \/>\n  L&rsquo;Emalla GRAND dispose d&rsquo;une grande capacit\u00e9 de batterie de 1800mAh, vous permettant de travailler en continu jusqu&rsquo;\u00e0 10 heures apr\u00e8s une charge compl\u00e8te.<\/p>\n<p><strong>Combien de temps faut-il pour recharger l&rsquo;Emalla GRAND ?<\/strong><br \/>\n  Gr\u00e2ce \u00e0 sa batterie au lithium et \u00e0 son port de charge USB-C, l&rsquo;Emalla GRAND est enti\u00e8rement recharg\u00e9 en seulement 1,5 heure.<\/p>\n<p><strong>Puis-je r\u00e9gler la longueur de course de l&rsquo;Emalla GRAND ?<\/strong><br \/>\n  Oui, vous pouvez facilement r\u00e9gler la longueur de la course entre 2,4 mm et 4,2 mm, ce qui vous donne un contr\u00f4le total sur le r\u00e9sultat.<\/p>\n","protected":false},"excerpt":{"rendered":"<p>D\u00e9couvrez l&rsquo;Emalla GRAND, la meilleure machine \u00e0 tatouer sans fil d&rsquo;Emalla. Avec une longueur de course r\u00e9glable de 2,4 mm \u00e0 4,2 mm et un moteur puissant, cette machine offre une pr\u00e9cision et des performances ultimes. L&rsquo;Emalla GRAND est \u00e9quip\u00e9 d&rsquo;une batterie de grande capacit\u00e9 de 1800mAh, vous permettant de travailler en continu jusqu&rsquo;\u00e0 10 [&hellip;]<\/p>\n","protected":false},"featured_media":1518,"template":"","meta":{"_acf_changed":false},"product_brand":[],"product_cat":[189],"product_tag":[197,255,256],"class_list":{"0":"post-2412","1":"product","2":"type-product","3":"status-publish","4":"has-post-thumbnail","6":"product_cat-machine-a-tatouer","7":"product_tag-aiguilles-cartouche","8":"product_tag-cartouche","9":"product_tag-cartouche-de-soie","11":"first","12":"instock","13":"taxable","14":"shipping-taxable","15":"purchasable","16":"product-type-simple"},"ams_default_variation_id":0,"ams_product_points_reward":[],"ams_product_discount_percentage":0,"ams_price_to_display":549,"ams_acf":[],"acf":[],"_links":{"self":[{"href":"https:\/\/inkskin.nl\/fr\/wp-json\/wp\/v2\/product\/2412","targetHints":{"allow":["GET"]}}],"collection":[{"href":"https:\/\/inkskin.nl\/fr\/wp-json\/wp\/v2\/product"}],"about":[{"href":"https:\/\/inkskin.nl\/fr\/wp-json\/wp\/v2\/types\/product"}],"version-history":[{"count":0,"href":"https:\/\/inkskin.nl\/fr\/wp-json\/wp\/v2\/product\/2412\/revisions"}],"wp:featuredmedia":[{"embeddable":true,"href":"https:\/\/inkskin.nl\/fr\/wp-json\/wp\/v2\/media\/1518"}],"wp:attachment":[{"href":"https:\/\/inkskin.nl\/fr\/wp-json\/wp\/v2\/media?parent=2412"}],"wp:term":[{"taxonomy":"product_brand","embeddable":true,"href":"https:\/\/inkskin.nl\/fr\/wp-json\/wp\/v2\/product_brand?post=2412"},{"taxonomy":"product_cat","embeddable":true,"href":"https:\/\/inkskin.nl\/fr\/wp-json\/wp\/v2\/product_cat?post=2412"},{"taxonomy":"product_tag","embeddable":true,"href":"https:\/\/inkskin.nl\/fr\/wp-json\/wp\/v2\/product_tag?post=2412"}],"curies":[{"name":"wp","href":"https:\/\/api.w.org\/{rel}","templated":true}]}}