{"id":2411,"date":"2024-03-27T09:48:31","date_gmt":"2024-03-27T09:48:31","guid":{"rendered":"https:\/\/inkskin.nl\/products\/savon-vert-aloe-tattoo-1l\/"},"modified":"2024-03-27T09:48:31","modified_gmt":"2024-03-27T09:48:31","slug":"savon-vert-aloe-tattoo-1l","status":"publish","type":"product","link":"https:\/\/inkskin.nl\/fr\/products\/savon-vert-aloe-tattoo-1l\/","title":{"rendered":"Savon vert Aloe Tattoo 1L"},"content":{"rendered":"<p>D\u00e9couvrez le savon vert Aloe Tattoo, la solution pour nettoyer et soigner vos tatouages. Ce savon de haute qualit\u00e9 est fabriqu\u00e9 \u00e0 partir de tensioactifs d&rsquo;origine naturelle, ce qui vous assure un produit de qualit\u00e9 sup\u00e9rieure. La particularit\u00e9 de ce savon est qu&rsquo;il a un pH neutre et qu&rsquo;il n&rsquo;affecte pas le film protecteur naturel de la peau. De plus, il est exempt de conservateurs artificiels et d&rsquo;oxydes d&rsquo;\u00e9thyl\u00e8ne (PEG), ce qui le rend doux pour votre peau et ne provoque pas d&rsquo;irritations. Le savon vert Aloe Tattoo a un grand pouvoir de nettoyage de l&rsquo;encre et peut \u00eatre utilis\u00e9 directement sans \u00eatre dilu\u00e9. Il contient \u00e9galement une grande quantit\u00e9 d&rsquo;allanto\u00efne, qui a un effet apaisant et astringent. Cela permet de r\u00e9duire les saignements pendant le tatouage. Choisissez la qualit\u00e9 et le soin que votre tatouage m\u00e9rite, avec le savon vert Aloe Tattoo.<\/p>\n<p><strong>Quels sont les avantages de l&rsquo;utilisation du savon vert Aloe Tattoo pour le nettoyage et le soin des tatouages ?<\/strong><br \/>\nLe savon vert Aloe Tattoo a un pH neutre et n&rsquo;affecte pas le film protecteur naturel de la peau. Il est exempt de conservateurs artificiels et d&rsquo;oxydes d&rsquo;\u00e9thyl\u00e8ne (PEG), ce qui le rend doux pour la peau et non irritant. Il a \u00e9galement un grand pouvoir de nettoyage de l&rsquo;encre et contient des niveaux \u00e9lev\u00e9s d&rsquo;allanto\u00efne, qui fournit un effet apaisant et astringent et r\u00e9duit les saignements pendant le tatouage.<\/p>\n<p><strong>Comment utiliser le savon vert Aloe Tattoo ?<\/strong><br \/>\nL&rsquo;Aloe Tattoo Green Soap peut \u00eatre utilis\u00e9 directement non dilu\u00e9 mais aussi dilu\u00e9 au 1\/10. Nettoyer soigneusement le tatouage pendant le processus.<\/p>\n<p><strong>Le savon vert Aloe Tattoo convient-il \u00e0 tous les types de peau ?<\/strong><br \/>\nOui, le savon vert Aloe Tattoo convient \u00e0 tous les types de peau. Son pH est neutre et il est exempt de conservateurs artificiels et d&rsquo;oxydes d&rsquo;\u00e9thyl\u00e8ne (PEG), ce qui le rend doux pour la peau et non irritant. Il est important de v\u00e9rifier les \u00e9ventuelles allergies ou sensibilit\u00e9s aux ingr\u00e9dients naturels avant d&rsquo;utiliser le produit.<\/p>\n","protected":false},"excerpt":{"rendered":"<p>D\u00e9couvrez le savon vert Aloe Tattoo, la solution pour nettoyer et soigner vos tatouages. Ce savon de haute qualit\u00e9 est fabriqu\u00e9 \u00e0 partir de tensioactifs d&rsquo;origine naturelle, ce qui vous assure un produit de qualit\u00e9 sup\u00e9rieure. La particularit\u00e9 de ce savon est qu&rsquo;il a un pH neutre et qu&rsquo;il n&rsquo;affecte pas le film protecteur naturel [&hellip;]<\/p>\n","protected":false},"featured_media":1514,"template":"","meta":{"_acf_changed":false},"product_brand":[],"product_cat":[193],"product_tag":[233,254],"class_list":{"0":"post-2411","1":"product","2":"type-product","3":"status-publish","4":"has-post-thumbnail","6":"product_cat-article-sur-lhygiene","7":"product_tag-savon-vert","8":"product_tag-tatouage-a-laloes","10":"first","11":"instock","12":"taxable","13":"shipping-taxable","14":"purchasable","15":"product-type-simple"},"ams_default_variation_id":0,"ams_product_points_reward":[],"ams_product_discount_percentage":0,"ams_price_to_display":10,"ams_acf":[],"acf":[],"_links":{"self":[{"href":"https:\/\/inkskin.nl\/fr\/wp-json\/wp\/v2\/product\/2411","targetHints":{"allow":["GET"]}}],"collection":[{"href":"https:\/\/inkskin.nl\/fr\/wp-json\/wp\/v2\/product"}],"about":[{"href":"https:\/\/inkskin.nl\/fr\/wp-json\/wp\/v2\/types\/product"}],"version-history":[{"count":0,"href":"https:\/\/inkskin.nl\/fr\/wp-json\/wp\/v2\/product\/2411\/revisions"}],"wp:featuredmedia":[{"embeddable":true,"href":"https:\/\/inkskin.nl\/fr\/wp-json\/wp\/v2\/media\/1514"}],"wp:attachment":[{"href":"https:\/\/inkskin.nl\/fr\/wp-json\/wp\/v2\/media?parent=2411"}],"wp:term":[{"taxonomy":"product_brand","embeddable":true,"href":"https:\/\/inkskin.nl\/fr\/wp-json\/wp\/v2\/product_brand?post=2411"},{"taxonomy":"product_cat","embeddable":true,"href":"https:\/\/inkskin.nl\/fr\/wp-json\/wp\/v2\/product_cat?post=2411"},{"taxonomy":"product_tag","embeddable":true,"href":"https:\/\/inkskin.nl\/fr\/wp-json\/wp\/v2\/product_tag?post=2411"}],"curies":[{"name":"wp","href":"https:\/\/api.w.org\/{rel}","templated":true}]}}