{"id":2409,"date":"2024-03-27T09:48:30","date_gmt":"2024-03-27T09:48:30","guid":{"rendered":"https:\/\/inkskin.nl\/products\/savon-vert-aloe-tattoo-concentre-500ml\/"},"modified":"2024-03-27T09:48:30","modified_gmt":"2024-03-27T09:48:30","slug":"savon-vert-aloe-tattoo-concentre-500ml","status":"publish","type":"product","link":"https:\/\/inkskin.nl\/fr\/products\/savon-vert-aloe-tattoo-concentre-500ml\/","title":{"rendered":"Savon vert Aloe Tattoo CONCENTR\u00c9 500ml"},"content":{"rendered":"<p>Voici le concentr\u00e9 de savon vert Aloe Tattoo ! Ce flacon unique de concentr\u00e9 est votre arme secr\u00e8te pour cr\u00e9er la solution de savon parfaite pour le soin de vos tatouages. Avec un seul flacon de 500 ml, vous pouvez produire jusqu&rsquo;\u00e0 5 litres, gr\u00e2ce au puissant taux de dilution de 1 \u00e0 10. Cette solution savonneuse est compos\u00e9e d&rsquo;ingr\u00e9dients actifs d&rsquo;origine naturelle. De plus, il a un pH neutre et n&rsquo;affecte pas le film protecteur naturel de la peau. Vous pouvez \u00eatre s\u00fbr que ce savon est exempt de conservateurs artificiels. Il ne contient m\u00eame pas de sulfate, ce qui le rend tr\u00e8s doux pour votre peau. L&rsquo;allanto\u00efne contenue dans ce savon a un effet apaisant et astringent, r\u00e9duisant les saignements pendant le tatouage. Vous pouvez utiliser le concentr\u00e9 de savon vert Aloe Tattoo dilu\u00e9.<\/p>\n<p><strong>Quel est le taux de dilution du savon concentr\u00e9 Aloe Tattoo Green ?<\/strong><br \/>  Le taux de dilution du savon concentr\u00e9 Aloe Tattoo Green est de 1 \u00e0 10. Cela signifie que vous pouvez produire jusqu&rsquo;\u00e0 5 litres de solution savonneuse avec un seul flacon de 500 ml.  <\/p>\n<p><strong>Le savon Aloe Tattoo Green contient-il des conservateurs ?<\/strong><br \/>  Non, le concentr\u00e9 de savon vert Aloe Tattoo est exempt de conservateurs artificiels. Il s&rsquo;agit d&rsquo;un produit naturel de haute qualit\u00e9.  <\/p>\n<p><strong>Quel est l&rsquo;effet de la teneur en allanto\u00efne du savon concentr\u00e9 Aloe Tattoo Green ?<\/strong><br \/>  L&rsquo;allanto\u00efne contenue dans le savon concentr\u00e9 Aloe Tattoo Green a un effet apaisant et astringent. Cela r\u00e9duit les saignements pendant le tatouage et aide \u00e0 nettoyer l&rsquo;encre.<\/p>\n","protected":false},"excerpt":{"rendered":"<p>Voici le concentr\u00e9 de savon vert Aloe Tattoo ! Ce flacon unique de concentr\u00e9 est votre arme secr\u00e8te pour cr\u00e9er la solution de savon parfaite pour le soin de vos tatouages. Avec un seul flacon de 500 ml, vous pouvez produire jusqu&rsquo;\u00e0 5 litres, gr\u00e2ce au puissant taux de dilution de 1 \u00e0 10. Cette [&hellip;]<\/p>\n","protected":false},"featured_media":3545,"template":"","meta":{"_acf_changed":false},"product_brand":[],"product_cat":[193],"product_tag":[233,254],"class_list":{"0":"post-2409","1":"product","2":"type-product","3":"status-publish","4":"has-post-thumbnail","6":"product_cat-article-sur-lhygiene","7":"product_tag-savon-vert","8":"product_tag-tatouage-a-laloes","10":"first","11":"instock","12":"taxable","13":"shipping-taxable","14":"purchasable","15":"product-type-simple"},"ams_default_variation_id":0,"ams_product_points_reward":[],"ams_product_discount_percentage":0,"ams_price_to_display":15.5,"ams_acf":[],"acf":[],"_links":{"self":[{"href":"https:\/\/inkskin.nl\/fr\/wp-json\/wp\/v2\/product\/2409","targetHints":{"allow":["GET"]}}],"collection":[{"href":"https:\/\/inkskin.nl\/fr\/wp-json\/wp\/v2\/product"}],"about":[{"href":"https:\/\/inkskin.nl\/fr\/wp-json\/wp\/v2\/types\/product"}],"version-history":[{"count":0,"href":"https:\/\/inkskin.nl\/fr\/wp-json\/wp\/v2\/product\/2409\/revisions"}],"wp:featuredmedia":[{"embeddable":true,"href":"https:\/\/inkskin.nl\/fr\/wp-json\/wp\/v2\/media\/3545"}],"wp:attachment":[{"href":"https:\/\/inkskin.nl\/fr\/wp-json\/wp\/v2\/media?parent=2409"}],"wp:term":[{"taxonomy":"product_brand","embeddable":true,"href":"https:\/\/inkskin.nl\/fr\/wp-json\/wp\/v2\/product_brand?post=2409"},{"taxonomy":"product_cat","embeddable":true,"href":"https:\/\/inkskin.nl\/fr\/wp-json\/wp\/v2\/product_cat?post=2409"},{"taxonomy":"product_tag","embeddable":true,"href":"https:\/\/inkskin.nl\/fr\/wp-json\/wp\/v2\/product_tag?post=2409"}],"curies":[{"name":"wp","href":"https:\/\/api.w.org\/{rel}","templated":true}]}}