{"id":2408,"date":"2024-03-27T09:48:35","date_gmt":"2024-03-27T09:48:35","guid":{"rendered":"https:\/\/inkskin.nl\/products\/pochoir-plus-transfert-de-pochoir-spray-220ml\/"},"modified":"2024-03-27T09:48:35","modified_gmt":"2024-03-27T09:48:35","slug":"pochoir-plus-transfert-de-pochoir-spray-220ml","status":"publish","type":"product","link":"https:\/\/inkskin.nl\/fr\/products\/pochoir-plus-transfert-de-pochoir-spray-220ml\/","title":{"rendered":"Pochoir Plus transfert de pochoir SPRAY 220ml"},"content":{"rendered":"<p>Stencil Plus est le produit ultime pour transf\u00e9rer confortablement et en toute s\u00e9curit\u00e9 les pochoirs sur votre peau sans d\u00e9gager d&rsquo;odeur. D&rsquo;application facile et rapide, ce produit de haute qualit\u00e9 donne une meilleure d\u00e9finition \u00e0 vos pochoirs. Il est transparent, exempt de conservateurs et de parfums, et surtout respectueux de la peau. Vous n&rsquo;avez pas \u00e0 vous soucier des situations collantes car le Pochoir Plus ne colle pas et, gr\u00e2ce au syst\u00e8me d&rsquo;extraction par pompe, il est \u00e9galement plus confortable et plus hygi\u00e9nique \u00e0 utiliser. Avec Stencil Plus, vous avez la garantie d&rsquo;un transfert de pochoir parfait \u00e0 chaque fois. Choisissez le meilleur et d\u00e9couvrez la diff\u00e9rence par vous-m\u00eame avec Stencil Plus !<\/p>\n<p><strong>Le Stencil Plus convient-il \u00e0 tous les types de peau ?<\/strong><br \/>\n  Oui, le Pochoir Plus convient \u00e0 tous les types de peau. Il est respectueux de la peau et exempt de conservateurs et de parfums, ce qui permet de l&rsquo;utiliser en toute s\u00e9curit\u00e9 sur diff\u00e9rents types de peau.<\/p>\n<p><strong>Combien de temps le pochoir restera-t-il sur ma peau si j&rsquo;utilise le Stencil Plus ?<\/strong><br \/>\n  Stencil Plus assure un transfert durable du pochoir. En fonction de facteurs tels que le type de peau et de conditions telles que le frottement, le pochoir peut rester sur la peau pendant plusieurs jours.<\/p>\n<p><strong>Le Pochoir Plus s&rsquo;enl\u00e8ve-t-il facilement de la peau ?<\/strong><br \/>\n  Oui, le Pochoir Plus s&rsquo;enl\u00e8ve facilement de la peau. Il ne colle pas et s&rsquo;enl\u00e8ve facilement \u00e0 l&rsquo;eau et au savon ou \u00e0 l&rsquo;aide d&rsquo;un d\u00e9maquillant.<\/p>\n","protected":false},"excerpt":{"rendered":"<p>Stencil Plus est le produit ultime pour transf\u00e9rer confortablement et en toute s\u00e9curit\u00e9 les pochoirs sur votre peau sans d\u00e9gager d&rsquo;odeur. D&rsquo;application facile et rapide, ce produit de haute qualit\u00e9 donne une meilleure d\u00e9finition \u00e0 vos pochoirs. Il est transparent, exempt de conservateurs et de parfums, et surtout respectueux de la peau. Vous n&rsquo;avez pas [&hellip;]<\/p>\n","protected":false},"featured_media":1516,"template":"","meta":{"_acf_changed":false},"product_brand":[],"product_cat":[207],"product_tag":[208,254],"class_list":{"0":"post-2408","1":"product","2":"type-product","3":"status-publish","4":"has-post-thumbnail","6":"product_cat-fournitures-pour-pochoirs","7":"product_tag-gel-pour-pochoir","8":"product_tag-tatouage-a-laloes","10":"first","11":"outofstock","12":"taxable","13":"shipping-taxable","14":"purchasable","15":"product-type-simple"},"ams_default_variation_id":0,"ams_product_points_reward":[],"ams_product_discount_percentage":0,"ams_price_to_display":18,"ams_acf":[],"acf":[],"_links":{"self":[{"href":"https:\/\/inkskin.nl\/fr\/wp-json\/wp\/v2\/product\/2408","targetHints":{"allow":["GET"]}}],"collection":[{"href":"https:\/\/inkskin.nl\/fr\/wp-json\/wp\/v2\/product"}],"about":[{"href":"https:\/\/inkskin.nl\/fr\/wp-json\/wp\/v2\/types\/product"}],"version-history":[{"count":0,"href":"https:\/\/inkskin.nl\/fr\/wp-json\/wp\/v2\/product\/2408\/revisions"}],"wp:featuredmedia":[{"embeddable":true,"href":"https:\/\/inkskin.nl\/fr\/wp-json\/wp\/v2\/media\/1516"}],"wp:attachment":[{"href":"https:\/\/inkskin.nl\/fr\/wp-json\/wp\/v2\/media?parent=2408"}],"wp:term":[{"taxonomy":"product_brand","embeddable":true,"href":"https:\/\/inkskin.nl\/fr\/wp-json\/wp\/v2\/product_brand?post=2408"},{"taxonomy":"product_cat","embeddable":true,"href":"https:\/\/inkskin.nl\/fr\/wp-json\/wp\/v2\/product_cat?post=2408"},{"taxonomy":"product_tag","embeddable":true,"href":"https:\/\/inkskin.nl\/fr\/wp-json\/wp\/v2\/product_tag?post=2408"}],"curies":[{"name":"wp","href":"https:\/\/api.w.org\/{rel}","templated":true}]}}