{"id":2407,"date":"2024-03-27T09:48:28","date_gmt":"2024-03-27T09:48:28","guid":{"rendered":"https:\/\/inkskin.nl\/products\/aloe-tattoo-red-out-mousse-calmante-bioactive-220ml\/"},"modified":"2024-03-27T09:48:28","modified_gmt":"2024-03-27T09:48:28","slug":"aloe-tattoo-red-out-mousse-calmante-bioactive-220ml","status":"publish","type":"product","link":"https:\/\/inkskin.nl\/fr\/products\/aloe-tattoo-red-out-mousse-calmante-bioactive-220ml\/","title":{"rendered":"Aloe Tattoo RED OUT Mousse calmante bioactive 220ml"},"content":{"rendered":"<p>R\u00e9duire les rougeurs et les irritations pendant le processus de tatouage ? La mousse apaisante Red-Out est alors le produit id\u00e9al pour vous ! Cette mousse hygi\u00e9nique est sp\u00e9cialement formul\u00e9e avec des substances bioactives qui ont un effet apaisant sur la peau. Que vous souhaitiez faire une pause pendant le processus de tatouage pour r\u00e9duire les rougeurs, ou que votre tatouage soit d\u00e9j\u00e0 termin\u00e9 et que vous souhaitiez assurer une r\u00e9cup\u00e9ration plus rapide, cette mousse est la solution id\u00e9ale. La mousse est compos\u00e9e d&rsquo;une solution savonneuse de haute qualit\u00e9 contenant des substances actives et bioactives d&rsquo;origine naturelle. Il a un pH neutre et n&rsquo;affecte pas le film protecteur naturel de la peau. De plus, il est exempt de conservateurs artificiels.<\/p>\n<p><strong>La mousse apaisante Red-Out convient-elle \u00e0 tous les types de peau ?<\/strong><br \/>\nOui, la mousse calmante Red-Out convient \u00e0 tous les types de peau. Il est compos\u00e9 d&rsquo;une solution savonneuse de haute qualit\u00e9 avec des tensioactifs et des substances bioactives d&rsquo;origine naturelle, et il n&rsquo;affecte pas le film protecteur naturel de la peau.<\/p>\n<p><strong>Puis-je utiliser la mousse calmante Red-Out pendant le processus de tatouage ?<\/strong><br \/>\nOui, la mousse apaisante Red-Out est sp\u00e9cialement con\u00e7ue pour \u00eatre utilis\u00e9e pendant le processus de tatouage afin de r\u00e9duire les rougeurs et les irritations. Il peut aider \u00e0 apaiser la peau pendant la pause.<\/p>\n<p><strong>La mousse apaisante Red-Out contient-elle des conservateurs artificiels ou des sulfates ?<\/strong><br \/>\nNon, la mousse apaisante Red-Out est exempte de conservateurs artificiels et de sulfates. Il est compos\u00e9 d&rsquo;une solution savonneuse de haute qualit\u00e9 avec des substances actives et bioactives d&rsquo;origine naturelle.<\/p>\n","protected":false},"excerpt":{"rendered":"<p>R\u00e9duire les rougeurs et les irritations pendant le processus de tatouage ? La mousse apaisante Red-Out est alors le produit id\u00e9al pour vous ! Cette mousse hygi\u00e9nique est sp\u00e9cialement formul\u00e9e avec des substances bioactives qui ont un effet apaisant sur la peau. Que vous souhaitiez faire une pause pendant le processus de tatouage pour r\u00e9duire [&hellip;]<\/p>\n","protected":false},"featured_media":1512,"template":"","meta":{"_acf_changed":false},"product_brand":[],"product_cat":[193],"product_tag":[211,254],"class_list":{"0":"post-2407","1":"product","2":"type-product","3":"status-publish","4":"has-post-thumbnail","6":"product_cat-article-sur-lhygiene","7":"product_tag-mousse","8":"product_tag-tatouage-a-laloes","10":"first","11":"instock","12":"taxable","13":"shipping-taxable","14":"purchasable","15":"product-type-simple"},"ams_default_variation_id":0,"ams_product_points_reward":[],"ams_product_discount_percentage":0,"ams_price_to_display":12,"ams_acf":[],"acf":[],"_links":{"self":[{"href":"https:\/\/inkskin.nl\/fr\/wp-json\/wp\/v2\/product\/2407","targetHints":{"allow":["GET"]}}],"collection":[{"href":"https:\/\/inkskin.nl\/fr\/wp-json\/wp\/v2\/product"}],"about":[{"href":"https:\/\/inkskin.nl\/fr\/wp-json\/wp\/v2\/types\/product"}],"version-history":[{"count":0,"href":"https:\/\/inkskin.nl\/fr\/wp-json\/wp\/v2\/product\/2407\/revisions"}],"wp:featuredmedia":[{"embeddable":true,"href":"https:\/\/inkskin.nl\/fr\/wp-json\/wp\/v2\/media\/1512"}],"wp:attachment":[{"href":"https:\/\/inkskin.nl\/fr\/wp-json\/wp\/v2\/media?parent=2407"}],"wp:term":[{"taxonomy":"product_brand","embeddable":true,"href":"https:\/\/inkskin.nl\/fr\/wp-json\/wp\/v2\/product_brand?post=2407"},{"taxonomy":"product_cat","embeddable":true,"href":"https:\/\/inkskin.nl\/fr\/wp-json\/wp\/v2\/product_cat?post=2407"},{"taxonomy":"product_tag","embeddable":true,"href":"https:\/\/inkskin.nl\/fr\/wp-json\/wp\/v2\/product_tag?post=2407"}],"curies":[{"name":"wp","href":"https:\/\/api.w.org\/{rel}","templated":true}]}}