{"id":2404,"date":"2024-03-27T09:48:24","date_gmt":"2024-03-27T09:48:24","guid":{"rendered":"https:\/\/inkskin.nl\/products\/preservatifs-en-machine-emballes-par-100\/"},"modified":"2024-03-27T09:48:24","modified_gmt":"2024-03-27T09:48:24","slug":"preservatifs-en-machine-emballes-par-100","status":"publish","type":"product","link":"https:\/\/inkskin.nl\/fr\/products\/preservatifs-en-machine-emballes-par-100\/","title":{"rendered":"Pr\u00e9servatifs en machine emball\u00e9s par 100"},"content":{"rendered":"<p><span style=\"vertical-align: inherit;\"><span style=\"vertical-align: inherit;\"><span style=\"vertical-align: inherit;\"><span style=\"vertical-align: inherit;\">Vous recherchez des housses de protection de haute qualit\u00e9 pour votre machine \u00e0 tatouer sans fil ? Dans ce cas, nos pr\u00e9servatifs machine sont exactement ce qu&rsquo;il vous faut ! Ces pr\u00e9servatifs assurent une protection hygi\u00e9nique lors de l&rsquo;utilisation de votre machine \u00e0 tatouer. Elles sont transparentes, cylindriques et non rev\u00eatues, ce qui les rend parfaites pour une utilisation avec toutes les machines \u00e0 tatouer sans fil standard. Fabriqu\u00e9s en caoutchouc naturel, ces pr\u00e9servatifs assurent la protection de votre machine tout en maintenant un fonctionnement optimal. Avec un paquet de 100 pi\u00e8ces, vous disposerez de ces housses de protection pratiques pendant longtemps. Optez pour la qualit\u00e9 et commandez d\u00e8s aujourd&rsquo;hui nos pr\u00e9servatifs machine !<\/span><\/span><\/span><\/span><\/p>\n<p><strong><span style=\"vertical-align: inherit;\"><span style=\"vertical-align: inherit;\"><span style=\"vertical-align: inherit;\"><span style=\"vertical-align: inherit;\">Puis-je utiliser les pr\u00e9servatifs de cette machine avec n&rsquo;importe quelle machine \u00e0 tatouer sans fil de type stylo ?<\/span><\/span><\/span><\/span><\/strong><br \/>\n<span style=\"vertical-align: inherit;\"><span style=\"vertical-align: inherit;\"><span style=\"vertical-align: inherit;\"><span style=\"vertical-align: inherit;\">  Oui, ces pr\u00e9servatifs pour machines conviennent parfaitement \u00e0 toutes les machines \u00e0 tatouer sans fil de type Pen.<\/span><\/span><\/span><\/span><\/p>\n<p><strong><span style=\"vertical-align: inherit;\"><span style=\"vertical-align: inherit;\"><span style=\"vertical-align: inherit;\"><span style=\"vertical-align: inherit;\">Combien de pr\u00e9servatifs machine y a-t-il dans un paquet ?<\/span><\/span><\/span><\/span><\/strong><br \/>\n<span style=\"vertical-align: inherit;\"><span style=\"vertical-align: inherit;\"><span style=\"vertical-align: inherit;\"><span style=\"vertical-align: inherit;\">  Le paquet de cette machine contient 100 pr\u00e9servatifs, ce qui vous permet de disposer de ces protections pratiques pendant une longue p\u00e9riode.<\/span><\/span><\/span><\/span><\/p>\n<p><strong><span style=\"vertical-align: inherit;\"><span style=\"vertical-align: inherit;\"><span style=\"vertical-align: inherit;\"><span style=\"vertical-align: inherit;\">Ces pr\u00e9servatifs prot\u00e8gent-ils ma machine \u00e0 tatouer et lui permettent-ils de fonctionner de mani\u00e8re optimale ?<\/span><\/span><\/span><\/span><\/strong><br \/>\n<span style=\"vertical-align: inherit;\"><span style=\"vertical-align: inherit;\"><span style=\"vertical-align: inherit;\"><span style=\"vertical-align: inherit;\">  Oui, ces pr\u00e9servatifs pour machine \u00e0 tatouer sont en caoutchouc naturel et offrent une protection hygi\u00e9nique lors de l&rsquo;utilisation de votre machine \u00e0 tatouer. Ils veillent \u00e0 ce que votre machine reste prot\u00e9g\u00e9e tout en conservant des performances optimales.<\/span><\/span><\/span><\/span><\/p>\n","protected":false},"excerpt":{"rendered":"<p>Vous recherchez des housses de protection de haute qualit\u00e9 pour votre machine \u00e0 tatouer sans fil ? Dans ce cas, nos pr\u00e9servatifs machine sont exactement ce qu&rsquo;il vous faut ! Ces pr\u00e9servatifs assurent une protection hygi\u00e9nique lors de l&rsquo;utilisation de votre machine \u00e0 tatouer. Elles sont transparentes, cylindriques et non rev\u00eatues, ce qui les rend [&hellip;]<\/p>\n","protected":false},"featured_media":1508,"template":"","meta":{"_acf_changed":false},"product_brand":[],"product_cat":[193],"product_tag":[253],"class_list":{"0":"post-2404","1":"product","2":"type-product","3":"status-publish","4":"has-post-thumbnail","6":"product_cat-article-sur-lhygiene","7":"product_tag-preservatifs","9":"first","10":"instock","11":"taxable","12":"shipping-taxable","13":"purchasable","14":"product-type-simple"},"ams_default_variation_id":0,"ams_product_points_reward":[],"ams_product_discount_percentage":0,"ams_price_to_display":22.5,"ams_acf":[],"acf":[],"_links":{"self":[{"href":"https:\/\/inkskin.nl\/fr\/wp-json\/wp\/v2\/product\/2404","targetHints":{"allow":["GET"]}}],"collection":[{"href":"https:\/\/inkskin.nl\/fr\/wp-json\/wp\/v2\/product"}],"about":[{"href":"https:\/\/inkskin.nl\/fr\/wp-json\/wp\/v2\/types\/product"}],"version-history":[{"count":0,"href":"https:\/\/inkskin.nl\/fr\/wp-json\/wp\/v2\/product\/2404\/revisions"}],"wp:featuredmedia":[{"embeddable":true,"href":"https:\/\/inkskin.nl\/fr\/wp-json\/wp\/v2\/media\/1508"}],"wp:attachment":[{"href":"https:\/\/inkskin.nl\/fr\/wp-json\/wp\/v2\/media?parent=2404"}],"wp:term":[{"taxonomy":"product_brand","embeddable":true,"href":"https:\/\/inkskin.nl\/fr\/wp-json\/wp\/v2\/product_brand?post=2404"},{"taxonomy":"product_cat","embeddable":true,"href":"https:\/\/inkskin.nl\/fr\/wp-json\/wp\/v2\/product_cat?post=2404"},{"taxonomy":"product_tag","embeddable":true,"href":"https:\/\/inkskin.nl\/fr\/wp-json\/wp\/v2\/product_tag?post=2404"}],"curies":[{"name":"wp","href":"https:\/\/api.w.org\/{rel}","templated":true}]}}