{"id":2403,"date":"2024-03-27T09:48:11","date_gmt":"2024-03-27T09:48:11","guid":{"rendered":"https:\/\/inkskin.nl\/products\/kuro-sumi-imperial-peony-red\/"},"modified":"2024-03-27T09:48:11","modified_gmt":"2024-03-27T09:48:11","slug":"kuro-sumi-imperial-peony-red","status":"publish","type":"product","link":"https:\/\/inkskin.nl\/fr\/products\/kuro-sumi-imperial-peony-red\/","title":{"rendered":"Kuro Sumi Imperial &#8211; PEONY RED"},"content":{"rendered":"<p>D\u00e9couvrez la nouvelle gamme Imperial de Kuro Sumi, l&rsquo;encre impeccable qui fait passer votre cr\u00e9ativit\u00e9 au niveau sup\u00e9rieur ! Formul\u00e9 \u00e0 l&rsquo;origine au Japon et d\u00e9sormais enti\u00e8rement conforme \u00e0 la nouvelle r\u00e9glementation REACH de l&rsquo;UE, ce produit offre les meilleures mati\u00e8res premi\u00e8res et le meilleur processus de fabrication.  <\/p>\n<p>  Avec la nouvelle gamme Imperial, vous avez la garantie d&rsquo;une qualit\u00e9 et d&rsquo;un \u00e9clat in\u00e9gal\u00e9s pour votre encre de tatouage. Que vous soyez un tatoueur professionnel ou que vous souhaitiez simplement cr\u00e9er votre propre art, cette encre garantit des r\u00e9sultats impeccables qui r\u00e9sistent \u00e0 l&rsquo;\u00e9preuve du temps.  <\/p>\n<p>  Gr\u00e2ce \u00e0 ses ingr\u00e9dients de haute qualit\u00e9 et \u00e0 sa m\u00e9thode de production minutieuse, la gamme Imperial offre une intensit\u00e9 de couleur et une durabilit\u00e9 uniques. Donnez une nouvelle vie \u00e0 vos tatouages avec la gamme d&rsquo;encres Imperial de Kuro Sumi, fiable et vibrante. Qu&rsquo;attendez-vous ? Lib\u00e9rez votre cr\u00e9ativit\u00e9 et cr\u00e9ez votre chef-d&rsquo;\u0153uvre en toute confiance !<\/p>\n<p><strong>La gamme Imperial de Kuro Sumi convient-elle aux tatoueurs professionnels ?<\/strong><br \/>\n  Oui, la gamme Imperial de Kuro Sumi convient aussi bien aux tatoueurs professionnels qu&rsquo;aux personnes qui souhaitent cr\u00e9er leur propre art.<\/p>\n<p><strong>La gamme Imperial offre-t-elle des couleurs \u00e9clatantes et durables ?<\/strong><br \/>\n  Oui, gr\u00e2ce \u00e0 ses ingr\u00e9dients de haute qualit\u00e9 et \u00e0 sa m\u00e9thode de production minutieuse, la gamme Imperial de Kuro Sumi offre une intensit\u00e9 de couleur et une durabilit\u00e9 uniques pour l&rsquo;encre de tatouage.<\/p>\n<p><strong>La gamme Imperial est-elle conforme \u00e0 la r\u00e9glementation REACH de l&rsquo;UE ?<\/strong><br \/>\n  Oui, la nouvelle gamme Imperial de Kuro Sumi est conforme \u00e0 la nouvelle r\u00e9glementation REACH de l&rsquo;UE, offrant les meilleures mati\u00e8res premi\u00e8res et les meilleurs processus de fabrication.<\/p>\n","protected":false},"excerpt":{"rendered":"<p>D\u00e9couvrez la nouvelle gamme Imperial de Kuro Sumi, l&rsquo;encre impeccable qui fait passer votre cr\u00e9ativit\u00e9 au niveau sup\u00e9rieur ! Formul\u00e9 \u00e0 l&rsquo;origine au Japon et d\u00e9sormais enti\u00e8rement conforme \u00e0 la nouvelle r\u00e9glementation REACH de l&rsquo;UE, ce produit offre les meilleures mati\u00e8res premi\u00e8res et le meilleur processus de fabrication. Avec la nouvelle gamme Imperial, vous avez [&hellip;]<\/p>\n","protected":false},"featured_media":1505,"template":"","meta":{"_acf_changed":false},"product_brand":[],"product_cat":[181,222],"product_tag":[204],"class_list":{"0":"post-2403","1":"product","2":"type-product","3":"status-publish","4":"has-post-thumbnail","6":"product_cat-encre-de-tatouage","7":"product_cat-kuro-sumi-encre-imperiale-approuve-reach","8":"product_tag-postcure","10":"first","11":"instock","12":"taxable","13":"shipping-taxable","14":"purchasable","15":"product-type-simple"},"ams_default_variation_id":0,"ams_product_points_reward":[],"ams_product_discount_percentage":0,"ams_price_to_display":13.5,"ams_acf":[],"acf":[],"_links":{"self":[{"href":"https:\/\/inkskin.nl\/fr\/wp-json\/wp\/v2\/product\/2403","targetHints":{"allow":["GET"]}}],"collection":[{"href":"https:\/\/inkskin.nl\/fr\/wp-json\/wp\/v2\/product"}],"about":[{"href":"https:\/\/inkskin.nl\/fr\/wp-json\/wp\/v2\/types\/product"}],"version-history":[{"count":0,"href":"https:\/\/inkskin.nl\/fr\/wp-json\/wp\/v2\/product\/2403\/revisions"}],"wp:featuredmedia":[{"embeddable":true,"href":"https:\/\/inkskin.nl\/fr\/wp-json\/wp\/v2\/media\/1505"}],"wp:attachment":[{"href":"https:\/\/inkskin.nl\/fr\/wp-json\/wp\/v2\/media?parent=2403"}],"wp:term":[{"taxonomy":"product_brand","embeddable":true,"href":"https:\/\/inkskin.nl\/fr\/wp-json\/wp\/v2\/product_brand?post=2403"},{"taxonomy":"product_cat","embeddable":true,"href":"https:\/\/inkskin.nl\/fr\/wp-json\/wp\/v2\/product_cat?post=2403"},{"taxonomy":"product_tag","embeddable":true,"href":"https:\/\/inkskin.nl\/fr\/wp-json\/wp\/v2\/product_tag?post=2403"}],"curies":[{"name":"wp","href":"https:\/\/api.w.org\/{rel}","templated":true}]}}