{"id":2400,"date":"2024-03-27T09:48:13","date_gmt":"2024-03-27T09:48:13","guid":{"rendered":"https:\/\/inkskin.nl\/products\/baume-tattoo-vegan-sun-30-gr-display\/"},"modified":"2024-03-27T09:48:13","modified_gmt":"2024-03-27T09:48:13","slug":"baume-tattoo-vegan-sun-30-gr-display","status":"publish","type":"product","link":"https:\/\/inkskin.nl\/fr\/products\/baume-tattoo-vegan-sun-30-gr-display\/","title":{"rendered":"Baume Tattoo Vegan Sun 30 gr display"},"content":{"rendered":"<p>Formule v\u00e9g\u00e9talienne mais avec un \u00e9cran solaire 75+ ajout\u00e9. Un produit de soin pour gu\u00e9rir votre tatouage. Ce baume permet aux couleurs de rester belles, m\u00eame au soleil.<\/p>\n","protected":false},"excerpt":{"rendered":"<p>Formule v\u00e9g\u00e9talienne mais avec un \u00e9cran solaire 75+ ajout\u00e9. Un produit de soin pour gu\u00e9rir votre tatouage. Ce baume permet aux couleurs de rester belles, m\u00eame au soleil.<\/p>\n","protected":false},"featured_media":1303,"template":"","meta":{"_acf_changed":false},"product_brand":[],"product_cat":[200,199],"product_tag":[201,205,206,202],"class_list":{"0":"post-2400","1":"product","2":"type-product","3":"status-publish","4":"has-post-thumbnail","6":"product_cat-baume-tatouage","7":"product_cat-postcure","8":"product_tag-baume-apres-vente","9":"product_tag-creme-de-soin","10":"product_tag-facteur-spf-50","11":"product_tag-vegetalien","13":"first","14":"outofstock","15":"taxable","16":"shipping-taxable","17":"purchasable","18":"product-type-simple"},"ams_default_variation_id":0,"ams_product_points_reward":[],"ams_product_discount_percentage":0,"ams_price_to_display":160,"ams_acf":[],"acf":[],"_links":{"self":[{"href":"https:\/\/inkskin.nl\/fr\/wp-json\/wp\/v2\/product\/2400","targetHints":{"allow":["GET"]}}],"collection":[{"href":"https:\/\/inkskin.nl\/fr\/wp-json\/wp\/v2\/product"}],"about":[{"href":"https:\/\/inkskin.nl\/fr\/wp-json\/wp\/v2\/types\/product"}],"version-history":[{"count":0,"href":"https:\/\/inkskin.nl\/fr\/wp-json\/wp\/v2\/product\/2400\/revisions"}],"wp:featuredmedia":[{"embeddable":true,"href":"https:\/\/inkskin.nl\/fr\/wp-json\/wp\/v2\/media\/1303"}],"wp:attachment":[{"href":"https:\/\/inkskin.nl\/fr\/wp-json\/wp\/v2\/media?parent=2400"}],"wp:term":[{"taxonomy":"product_brand","embeddable":true,"href":"https:\/\/inkskin.nl\/fr\/wp-json\/wp\/v2\/product_brand?post=2400"},{"taxonomy":"product_cat","embeddable":true,"href":"https:\/\/inkskin.nl\/fr\/wp-json\/wp\/v2\/product_cat?post=2400"},{"taxonomy":"product_tag","embeddable":true,"href":"https:\/\/inkskin.nl\/fr\/wp-json\/wp\/v2\/product_tag?post=2400"}],"curies":[{"name":"wp","href":"https:\/\/api.w.org\/{rel}","templated":true}]}}