{"id":2398,"date":"2024-03-27T09:48:12","date_gmt":"2024-03-27T09:48:12","guid":{"rendered":"https:\/\/inkskin.nl\/products\/marqueur-cutane-sterile-emballe-individuellement\/"},"modified":"2024-03-27T09:48:12","modified_gmt":"2024-03-27T09:48:12","slug":"marqueur-cutane-sterile-emballe-individuellement","status":"publish","type":"product","link":"https:\/\/inkskin.nl\/fr\/products\/marqueur-cutane-sterile-emballe-individuellement\/","title":{"rendered":"Marqueur cutan\u00e9 (st\u00e9rile, emball\u00e9 individuellement)"},"content":{"rendered":"<p>Vous \u00eates \u00e0 la recherche de marqueurs cutan\u00e9s de haute qualit\u00e9 pour votre salon de tatouage ? Nous avons ce qu&rsquo;il vous faut ! Nos marqueurs cutan\u00e9s st\u00e9riles, conformes aux directives GGD, sont parfaits pour un usage unique et r\u00e9pondent \u00e0 toutes les exigences en mati\u00e8re d&rsquo;hygi\u00e8ne. Avec une pointe violette fine et \u00e9paisse, vous pouvez facilement et pr\u00e9cis\u00e9ment marquer les contours de vos tatouages. Et le meilleur de tous ? Nos marqueurs sont non toxiques et n&rsquo;irritent pas la peau. Vous pouvez \u00eatre s\u00fbr que la couleur ne d\u00e9teindra pas et que vous obtiendrez toujours un r\u00e9sultat parfait. Qu&rsquo;attendez-vous ? Commandez d\u00e8s aujourd&rsquo;hui nos marqueurs cutan\u00e9s st\u00e9rilis\u00e9s et compl\u00e9tez votre boutique de tatouage !<\/p>\n<p><strong>Les marqueurs cutan\u00e9s peuvent-ils \u00eatre utilis\u00e9s une seule fois ?<\/strong><br \/>\n  Oui, nos marqueurs cutan\u00e9s sont parfaits pour un usage unique, ce qui r\u00e9pond aux exigences en mati\u00e8re d&rsquo;hygi\u00e8ne conform\u00e9ment aux directives GGD.<\/p>\n<p><strong>Combien de pointes diff\u00e9rentes les marqueurs ont-ils ?<\/strong><br \/>\n  Nos marqueurs sont dot\u00e9s d&rsquo;une pointe violette fine et \u00e9paisse, ce qui vous permet de marquer facilement et avec pr\u00e9cision les contours de vos tatouages.<\/p>\n<p><strong>Les marqueurs peuvent-ils \u00eatre utilis\u00e9s sans danger sur la peau ?<\/strong><br \/>\n  Oui, nos marqueurs sont non toxiques et n&rsquo;irritent pas la peau. Vous pouvez \u00eatre s\u00fbr que la couleur ne d\u00e9teindra pas et que vous obtiendrez toujours un r\u00e9sultat parfait.<\/p>\n","protected":false},"excerpt":{"rendered":"<p>Vous \u00eates \u00e0 la recherche de marqueurs cutan\u00e9s de haute qualit\u00e9 pour votre salon de tatouage ? Nous avons ce qu&rsquo;il vous faut ! Nos marqueurs cutan\u00e9s st\u00e9riles, conformes aux directives GGD, sont parfaits pour un usage unique et r\u00e9pondent \u00e0 toutes les exigences en mati\u00e8re d&rsquo;hygi\u00e8ne. Avec une pointe violette fine et \u00e9paisse, vous [&hellip;]<\/p>\n","protected":false},"featured_media":1506,"template":"","meta":{"_acf_changed":false},"product_brand":[],"product_cat":[207],"product_tag":[204],"class_list":{"0":"post-2398","1":"product","2":"type-product","3":"status-publish","4":"has-post-thumbnail","6":"product_cat-fournitures-pour-pochoirs","7":"product_tag-postcure","9":"first","10":"instock","11":"taxable","12":"shipping-taxable","13":"purchasable","14":"product-type-simple"},"ams_default_variation_id":0,"ams_product_points_reward":[],"ams_product_discount_percentage":0,"ams_price_to_display":2.2,"ams_acf":[],"acf":[],"_links":{"self":[{"href":"https:\/\/inkskin.nl\/fr\/wp-json\/wp\/v2\/product\/2398","targetHints":{"allow":["GET"]}}],"collection":[{"href":"https:\/\/inkskin.nl\/fr\/wp-json\/wp\/v2\/product"}],"about":[{"href":"https:\/\/inkskin.nl\/fr\/wp-json\/wp\/v2\/types\/product"}],"version-history":[{"count":0,"href":"https:\/\/inkskin.nl\/fr\/wp-json\/wp\/v2\/product\/2398\/revisions"}],"wp:featuredmedia":[{"embeddable":true,"href":"https:\/\/inkskin.nl\/fr\/wp-json\/wp\/v2\/media\/1506"}],"wp:attachment":[{"href":"https:\/\/inkskin.nl\/fr\/wp-json\/wp\/v2\/media?parent=2398"}],"wp:term":[{"taxonomy":"product_brand","embeddable":true,"href":"https:\/\/inkskin.nl\/fr\/wp-json\/wp\/v2\/product_brand?post=2398"},{"taxonomy":"product_cat","embeddable":true,"href":"https:\/\/inkskin.nl\/fr\/wp-json\/wp\/v2\/product_cat?post=2398"},{"taxonomy":"product_tag","embeddable":true,"href":"https:\/\/inkskin.nl\/fr\/wp-json\/wp\/v2\/product_tag?post=2398"}],"curies":[{"name":"wp","href":"https:\/\/api.w.org\/{rel}","templated":true}]}}