{"id":2397,"date":"2024-03-27T09:48:08","date_gmt":"2024-03-27T09:48:08","guid":{"rendered":"https:\/\/inkskin.nl\/products\/kuro-sumi-imperial-vert-fer\/"},"modified":"2024-03-27T09:48:08","modified_gmt":"2024-03-27T09:48:08","slug":"kuro-sumi-imperial-vert-fer","status":"publish","type":"product","link":"https:\/\/inkskin.nl\/fr\/products\/kuro-sumi-imperial-vert-fer\/","title":{"rendered":"Kuro Sumi Imperial &#8211; VERT FER"},"content":{"rendered":"<p>D\u00e9couvrez Kuro Sumi, l&rsquo;encre japonaise qui fait passer votre cr\u00e9ativit\u00e9 au niveau sup\u00e9rieur ! Avec la nouvelle gamme Imperial, vous \u00eates assur\u00e9 de disposer d&rsquo;une encre de tr\u00e8s haute qualit\u00e9, fabriqu\u00e9e conform\u00e9ment \u00e0 la nouvelle r\u00e9glementation REACH de l&rsquo;UE. Cette encre est fabriqu\u00e9e \u00e0 partir des meilleures mati\u00e8res premi\u00e8res et subit le meilleur processus de fabrication, ce qui permet d&rsquo;obtenir des couleurs impeccables et \u00e9clatantes.<\/p>\n<p>  Que vous soyez un tatoueur professionnel ou que vous souhaitiez simplement cr\u00e9er vos propres tatouages, Kuro Sumi vous garantit un r\u00e9sultat parfait. L&rsquo;encre adh\u00e8re sans effort \u00e0 la peau et offre une couleur profonde et durable. De plus, Kuro Sumi est disponible dans une large gamme de couleurs, ce qui vous permet d&rsquo;exp\u00e9rimenter \u00e0 l&rsquo;infini et de donner vie \u00e0 vos cr\u00e9ations.<\/p>\n<p>  Choisissez la meilleure encre du march\u00e9 et donnez \u00e0 vos tatouages la qualit\u00e9 qu&rsquo;ils m\u00e9ritent. Kuro Sumi, l&rsquo;encre en laquelle vous pouvez avoir confiance.<\/p>\n<p><strong>Quelle est la gamme imp\u00e9riale de l&rsquo;encre Kuro Sumi ?<\/strong><br \/>\n  La gamme Imperial est une nouvelle ligne d&rsquo;encres de Kuro Sumi, fabriqu\u00e9e conform\u00e9ment \u00e0 la nouvelle r\u00e9glementation REACH de l&rsquo;UE. Il est r\u00e9put\u00e9 pour sa haute qualit\u00e9 et ses couleurs \u00e9clatantes.<\/p>\n<p><strong>L&rsquo;encre Kuro Sumi convient-elle aux tatoueurs professionnels ?<\/strong><br \/>\n  Oui, l&rsquo;encre Kuro Sumi convient aussi bien aux tatoueurs professionnels qu&rsquo;aux personnes qui souhaitent cr\u00e9er leurs propres tatouages. Il adh\u00e8re sans effort \u00e0 la peau et procure une couleur profonde et durable.<\/p>\n<p><strong>Quelles sont les couleurs de l&rsquo;encre Kuro Sumi ?<\/strong><br \/>\n  L&rsquo;encre Kuro Sumi est disponible dans une large gamme de couleurs, ce qui vous permet d&rsquo;exp\u00e9rimenter \u00e0 l&rsquo;infini et de donner vie \u00e0 vos dessins.<\/p>\n","protected":false},"excerpt":{"rendered":"<p>D\u00e9couvrez Kuro Sumi, l&rsquo;encre japonaise qui fait passer votre cr\u00e9ativit\u00e9 au niveau sup\u00e9rieur ! Avec la nouvelle gamme Imperial, vous \u00eates assur\u00e9 de disposer d&rsquo;une encre de tr\u00e8s haute qualit\u00e9, fabriqu\u00e9e conform\u00e9ment \u00e0 la nouvelle r\u00e9glementation REACH de l&rsquo;UE. Cette encre est fabriqu\u00e9e \u00e0 partir des meilleures mati\u00e8res premi\u00e8res et subit le meilleur processus de [&hellip;]<\/p>\n","protected":false},"featured_media":1502,"template":"","meta":{"_acf_changed":false},"product_brand":[],"product_cat":[181,222],"product_tag":[183,250],"class_list":{"0":"post-2397","1":"product","2":"type-product","3":"status-publish","4":"has-post-thumbnail","6":"product_cat-encre-de-tatouage","7":"product_cat-kuro-sumi-encre-imperiale-approuve-reach","8":"product_tag-encre-de-tatouage","9":"product_tag-kuro-sumi-fr","11":"first","12":"instock","13":"taxable","14":"shipping-taxable","15":"purchasable","16":"product-type-simple"},"ams_default_variation_id":0,"ams_product_points_reward":[],"ams_product_discount_percentage":0,"ams_price_to_display":13.5,"ams_acf":[],"acf":[],"_links":{"self":[{"href":"https:\/\/inkskin.nl\/fr\/wp-json\/wp\/v2\/product\/2397","targetHints":{"allow":["GET"]}}],"collection":[{"href":"https:\/\/inkskin.nl\/fr\/wp-json\/wp\/v2\/product"}],"about":[{"href":"https:\/\/inkskin.nl\/fr\/wp-json\/wp\/v2\/types\/product"}],"version-history":[{"count":0,"href":"https:\/\/inkskin.nl\/fr\/wp-json\/wp\/v2\/product\/2397\/revisions"}],"wp:featuredmedia":[{"embeddable":true,"href":"https:\/\/inkskin.nl\/fr\/wp-json\/wp\/v2\/media\/1502"}],"wp:attachment":[{"href":"https:\/\/inkskin.nl\/fr\/wp-json\/wp\/v2\/media?parent=2397"}],"wp:term":[{"taxonomy":"product_brand","embeddable":true,"href":"https:\/\/inkskin.nl\/fr\/wp-json\/wp\/v2\/product_brand?post=2397"},{"taxonomy":"product_cat","embeddable":true,"href":"https:\/\/inkskin.nl\/fr\/wp-json\/wp\/v2\/product_cat?post=2397"},{"taxonomy":"product_tag","embeddable":true,"href":"https:\/\/inkskin.nl\/fr\/wp-json\/wp\/v2\/product_tag?post=2397"}],"curies":[{"name":"wp","href":"https:\/\/api.w.org\/{rel}","templated":true}]}}