{"id":2395,"date":"2024-03-27T09:48:12","date_gmt":"2024-03-27T09:48:12","guid":{"rendered":"https:\/\/inkskin.nl\/products\/baume-tattoo-laser-30-gr-display\/"},"modified":"2024-03-27T09:48:12","modified_gmt":"2024-03-27T09:48:12","slug":"baume-tattoo-laser-30-gr-display","status":"publish","type":"product","link":"https:\/\/inkskin.nl\/fr\/products\/baume-tattoo-laser-30-gr-display\/","title":{"rendered":"Baume Tattoo Laser 30 gr display"},"content":{"rendered":"<p>Vous venez de subir un traitement au laser et vous souhaitez prendre soin de votre peau de mani\u00e8re optimale ? Dans ce cas, notre baume sp\u00e9cial est exactement ce qu&rsquo;il vous faut ! Ce baume est sp\u00e9cialement con\u00e7u pour soigner, hydrater et nourrir confortablement la peau irrit\u00e9e apr\u00e8s un traitement au laser. Gr\u00e2ce \u00e0 sa formule sp\u00e9ciale, il favorise \u00e9galement la r\u00e9paration de la peau, ce qui vous permet de retrouver rapidement une peau \u00e9clatante et saine. Utilisez ce baume apr\u00e8s chaque traitement au laser et vous remarquerez que votre peau est plus douce, plus lisse et plus saine. Gr\u00e2ce \u00e0 notre baume, vous pouvez reprendre confiance en vous et briller comme jamais auparavant !<\/p>\n<p><strong>Quels sont les avantages de l&rsquo;utilisation du baume sp\u00e9cial apr\u00e8s un traitement au laser ?<\/strong><br \/>\n  L&rsquo;utilisation de ce baume sp\u00e9cial permet d&rsquo;apaiser, d&rsquo;hydrater et de nourrir la peau irrit\u00e9e. Il favorise \u00e9galement la r\u00e9paration de la peau, ce qui vous permet de retrouver rapidement une peau \u00e9clatante et saine.<\/p>\n<p><strong>Combien de fois dois-je utiliser le baume sp\u00e9cial apr\u00e8s le traitement au laser ?<\/strong><br \/>\n  Il est recommand\u00e9 d&rsquo;utiliser le baume sp\u00e9cial apr\u00e8s chaque traitement au laser. En faisant cela r\u00e9guli\u00e8rement, vous pouvez vous assurer que votre peau re\u00e7oit les soins optimaux dont elle a besoin pour se r\u00e9tablir.<\/p>\n<p><strong>Quels sont les r\u00e9sultats de l&rsquo;utilisation du baume sp\u00e9cial ?<\/strong><br \/>\n  En utilisant r\u00e9guli\u00e8rement ce baume sp\u00e9cial, vous remarquerez que votre peau est plus douce, plus lisse et plus saine. Il peut \u00e9galement vous aider \u00e0 vous sentir confiant et radieux avec une peau \u00e9clatante apr\u00e8s votre traitement au laser.<\/p>\n","protected":false},"excerpt":{"rendered":"<p>Vous venez de subir un traitement au laser et vous souhaitez prendre soin de votre peau de mani\u00e8re optimale ? Dans ce cas, notre baume sp\u00e9cial est exactement ce qu&rsquo;il vous faut ! Ce baume est sp\u00e9cialement con\u00e7u pour soigner, hydrater et nourrir confortablement la peau irrit\u00e9e apr\u00e8s un traitement au laser. Gr\u00e2ce \u00e0 sa [&hellip;]<\/p>\n","protected":false},"featured_media":1305,"template":"","meta":{"_acf_changed":false},"product_brand":[],"product_cat":[200,199],"product_tag":[201,205,252],"class_list":{"0":"post-2395","1":"product","2":"type-product","3":"status-publish","4":"has-post-thumbnail","6":"product_cat-baume-tatouage","7":"product_cat-postcure","8":"product_tag-baume-apres-vente","9":"product_tag-creme-de-soin","10":"product_tag-laser-fr","12":"first","13":"instock","14":"taxable","15":"shipping-taxable","16":"purchasable","17":"product-type-simple"},"ams_default_variation_id":0,"ams_product_points_reward":[],"ams_product_discount_percentage":0,"ams_price_to_display":140,"ams_acf":[],"acf":[],"_links":{"self":[{"href":"https:\/\/inkskin.nl\/fr\/wp-json\/wp\/v2\/product\/2395","targetHints":{"allow":["GET"]}}],"collection":[{"href":"https:\/\/inkskin.nl\/fr\/wp-json\/wp\/v2\/product"}],"about":[{"href":"https:\/\/inkskin.nl\/fr\/wp-json\/wp\/v2\/types\/product"}],"version-history":[{"count":0,"href":"https:\/\/inkskin.nl\/fr\/wp-json\/wp\/v2\/product\/2395\/revisions"}],"wp:featuredmedia":[{"embeddable":true,"href":"https:\/\/inkskin.nl\/fr\/wp-json\/wp\/v2\/media\/1305"}],"wp:attachment":[{"href":"https:\/\/inkskin.nl\/fr\/wp-json\/wp\/v2\/media?parent=2395"}],"wp:term":[{"taxonomy":"product_brand","embeddable":true,"href":"https:\/\/inkskin.nl\/fr\/wp-json\/wp\/v2\/product_brand?post=2395"},{"taxonomy":"product_cat","embeddable":true,"href":"https:\/\/inkskin.nl\/fr\/wp-json\/wp\/v2\/product_cat?post=2395"},{"taxonomy":"product_tag","embeddable":true,"href":"https:\/\/inkskin.nl\/fr\/wp-json\/wp\/v2\/product_tag?post=2395"}],"curies":[{"name":"wp","href":"https:\/\/api.w.org\/{rel}","templated":true}]}}