{"id":2394,"date":"2024-03-27T09:47:59","date_gmt":"2024-03-27T09:47:59","guid":{"rendered":"https:\/\/inkskin.nl\/products\/kuro-sumi-imperial-lilac-purple\/"},"modified":"2024-03-27T09:47:59","modified_gmt":"2024-03-27T09:47:59","slug":"kuro-sumi-imperial-lilac-purple","status":"publish","type":"product","link":"https:\/\/inkskin.nl\/fr\/products\/kuro-sumi-imperial-lilac-purple\/","title":{"rendered":"Kuro Sumi Imperial &#8211; LILAC PURPLE"},"content":{"rendered":"<p>Voici Kuro Sumi Imperial, l&rsquo;encre qui fait briller votre \u00e2me cr\u00e9ative ! Formul\u00e9e \u00e0 l&rsquo;origine au Japon, cette nouvelle gamme est conforme \u00e0 la r\u00e9glementation REACH de l&rsquo;UE et offre les meilleures mati\u00e8res premi\u00e8res et le meilleur processus de fabrication. Faites passer vos \u0153uvres d&rsquo;art au niveau sup\u00e9rieur gr\u00e2ce \u00e0 cette encre impeccable et vibrante.<\/p>\n<p>  Que vous soyez un tatoueur professionnel ou que vous aimiez simplement l&rsquo;art corporel, Kuro Sumi Imperial est le choix id\u00e9al pour vous. Chaque goutte de cette encre est infus\u00e9e avec passion et perfection, garantissant des r\u00e9sultats lumineux et durables.<\/p>\n<p>  Avec la gamme Kuro Sumi Imperial, vous pouvez laisser libre cours \u00e0 votre imagination. Cr\u00e9ez des motifs audacieux et \u00e9clatants qui r\u00e9sisteront \u00e0 l&rsquo;\u00e9preuve du temps. Avec cette encre de haute qualit\u00e9, vous avez la garantie d&rsquo;un r\u00e9sultat final magnifique \u00e0 chaque fois.<\/p>\n<p>  Qu&rsquo;attendez-vous ? Lib\u00e9rez votre cr\u00e9ativit\u00e9 et faites confiance \u00e0 la qualit\u00e9 in\u00e9gal\u00e9e de Kuro Sumi Imperial. D\u00e9couvrez la magie de cette encre et rendez vos \u0153uvres inoubliables.<\/p>\n<p><strong>L&rsquo;encre Kuro Sumi Imperial peut-elle \u00eatre utilis\u00e9e sans danger sur la peau ?<\/strong><br \/>\n  Oui, Kuro Sumi Imperial est conforme \u00e0 la r\u00e9glementation REACH de l&rsquo;UE et offre les meilleures mati\u00e8res premi\u00e8res et les meilleurs processus de fabrication, ce qui permet de l&rsquo;utiliser en toute s\u00e9curit\u00e9 sur la peau.<\/p>\n<p><strong>L&rsquo;encre Kuro Sumi Imperial est-elle durable et \u00e9clatante sur la peau ?<\/strong><br \/>\n  Oui, chaque goutte de l&rsquo;encre Kuro Sumi Imperial est infus\u00e9e avec passion et perfection, ce qui rend le r\u00e9sultat brillant et durable, m\u00eame au fil du temps.<\/p>\n<p><strong>Puis-je cr\u00e9er des motifs audacieux et \u00e9clatants avec l&rsquo;encre Kuro Sumi Imperial ?<\/strong><br \/>\n  Oui, la gamme Kuro Sumi Imperial vous permet de cr\u00e9er des motifs audacieux et vibrants qui r\u00e9sisteront \u00e0 l&rsquo;\u00e9preuve du temps. Il offre une encre de qualit\u00e9 in\u00e9gal\u00e9e, qui vous permet d&rsquo;obtenir \u00e0 chaque fois de magnifiques r\u00e9sultats.<\/p>\n","protected":false},"excerpt":{"rendered":"<p>Voici Kuro Sumi Imperial, l&rsquo;encre qui fait briller votre \u00e2me cr\u00e9ative ! Formul\u00e9e \u00e0 l&rsquo;origine au Japon, cette nouvelle gamme est conforme \u00e0 la r\u00e9glementation REACH de l&rsquo;UE et offre les meilleures mati\u00e8res premi\u00e8res et le meilleur processus de fabrication. Faites passer vos \u0153uvres d&rsquo;art au niveau sup\u00e9rieur gr\u00e2ce \u00e0 cette encre impeccable et vibrante. [&hellip;]<\/p>\n","protected":false},"featured_media":1495,"template":"","meta":{"_acf_changed":false},"product_brand":[],"product_cat":[181,222],"product_tag":[183,250],"class_list":{"0":"post-2394","1":"product","2":"type-product","3":"status-publish","4":"has-post-thumbnail","6":"product_cat-encre-de-tatouage","7":"product_cat-kuro-sumi-encre-imperiale-approuve-reach","8":"product_tag-encre-de-tatouage","9":"product_tag-kuro-sumi-fr","11":"first","12":"instock","13":"taxable","14":"shipping-taxable","15":"purchasable","16":"product-type-simple"},"ams_default_variation_id":0,"ams_product_points_reward":[],"ams_product_discount_percentage":0,"ams_price_to_display":13.5,"ams_acf":[],"acf":[],"_links":{"self":[{"href":"https:\/\/inkskin.nl\/fr\/wp-json\/wp\/v2\/product\/2394","targetHints":{"allow":["GET"]}}],"collection":[{"href":"https:\/\/inkskin.nl\/fr\/wp-json\/wp\/v2\/product"}],"about":[{"href":"https:\/\/inkskin.nl\/fr\/wp-json\/wp\/v2\/types\/product"}],"version-history":[{"count":0,"href":"https:\/\/inkskin.nl\/fr\/wp-json\/wp\/v2\/product\/2394\/revisions"}],"wp:featuredmedia":[{"embeddable":true,"href":"https:\/\/inkskin.nl\/fr\/wp-json\/wp\/v2\/media\/1495"}],"wp:attachment":[{"href":"https:\/\/inkskin.nl\/fr\/wp-json\/wp\/v2\/media?parent=2394"}],"wp:term":[{"taxonomy":"product_brand","embeddable":true,"href":"https:\/\/inkskin.nl\/fr\/wp-json\/wp\/v2\/product_brand?post=2394"},{"taxonomy":"product_cat","embeddable":true,"href":"https:\/\/inkskin.nl\/fr\/wp-json\/wp\/v2\/product_cat?post=2394"},{"taxonomy":"product_tag","embeddable":true,"href":"https:\/\/inkskin.nl\/fr\/wp-json\/wp\/v2\/product_tag?post=2394"}],"curies":[{"name":"wp","href":"https:\/\/api.w.org\/{rel}","templated":true}]}}