{"id":2393,"date":"2024-03-27T09:48:06","date_gmt":"2024-03-27T09:48:06","guid":{"rendered":"https:\/\/inkskin.nl\/products\/kuro-sumi-imperial-tulip-orange\/"},"modified":"2024-03-27T09:48:06","modified_gmt":"2024-03-27T09:48:06","slug":"kuro-sumi-imperial-tulip-orange","status":"publish","type":"product","link":"https:\/\/inkskin.nl\/fr\/products\/kuro-sumi-imperial-tulip-orange\/","title":{"rendered":"Kuro Sumi Imperial &#8211; TULIP ORANGE"},"content":{"rendered":"<p>Vous \u00eates \u00e0 la recherche de la meilleure encre de tatouage ? Ne cherchez plus, car Kuro Sumi Imperial est le produit que vous recherchez ! Formul\u00e9e \u00e0 l&rsquo;origine au Japon, cette encre est enti\u00e8rement conforme \u00e0 la nouvelle r\u00e9glementation REACH de l&rsquo;UE. Cela signifie que vous pouvez b\u00e9n\u00e9ficier des meilleures mati\u00e8res premi\u00e8res et du meilleur processus de production. Le r\u00e9sultat ? Une encre impeccable et vibrante qui donne \u00e0 votre tatouage une toute nouvelle dimension.<\/p>\n<p>  Avec Kuro Sumi Imperial, vous n&rsquo;avez pas \u00e0 vous soucier de la qualit\u00e9 de l&rsquo;encre. C&rsquo;est le choix id\u00e9al pour les tatoueurs professionnels et les d\u00e9butants. Gr\u00e2ce \u00e0 la large gamme de couleurs, vous pouvez exp\u00e9rimenter \u00e0 l&rsquo;infini et laisser libre cours \u00e0 votre cr\u00e9ativit\u00e9.<\/p>\n<p>  N&rsquo;attendez plus et d\u00e9couvrez par vous-m\u00eame la haute qualit\u00e9 de Kuro Sumi Imperial. Donnez \u00e0 vos tatouages la touche finale parfaite avec cette encre de tatouage in\u00e9gal\u00e9e.<\/p>\n<p><strong>Kuro Sumi Imperial est-il conforme \u00e0 la r\u00e9glementation REACH de l&rsquo;UE ?<\/strong><br \/>\n  Oui, Kuro Sumi Imperial est enti\u00e8rement conforme \u00e0 la nouvelle r\u00e9glementation REACH de l&rsquo;UE.<\/p>\n<p><strong>Kuro Sumi Imperial convient-il aux tatoueurs professionnels et aux d\u00e9butants ?<\/strong><br \/>\n  Oui, Kuro Sumi Imperial est le choix id\u00e9al pour les tatoueurs professionnels et les d\u00e9butants.<\/p>\n<p><strong>Kuro Sumi Imperial offre-t-il une large gamme de couleurs ?<\/strong><br \/>\n  Oui, Kuro Sumi Imperial offre une large gamme de couleurs, ce qui vous permet d&rsquo;exp\u00e9rimenter \u00e0 l&rsquo;infini et de laisser libre cours \u00e0 votre cr\u00e9ativit\u00e9.<\/p>\n","protected":false},"excerpt":{"rendered":"<p>Vous \u00eates \u00e0 la recherche de la meilleure encre de tatouage ? Ne cherchez plus, car Kuro Sumi Imperial est le produit que vous recherchez ! Formul\u00e9e \u00e0 l&rsquo;origine au Japon, cette encre est enti\u00e8rement conforme \u00e0 la nouvelle r\u00e9glementation REACH de l&rsquo;UE. Cela signifie que vous pouvez b\u00e9n\u00e9ficier des meilleures mati\u00e8res premi\u00e8res et du [&hellip;]<\/p>\n","protected":false},"featured_media":1500,"template":"","meta":{"_acf_changed":false},"product_brand":[],"product_cat":[181,222],"product_tag":[183,250],"class_list":{"0":"post-2393","1":"product","2":"type-product","3":"status-publish","4":"has-post-thumbnail","6":"product_cat-encre-de-tatouage","7":"product_cat-kuro-sumi-encre-imperiale-approuve-reach","8":"product_tag-encre-de-tatouage","9":"product_tag-kuro-sumi-fr","11":"first","12":"instock","13":"taxable","14":"shipping-taxable","15":"purchasable","16":"product-type-simple"},"ams_default_variation_id":0,"ams_product_points_reward":[],"ams_product_discount_percentage":0,"ams_price_to_display":13.5,"ams_acf":[],"acf":[],"_links":{"self":[{"href":"https:\/\/inkskin.nl\/fr\/wp-json\/wp\/v2\/product\/2393","targetHints":{"allow":["GET"]}}],"collection":[{"href":"https:\/\/inkskin.nl\/fr\/wp-json\/wp\/v2\/product"}],"about":[{"href":"https:\/\/inkskin.nl\/fr\/wp-json\/wp\/v2\/types\/product"}],"version-history":[{"count":0,"href":"https:\/\/inkskin.nl\/fr\/wp-json\/wp\/v2\/product\/2393\/revisions"}],"wp:featuredmedia":[{"embeddable":true,"href":"https:\/\/inkskin.nl\/fr\/wp-json\/wp\/v2\/media\/1500"}],"wp:attachment":[{"href":"https:\/\/inkskin.nl\/fr\/wp-json\/wp\/v2\/media?parent=2393"}],"wp:term":[{"taxonomy":"product_brand","embeddable":true,"href":"https:\/\/inkskin.nl\/fr\/wp-json\/wp\/v2\/product_brand?post=2393"},{"taxonomy":"product_cat","embeddable":true,"href":"https:\/\/inkskin.nl\/fr\/wp-json\/wp\/v2\/product_cat?post=2393"},{"taxonomy":"product_tag","embeddable":true,"href":"https:\/\/inkskin.nl\/fr\/wp-json\/wp\/v2\/product_tag?post=2393"}],"curies":[{"name":"wp","href":"https:\/\/api.w.org\/{rel}","templated":true}]}}