{"id":2392,"date":"2024-03-27T09:47:58","date_gmt":"2024-03-27T09:47:58","guid":{"rendered":"https:\/\/inkskin.nl\/products\/kuro-sumi-imperial-brun-suedois\/"},"modified":"2024-03-27T09:47:58","modified_gmt":"2024-03-27T09:47:58","slug":"kuro-sumi-imperial-brun-suedois","status":"publish","type":"product","link":"https:\/\/inkskin.nl\/fr\/products\/kuro-sumi-imperial-brun-suedois\/","title":{"rendered":"Kuro Sumi Imperial &#8211; BRUN SUEDOIS"},"content":{"rendered":"<p>D\u00e9couvrez d\u00e8s maintenant la gamme r\u00e9volutionnaire Kuro Sumi Imperial ! Cette encre unique, formul\u00e9e \u00e0 l&rsquo;origine au Japon, est sp\u00e9cialement con\u00e7ue pour se conformer aux strictes r\u00e9glementations REACH de l&rsquo;UE. Gr\u00e2ce aux meilleures mati\u00e8res premi\u00e8res et au meilleur processus de production, nous vous garantissons la meilleure qualit\u00e9 d&rsquo;encre sur le march\u00e9.<\/p>\n<p>  Avec la gamme Kuro Sumi Imperial, vous pouvez cr\u00e9er des tatouages impeccables et \u00e9clatants sans effort. Que vous soyez un professionnel chevronn\u00e9 ou un tatoueur d\u00e9butant, cette encre ne vous d\u00e9cevra certainement pas. C&rsquo;est le choix id\u00e9al pour cr\u00e9er des lignes et des ombres d\u00e9taill\u00e9es, et les r\u00e9sultats sont absolument stup\u00e9fiants.<\/p>\n<p>  N&rsquo;attendez plus et d\u00e9couvrez d\u00e8s maintenant la puissance de Kuro Sumi Imperial. Enrichissez votre art du tatouage avec la meilleure encre disponible et laissez libre cours \u00e0 votre cr\u00e9ativit\u00e9. Commandez aujourd&rsquo;hui et d\u00e9couvrez pourquoi Kuro Sumi est le choix pr\u00e9f\u00e9r\u00e9 des tatoueurs professionnels du monde entier.<\/p>\n<p><strong>La gamme Kuro Sumi Imperial est-elle conforme \u00e0 la r\u00e9glementation europ\u00e9enne REACH ?<\/strong><br \/>\n  Oui, la gamme Kuro Sumi Imperial a \u00e9t\u00e9 sp\u00e9cialement con\u00e7ue pour r\u00e9pondre aux strictes r\u00e9glementations europ\u00e9ennes REACH.<\/p>\n<p><strong>La gamme Kuro Sumi Imperial convient-elle aux professionnels exp\u00e9riment\u00e9s comme aux tatoueurs d\u00e9butants ?<\/strong><br \/>\n  Oui, la gamme Kuro Sumi Imperial convient aussi bien aux professionnels chevronn\u00e9s qu&rsquo;aux tatoueurs d\u00e9butants.<\/p>\n<p><strong>Quelles sont les caract\u00e9ristiques de la gamme Kuro Sumi Imperial ?<\/strong><br \/>\n  La gamme Kuro Sumi Imperial offre des tatouages impeccables et \u00e9clatants, avec des lignes et des ombres d\u00e9taill\u00e9es. Le r\u00e9sultat est \u00e9poustouflant et de la plus haute qualit\u00e9 sur le march\u00e9.<\/p>\n","protected":false},"excerpt":{"rendered":"<p>D\u00e9couvrez d\u00e8s maintenant la gamme r\u00e9volutionnaire Kuro Sumi Imperial ! Cette encre unique, formul\u00e9e \u00e0 l&rsquo;origine au Japon, est sp\u00e9cialement con\u00e7ue pour se conformer aux strictes r\u00e9glementations REACH de l&rsquo;UE. Gr\u00e2ce aux meilleures mati\u00e8res premi\u00e8res et au meilleur processus de production, nous vous garantissons la meilleure qualit\u00e9 d&rsquo;encre sur le march\u00e9. Avec la gamme Kuro [&hellip;]<\/p>\n","protected":false},"featured_media":1494,"template":"","meta":{"_acf_changed":false},"product_brand":[],"product_cat":[181,222],"product_tag":[183,250],"class_list":{"0":"post-2392","1":"product","2":"type-product","3":"status-publish","4":"has-post-thumbnail","6":"product_cat-encre-de-tatouage","7":"product_cat-kuro-sumi-encre-imperiale-approuve-reach","8":"product_tag-encre-de-tatouage","9":"product_tag-kuro-sumi-fr","11":"first","12":"instock","13":"taxable","14":"shipping-taxable","15":"purchasable","16":"product-type-simple"},"ams_default_variation_id":0,"ams_product_points_reward":[],"ams_product_discount_percentage":0,"ams_price_to_display":13.5,"ams_acf":[],"acf":[],"_links":{"self":[{"href":"https:\/\/inkskin.nl\/fr\/wp-json\/wp\/v2\/product\/2392","targetHints":{"allow":["GET"]}}],"collection":[{"href":"https:\/\/inkskin.nl\/fr\/wp-json\/wp\/v2\/product"}],"about":[{"href":"https:\/\/inkskin.nl\/fr\/wp-json\/wp\/v2\/types\/product"}],"version-history":[{"count":0,"href":"https:\/\/inkskin.nl\/fr\/wp-json\/wp\/v2\/product\/2392\/revisions"}],"wp:featuredmedia":[{"embeddable":true,"href":"https:\/\/inkskin.nl\/fr\/wp-json\/wp\/v2\/media\/1494"}],"wp:attachment":[{"href":"https:\/\/inkskin.nl\/fr\/wp-json\/wp\/v2\/media?parent=2392"}],"wp:term":[{"taxonomy":"product_brand","embeddable":true,"href":"https:\/\/inkskin.nl\/fr\/wp-json\/wp\/v2\/product_brand?post=2392"},{"taxonomy":"product_cat","embeddable":true,"href":"https:\/\/inkskin.nl\/fr\/wp-json\/wp\/v2\/product_cat?post=2392"},{"taxonomy":"product_tag","embeddable":true,"href":"https:\/\/inkskin.nl\/fr\/wp-json\/wp\/v2\/product_tag?post=2392"}],"curies":[{"name":"wp","href":"https:\/\/api.w.org\/{rel}","templated":true}]}}