{"id":2391,"date":"2024-03-27T09:48:05","date_gmt":"2024-03-27T09:48:05","guid":{"rendered":"https:\/\/inkskin.nl\/products\/kuro-sumi-imperial-goth-grey\/"},"modified":"2024-03-27T09:48:05","modified_gmt":"2024-03-27T09:48:05","slug":"kuro-sumi-imperial-goth-grey","status":"publish","type":"product","link":"https:\/\/inkskin.nl\/fr\/products\/kuro-sumi-imperial-goth-grey\/","title":{"rendered":"Kuro Sumi Imperial &#8211; GOTH GREY"},"content":{"rendered":"<p>Vous \u00eates \u00e0 la recherche de la meilleure encre de tatouage, r\u00e9pondant aux normes de qualit\u00e9 les plus strictes ? Rencontrez Kuro Sumi Imperial. Formul\u00e9e \u00e0 l&rsquo;origine au Japon, cette encre a \u00e9t\u00e9 enti\u00e8rement adapt\u00e9e \u00e0 la nouvelle r\u00e9glementation REACH de l&rsquo;UE. Cela signifie que vous pouvez b\u00e9n\u00e9ficier des meilleures mati\u00e8res premi\u00e8res et du meilleur processus de production.  <\/p>\n<p>  Avec Kuro Sumi Imperial, vous avez la garantie d&rsquo;un tatouage impeccable et \u00e9clatant. L&rsquo;encre est de qualit\u00e9 sup\u00e9rieure et garantit de beaux r\u00e9sultats. Que vous soyez un tatoueur d\u00e9butant ou un professionnel chevronn\u00e9, cette encre convient \u00e0 tous.  <\/p>\n<p>  Optez pour l&rsquo;exp\u00e9rience ultime du tatouage avec Kuro Sumi Imperial et cr\u00e9ez les \u0153uvres d&rsquo;art les plus \u00e9poustouflantes sur la peau. Investissez dans la qualit\u00e9 et laissez-vous inspirer par les possibilit\u00e9s infinies qu&rsquo;offre cette encre.<\/p>\n<p><strong>Qu&rsquo;est-ce qui diff\u00e9rencie l&rsquo;encre de tatouage Kuro Sumi Imperial des autres encres disponibles sur le march\u00e9 ?<\/strong><br \/>\n  Kuro Sumi Imperial est formul\u00e9 au Japon et r\u00e9pond aux normes de qualit\u00e9 les plus \u00e9lev\u00e9es. Il est \u00e9galement conforme \u00e0 la r\u00e9glementation REACH de l&rsquo;UE, ce qui signifie qu&rsquo;il utilise les meilleures mati\u00e8res premi\u00e8res et les meilleurs processus de fabrication. Cela permet d&rsquo;obtenir un tatouage impeccable et \u00e9clatant.<\/p>\n<p><strong>Kuro Sumi Imperial convient-il aux d\u00e9butants et aux tatoueurs professionnels ?<\/strong><br \/>\n  Oui, Kuro Sumi Imperial convient aussi bien aux d\u00e9butants qu&rsquo;aux professionnels chevronn\u00e9s. Il offre une encre de la plus haute qualit\u00e9, permettant \u00e0 chacun d&rsquo;obtenir de beaux r\u00e9sultats, quel que soit son niveau d&rsquo;exp\u00e9rience.<\/p>\n<p><strong>Quels r\u00e9sultats puis-je attendre de l&rsquo;utilisation de l&rsquo;encre de tatouage Kuro Sumi Imperial ?<\/strong><br \/>\n  Avec Kuro Sumi Imperial, vous pouvez vous attendre \u00e0 des r\u00e9sultats \u00e9tonnants. L&rsquo;encre est de qualit\u00e9 sup\u00e9rieure et garantit des tatouages \u00e9clatants et impeccables. Il offre des possibilit\u00e9s infinies de cr\u00e9er des \u0153uvres d&rsquo;art \u00e9poustouflantes sur la peau. En investissant dans la qualit\u00e9 avec Kuro Sumi Imperial, vous obtiendrez sans aucun doute l&rsquo;exp\u00e9rience ultime en mati\u00e8re de tatouage.<\/p>\n","protected":false},"excerpt":{"rendered":"<p>Vous \u00eates \u00e0 la recherche de la meilleure encre de tatouage, r\u00e9pondant aux normes de qualit\u00e9 les plus strictes ? Rencontrez Kuro Sumi Imperial. Formul\u00e9e \u00e0 l&rsquo;origine au Japon, cette encre a \u00e9t\u00e9 enti\u00e8rement adapt\u00e9e \u00e0 la nouvelle r\u00e9glementation REACH de l&rsquo;UE. Cela signifie que vous pouvez b\u00e9n\u00e9ficier des meilleures mati\u00e8res premi\u00e8res et du meilleur [&hellip;]<\/p>\n","protected":false},"featured_media":1499,"template":"","meta":{"_acf_changed":false},"product_brand":[],"product_cat":[181,222],"product_tag":[183,250],"class_list":{"0":"post-2391","1":"product","2":"type-product","3":"status-publish","4":"has-post-thumbnail","6":"product_cat-encre-de-tatouage","7":"product_cat-kuro-sumi-encre-imperiale-approuve-reach","8":"product_tag-encre-de-tatouage","9":"product_tag-kuro-sumi-fr","11":"first","12":"instock","13":"taxable","14":"shipping-taxable","15":"purchasable","16":"product-type-simple"},"ams_default_variation_id":0,"ams_product_points_reward":[],"ams_product_discount_percentage":0,"ams_price_to_display":13.5,"ams_acf":[],"acf":[],"_links":{"self":[{"href":"https:\/\/inkskin.nl\/fr\/wp-json\/wp\/v2\/product\/2391","targetHints":{"allow":["GET"]}}],"collection":[{"href":"https:\/\/inkskin.nl\/fr\/wp-json\/wp\/v2\/product"}],"about":[{"href":"https:\/\/inkskin.nl\/fr\/wp-json\/wp\/v2\/types\/product"}],"version-history":[{"count":0,"href":"https:\/\/inkskin.nl\/fr\/wp-json\/wp\/v2\/product\/2391\/revisions"}],"wp:featuredmedia":[{"embeddable":true,"href":"https:\/\/inkskin.nl\/fr\/wp-json\/wp\/v2\/media\/1499"}],"wp:attachment":[{"href":"https:\/\/inkskin.nl\/fr\/wp-json\/wp\/v2\/media?parent=2391"}],"wp:term":[{"taxonomy":"product_brand","embeddable":true,"href":"https:\/\/inkskin.nl\/fr\/wp-json\/wp\/v2\/product_brand?post=2391"},{"taxonomy":"product_cat","embeddable":true,"href":"https:\/\/inkskin.nl\/fr\/wp-json\/wp\/v2\/product_cat?post=2391"},{"taxonomy":"product_tag","embeddable":true,"href":"https:\/\/inkskin.nl\/fr\/wp-json\/wp\/v2\/product_tag?post=2391"}],"curies":[{"name":"wp","href":"https:\/\/api.w.org\/{rel}","templated":true}]}}