{"id":2390,"date":"2024-03-27T09:47:57","date_gmt":"2024-03-27T09:47:57","guid":{"rendered":"https:\/\/inkskin.nl\/products\/kuro-sumi-imperial-empire-red\/"},"modified":"2024-03-27T09:47:57","modified_gmt":"2024-03-27T09:47:57","slug":"kuro-sumi-imperial-empire-red","status":"publish","type":"product","link":"https:\/\/inkskin.nl\/fr\/products\/kuro-sumi-imperial-empire-red\/","title":{"rendered":"Kuro Sumi Imperial &#8211; EMPIRE RED"},"content":{"rendered":"<p>D\u00e9couvrez la magie de l&rsquo;encre de tatouage imp\u00e9riale Kuro Sumi ! Formul\u00e9e \u00e0 l&rsquo;origine au Japon, cette encre l\u00e9gendaire a \u00e9t\u00e9 adapt\u00e9e aux nouvelles r\u00e9glementations REACH de l&rsquo;UE, ce qui vous permet de b\u00e9n\u00e9ficier d&rsquo;une qualit\u00e9 optimale et d&rsquo;une grande tranquillit\u00e9 d&rsquo;esprit.  <\/p>\n<p>  Avec la nouvelle gamme Imperial, vous \u00eates assur\u00e9 de disposer des meilleures mati\u00e8res premi\u00e8res et du meilleur processus de production. Le r\u00e9sultat ? Une encre impeccable et vibrante qui fait passer vos tatouages au niveau sup\u00e9rieur. Que vous soyez un tatoueur professionnel ou que vous souhaitiez simplement am\u00e9liorer vos propres tatouages, l&rsquo;encre de tatouage imp\u00e9riale Kuro Sumi vous permettra d&rsquo;obtenir des r\u00e9sultats \u00e9poustouflants sans effort.  <\/p>\n<p>  Lib\u00e9rez votre cr\u00e9ativit\u00e9 et cr\u00e9ez des chefs-d&rsquo;\u0153uvre sur la peau. Que vous choisissiez les noirs profonds ou les couleurs vives de la gamme Imperial, vous serez surpris par l&rsquo;intensit\u00e9 et la durabilit\u00e9 de cette encre. Faites confiance \u00e0 Kuro Sumi Imperial Tattoo Ink pour une exp\u00e9rience de tatouage parfaite.<\/p>\n<p><strong>L&rsquo;encre Kuro Sumi Imperial Tattoo Ink peut-elle \u00eatre utilis\u00e9e sans danger sur la peau ?<\/strong><br \/>\n  Oui, l&rsquo;encre de tatouage imp\u00e9riale Kuro Sumi est adapt\u00e9e \u00e0 la nouvelle r\u00e9glementation REACH de l&rsquo;UE, ce qui signifie qu&rsquo;elle r\u00e9pond aux normes de s\u00e9curit\u00e9 les plus strictes. Vous pouvez profiter de la meilleure qualit\u00e9 et de la tranquillit\u00e9 d&rsquo;esprit en utilisant cette encre.<\/p>\n<p><strong>Puis-je utiliser l&rsquo;encre Kuro Sumi Imperial Tattoo Ink m\u00eame si je ne suis pas un tatoueur professionnel ?<\/strong><br \/>\n  Absolument ! Que vous soyez un tatoueur professionnel ou que vous souhaitiez simplement am\u00e9liorer vos propres tatouages, Kuro Sumi Imperial Tattoo Ink convient \u00e0 tous. Avec cette encre, vous obtiendrez des r\u00e9sultats \u00e9poustouflants sans effort, quel que soit votre niveau d&rsquo;exp\u00e9rience.<\/p>\n<p><strong>Combien de temps les tatouages r\u00e9alis\u00e9s avec l&rsquo;encre Kuro Sumi Imperial Tattoo Ink restent-ils sur la peau ?<\/strong><br \/>\n  L&rsquo;encre Kuro Sumi Imperial Tattoo Ink est connue pour son intensit\u00e9 et sa durabilit\u00e9. Les tatouages r\u00e9alis\u00e9s avec cette encre restent longtemps sur la peau, ce qui vous permet de profiter longtemps de vos chefs-d&rsquo;\u0153uvre.<\/p>\n","protected":false},"excerpt":{"rendered":"<p>D\u00e9couvrez la magie de l&rsquo;encre de tatouage imp\u00e9riale Kuro Sumi ! Formul\u00e9e \u00e0 l&rsquo;origine au Japon, cette encre l\u00e9gendaire a \u00e9t\u00e9 adapt\u00e9e aux nouvelles r\u00e9glementations REACH de l&rsquo;UE, ce qui vous permet de b\u00e9n\u00e9ficier d&rsquo;une qualit\u00e9 optimale et d&rsquo;une grande tranquillit\u00e9 d&rsquo;esprit. Avec la nouvelle gamme Imperial, vous \u00eates assur\u00e9 de disposer des meilleures mati\u00e8res [&hellip;]<\/p>\n","protected":false},"featured_media":1493,"template":"","meta":{"_acf_changed":false},"product_brand":[],"product_cat":[181,222],"product_tag":[183,250],"class_list":{"0":"post-2390","1":"product","2":"type-product","3":"status-publish","4":"has-post-thumbnail","6":"product_cat-encre-de-tatouage","7":"product_cat-kuro-sumi-encre-imperiale-approuve-reach","8":"product_tag-encre-de-tatouage","9":"product_tag-kuro-sumi-fr","11":"first","12":"instock","13":"taxable","14":"shipping-taxable","15":"purchasable","16":"product-type-simple"},"ams_default_variation_id":0,"ams_product_points_reward":[],"ams_product_discount_percentage":0,"ams_price_to_display":13.5,"ams_acf":[],"acf":[],"_links":{"self":[{"href":"https:\/\/inkskin.nl\/fr\/wp-json\/wp\/v2\/product\/2390","targetHints":{"allow":["GET"]}}],"collection":[{"href":"https:\/\/inkskin.nl\/fr\/wp-json\/wp\/v2\/product"}],"about":[{"href":"https:\/\/inkskin.nl\/fr\/wp-json\/wp\/v2\/types\/product"}],"version-history":[{"count":0,"href":"https:\/\/inkskin.nl\/fr\/wp-json\/wp\/v2\/product\/2390\/revisions"}],"wp:featuredmedia":[{"embeddable":true,"href":"https:\/\/inkskin.nl\/fr\/wp-json\/wp\/v2\/media\/1493"}],"wp:attachment":[{"href":"https:\/\/inkskin.nl\/fr\/wp-json\/wp\/v2\/media?parent=2390"}],"wp:term":[{"taxonomy":"product_brand","embeddable":true,"href":"https:\/\/inkskin.nl\/fr\/wp-json\/wp\/v2\/product_brand?post=2390"},{"taxonomy":"product_cat","embeddable":true,"href":"https:\/\/inkskin.nl\/fr\/wp-json\/wp\/v2\/product_cat?post=2390"},{"taxonomy":"product_tag","embeddable":true,"href":"https:\/\/inkskin.nl\/fr\/wp-json\/wp\/v2\/product_tag?post=2390"}],"curies":[{"name":"wp","href":"https:\/\/api.w.org\/{rel}","templated":true}]}}