{"id":2389,"date":"2024-03-27T09:48:03","date_gmt":"2024-03-27T09:48:03","guid":{"rendered":"https:\/\/inkskin.nl\/products\/kuro-sumi-imperial-citron-dor\/"},"modified":"2024-03-27T09:48:03","modified_gmt":"2024-03-27T09:48:03","slug":"kuro-sumi-imperial-citron-dor","status":"publish","type":"product","link":"https:\/\/inkskin.nl\/fr\/products\/kuro-sumi-imperial-citron-dor\/","title":{"rendered":"Kuro Sumi Imperial &#8211; CITRON D&rsquo;OR"},"content":{"rendered":"<p>Vous cherchez l&rsquo;encre parfaite pour votre tatouage ? D\u00e9couvrez Kuro Sumi, l&rsquo;encre de tatouage originale du Japon ! Cette encre est de la plus haute qualit\u00e9 et est maintenant pr\u00e9sent\u00e9e dans la nouvelle gamme Imperial. La particularit\u00e9 de cette gamme est qu&rsquo;elle est enti\u00e8rement conforme \u00e0 la nouvelle r\u00e9glementation REACH de l&rsquo;UE. Cela signifie que vous pouvez profiter des meilleures mati\u00e8res premi\u00e8res et du meilleur processus de production en toute tranquillit\u00e9. Les r\u00e9sultats sont \u00e9tonnants : une encre impeccable et vibrante qui fait briller votre tatouage comme jamais auparavant. Que vous soyez un tatoueur professionnel ou que vous souhaitiez simplement r\u00e9aliser vos propres tatouages, Kuro Sumi vous garantit la meilleure qualit\u00e9. Qu&rsquo;attendez-vous ? Optez pour la meilleure encre et cr\u00e9ez les plus belles \u0153uvres d&rsquo;art sur votre peau !<\/p>\n<p><strong>Qu&rsquo;est-ce qui rend l&rsquo;encre de tatouage Kuro Sumi si sp\u00e9ciale ?<\/strong><br \/>\n  L&rsquo;encre de tatouage Kuro Sumi est de la plus haute qualit\u00e9 et est enti\u00e8rement conforme \u00e0 la nouvelle r\u00e9glementation REACH de l&rsquo;UE. Cela signifie que vous pouvez profiter des meilleures mati\u00e8res premi\u00e8res et du meilleur processus de production sans aucun souci. Le r\u00e9sultat est une encre impeccable et vibrante qui fait briller votre tatouage comme jamais auparavant.<\/p>\n<p><strong>\u00c0 qui convient l&rsquo;encre de tatouage Kuro Sumi ?<\/strong><br \/>\n  L&rsquo;encre de tatouage Kuro Sumi convient aussi bien aux tatoueurs professionnels qu&rsquo;aux personnes souhaitant r\u00e9aliser leurs propres tatouages. Elle offre la meilleure qualit\u00e9 \u00e0 tous ceux qui recherchent l&rsquo;encre parfaite pour leur tatouage.<\/p>\n<p><strong>Quelle est la gamme imp\u00e9riale de l&rsquo;encre de tatouage Kuro Sumi ?<\/strong><br \/>\n  La gamme Imperial est la derni\u00e8re collection d&rsquo;encre de tatouage Kuro Sumi. La particularit\u00e9 de cette gamme est qu&rsquo;elle est enti\u00e8rement conforme \u00e0 la nouvelle r\u00e9glementation REACH de l&rsquo;UE. Cela vous permet de b\u00e9n\u00e9ficier des meilleures mati\u00e8res premi\u00e8res et du meilleur processus de production en toute tranquillit\u00e9. L&rsquo;encre est impeccable et vibrante, faisant briller votre tatouage comme jamais auparavant.<\/p>\n","protected":false},"excerpt":{"rendered":"<p>Vous cherchez l&rsquo;encre parfaite pour votre tatouage ? D\u00e9couvrez Kuro Sumi, l&rsquo;encre de tatouage originale du Japon ! Cette encre est de la plus haute qualit\u00e9 et est maintenant pr\u00e9sent\u00e9e dans la nouvelle gamme Imperial. La particularit\u00e9 de cette gamme est qu&rsquo;elle est enti\u00e8rement conforme \u00e0 la nouvelle r\u00e9glementation REACH de l&rsquo;UE. Cela signifie que [&hellip;]<\/p>\n","protected":false},"featured_media":1498,"template":"","meta":{"_acf_changed":false},"product_brand":[],"product_cat":[181,222],"product_tag":[183,250],"class_list":{"0":"post-2389","1":"product","2":"type-product","3":"status-publish","4":"has-post-thumbnail","6":"product_cat-encre-de-tatouage","7":"product_cat-kuro-sumi-encre-imperiale-approuve-reach","8":"product_tag-encre-de-tatouage","9":"product_tag-kuro-sumi-fr","11":"first","12":"instock","13":"taxable","14":"shipping-taxable","15":"purchasable","16":"product-type-simple"},"ams_default_variation_id":0,"ams_product_points_reward":[],"ams_product_discount_percentage":0,"ams_price_to_display":13.5,"ams_acf":[],"acf":[],"_links":{"self":[{"href":"https:\/\/inkskin.nl\/fr\/wp-json\/wp\/v2\/product\/2389","targetHints":{"allow":["GET"]}}],"collection":[{"href":"https:\/\/inkskin.nl\/fr\/wp-json\/wp\/v2\/product"}],"about":[{"href":"https:\/\/inkskin.nl\/fr\/wp-json\/wp\/v2\/types\/product"}],"version-history":[{"count":0,"href":"https:\/\/inkskin.nl\/fr\/wp-json\/wp\/v2\/product\/2389\/revisions"}],"wp:featuredmedia":[{"embeddable":true,"href":"https:\/\/inkskin.nl\/fr\/wp-json\/wp\/v2\/media\/1498"}],"wp:attachment":[{"href":"https:\/\/inkskin.nl\/fr\/wp-json\/wp\/v2\/media?parent=2389"}],"wp:term":[{"taxonomy":"product_brand","embeddable":true,"href":"https:\/\/inkskin.nl\/fr\/wp-json\/wp\/v2\/product_brand?post=2389"},{"taxonomy":"product_cat","embeddable":true,"href":"https:\/\/inkskin.nl\/fr\/wp-json\/wp\/v2\/product_cat?post=2389"},{"taxonomy":"product_tag","embeddable":true,"href":"https:\/\/inkskin.nl\/fr\/wp-json\/wp\/v2\/product_tag?post=2389"}],"curies":[{"name":"wp","href":"https:\/\/api.w.org\/{rel}","templated":true}]}}