{"id":2385,"date":"2024-03-27T09:48:00","date_gmt":"2024-03-27T09:48:00","guid":{"rendered":"https:\/\/inkskin.nl\/products\/kuro-sumi-imperial-blanc\/"},"modified":"2024-03-27T09:48:00","modified_gmt":"2024-03-27T09:48:00","slug":"kuro-sumi-imperial-blanc","status":"publish","type":"product","link":"https:\/\/inkskin.nl\/fr\/products\/kuro-sumi-imperial-blanc\/","title":{"rendered":"Kuro Sumi Imperial &#8211; BLANC"},"content":{"rendered":"<p>D\u00e9couvrez d\u00e8s maintenant la gamme r\u00e9volutionnaire Kuro Sumi Imperial ! Formul\u00e9e \u00e0 l&rsquo;origine au Japon, cette encre est d\u00e9sormais enti\u00e8rement conforme \u00e0 la nouvelle r\u00e9glementation REACH de l&rsquo;UE. En utilisant les meilleures mati\u00e8res premi\u00e8res et le meilleur processus de fabrication, Kuro Sumi garantit une encre impeccable et vibrante.<\/p>\n<p>  Avec la gamme Kuro Sumi Imperial, vous avez la garantie d&rsquo;une exp\u00e9rience de tatouage exceptionnelle. L&rsquo;encre est d&rsquo;une qualit\u00e9 in\u00e9gal\u00e9e et offre une intensit\u00e9 de couleur sans pr\u00e9c\u00e9dent. Vos tatouages prendront vie gr\u00e2ce aux couleurs vives et \u00e9clatantes de Kuro Sumi.<\/p>\n<p>  Que vous soyez un tatoueur professionnel ou un simple amateur de tatouages, Kuro Sumi est le choix id\u00e9al. L&rsquo;encre est facile \u00e0 appliquer et l&rsquo;intensit\u00e9 de la couleur est durable. Lib\u00e9rez votre cr\u00e9ativit\u00e9 et cr\u00e9ez de magnifiques \u0153uvres d&rsquo;art avec la gamme Kuro Sumi Imperial !<\/p>\n<p><strong>Quelle est la gamme Kuro Sumi Imperial ?<\/strong><br \/>\n  La gamme Kuro Sumi Imperial est une encre r\u00e9volutionnaire d\u00e9velopp\u00e9e \u00e0 l&rsquo;origine au Japon et d\u00e9sormais conforme \u00e0 la r\u00e9glementation REACH de l&rsquo;UE. Il est r\u00e9put\u00e9 pour sa qualit\u00e9 in\u00e9gal\u00e9e, ses couleurs \u00e9clatantes et l&rsquo;intensit\u00e9 durable de ses couleurs.<\/p>\n<p><strong>La gamme Kuro Sumi Imperial convient-elle aux tatoueurs professionnels et aux amateurs de tatouage ?<\/strong><br \/>\n  Oui, la gamme Kuro Sumi Imperial convient aussi bien aux tatoueurs professionnels qu&rsquo;aux amateurs de tatouage. Que vous soyez un expert ou un passionn\u00e9 de tatouages, l&rsquo;encre est facile \u00e0 appliquer et donne de beaux r\u00e9sultats.<\/p>\n<p><strong>Quelles sont les garanties offertes par Kuro Sumi concernant son encre ?<\/strong><br \/>\n  Kuro Sumi garantit une encre impeccable et vibrante. La gamme est compos\u00e9e des meilleures mati\u00e8res premi\u00e8res et subit le meilleur processus de production. Cela garantit une exp\u00e9rience de tatouage exceptionnelle et des tatouages qui prennent vie gr\u00e2ce \u00e0 des couleurs vives et \u00e9clatantes.<\/p>\n","protected":false},"excerpt":{"rendered":"<p>D\u00e9couvrez d\u00e8s maintenant la gamme r\u00e9volutionnaire Kuro Sumi Imperial ! Formul\u00e9e \u00e0 l&rsquo;origine au Japon, cette encre est d\u00e9sormais enti\u00e8rement conforme \u00e0 la nouvelle r\u00e9glementation REACH de l&rsquo;UE. En utilisant les meilleures mati\u00e8res premi\u00e8res et le meilleur processus de fabrication, Kuro Sumi garantit une encre impeccable et vibrante. Avec la gamme Kuro Sumi Imperial, vous [&hellip;]<\/p>\n","protected":false},"featured_media":1496,"template":"","meta":{"_acf_changed":false},"product_brand":[],"product_cat":[181,222],"product_tag":[183,250],"class_list":{"0":"post-2385","1":"product","2":"type-product","3":"status-publish","4":"has-post-thumbnail","6":"product_cat-encre-de-tatouage","7":"product_cat-kuro-sumi-encre-imperiale-approuve-reach","8":"product_tag-encre-de-tatouage","9":"product_tag-kuro-sumi-fr","11":"first","12":"instock","13":"taxable","14":"shipping-taxable","15":"purchasable","16":"product-type-simple"},"ams_default_variation_id":0,"ams_product_points_reward":[],"ams_product_discount_percentage":0,"ams_price_to_display":13.5,"ams_acf":[],"acf":[],"_links":{"self":[{"href":"https:\/\/inkskin.nl\/fr\/wp-json\/wp\/v2\/product\/2385","targetHints":{"allow":["GET"]}}],"collection":[{"href":"https:\/\/inkskin.nl\/fr\/wp-json\/wp\/v2\/product"}],"about":[{"href":"https:\/\/inkskin.nl\/fr\/wp-json\/wp\/v2\/types\/product"}],"version-history":[{"count":0,"href":"https:\/\/inkskin.nl\/fr\/wp-json\/wp\/v2\/product\/2385\/revisions"}],"wp:featuredmedia":[{"embeddable":true,"href":"https:\/\/inkskin.nl\/fr\/wp-json\/wp\/v2\/media\/1496"}],"wp:attachment":[{"href":"https:\/\/inkskin.nl\/fr\/wp-json\/wp\/v2\/media?parent=2385"}],"wp:term":[{"taxonomy":"product_brand","embeddable":true,"href":"https:\/\/inkskin.nl\/fr\/wp-json\/wp\/v2\/product_brand?post=2385"},{"taxonomy":"product_cat","embeddable":true,"href":"https:\/\/inkskin.nl\/fr\/wp-json\/wp\/v2\/product_cat?post=2385"},{"taxonomy":"product_tag","embeddable":true,"href":"https:\/\/inkskin.nl\/fr\/wp-json\/wp\/v2\/product_tag?post=2385"}],"curies":[{"name":"wp","href":"https:\/\/api.w.org\/{rel}","templated":true}]}}