{"id":2383,"date":"2024-03-27T09:47:54","date_gmt":"2024-03-27T09:47:54","guid":{"rendered":"https:\/\/inkskin.nl\/products\/kuro-sumi-imperial-ultramarine\/"},"modified":"2024-03-27T09:47:54","modified_gmt":"2024-03-27T09:47:54","slug":"kuro-sumi-imperial-ultramarine","status":"publish","type":"product","link":"https:\/\/inkskin.nl\/fr\/products\/kuro-sumi-imperial-ultramarine\/","title":{"rendered":"Kuro Sumi Imperial &#8211; ULTRAMARINE"},"content":{"rendered":"<p>D\u00e9couvrez Kuro Sumi, l&rsquo;encre japonaise qui fait passer votre exp\u00e9rience du tatouage au niveau sup\u00e9rieur. Cette encre n&rsquo;est pas une encre comme les autres, c&rsquo;est une \u0153uvre d&rsquo;art en soi. Avec la nouvelle gamme Imperial, vous \u00eates assur\u00e9 de disposer des meilleures mati\u00e8res premi\u00e8res et du meilleur processus de fabrication, ce qui se traduit par une encre impeccable et \u00e9clatante. Chaque d\u00e9tail est rendu avec pr\u00e9cision, donnant vie \u00e0 votre tatouage avec une profondeur et une clart\u00e9 sans pr\u00e9c\u00e9dent. En outre, Kuro Sumi est enti\u00e8rement conforme \u00e0 la nouvelle r\u00e9glementation REACH de l&rsquo;UE, ce qui vous permet de profiter de ce chef-d&rsquo;\u0153uvre en toute s\u00e9r\u00e9nit\u00e9. Que vous soyez un amateur de tatouage chevronn\u00e9 ou que vous commenciez \u00e0 peine votre voyage, Kuro Sumi est le compagnon id\u00e9al pour donner vie \u00e0 votre vision cr\u00e9ative.<\/p>\n<p><strong>Qu&rsquo;est-ce qui diff\u00e9rencie l&rsquo;encre Kuro Sumi des autres marques d&rsquo;encre ?<\/strong><br \/>\n  Kuro Sumi se distingue par l&rsquo;utilisation de mati\u00e8res premi\u00e8res de haute qualit\u00e9 et un processus de production minutieux, ce qui permet d&rsquo;obtenir des encres vibrantes et impeccables d&rsquo;une profondeur et d&rsquo;une clart\u00e9 sans pr\u00e9c\u00e9dent.<\/p>\n<p><strong>Kuro Sumi est-il conforme \u00e0 la r\u00e9glementation REACH de l&rsquo;UE ?<\/strong><br \/>\n  Oui, Kuro Sumi est enti\u00e8rement conforme \u00e0 la nouvelle r\u00e9glementation REACH de l&rsquo;UE, ce qui permet de l&rsquo;utiliser en toute s\u00e9curit\u00e9 sans se soucier des substances nocives.<\/p>\n<p><strong>Kuro Sumi convient-il aux amateurs de tatouage exp\u00e9riment\u00e9s et aux d\u00e9butants ?<\/strong><br \/>\n  Oui, Kuro Sumi convient aussi bien aux amateurs de tatouage chevronn\u00e9s qu&rsquo;aux d\u00e9butants qui se lancent dans l&rsquo;aventure du tatouage. Il permet de donner vie \u00e0 la vision cr\u00e9ative de chaque tatoueur, quel que soit son niveau d&rsquo;exp\u00e9rience.<\/p>\n","protected":false},"excerpt":{"rendered":"<p>D\u00e9couvrez Kuro Sumi, l&rsquo;encre japonaise qui fait passer votre exp\u00e9rience du tatouage au niveau sup\u00e9rieur. Cette encre n&rsquo;est pas une encre comme les autres, c&rsquo;est une \u0153uvre d&rsquo;art en soi. Avec la nouvelle gamme Imperial, vous \u00eates assur\u00e9 de disposer des meilleures mati\u00e8res premi\u00e8res et du meilleur processus de fabrication, ce qui se traduit par [&hellip;]<\/p>\n","protected":false},"featured_media":1490,"template":"","meta":{"_acf_changed":false},"product_brand":[],"product_cat":[181,222],"product_tag":[183,250],"class_list":{"0":"post-2383","1":"product","2":"type-product","3":"status-publish","4":"has-post-thumbnail","6":"product_cat-encre-de-tatouage","7":"product_cat-kuro-sumi-encre-imperiale-approuve-reach","8":"product_tag-encre-de-tatouage","9":"product_tag-kuro-sumi-fr","11":"first","12":"instock","13":"taxable","14":"shipping-taxable","15":"purchasable","16":"product-type-simple"},"ams_default_variation_id":0,"ams_product_points_reward":[],"ams_product_discount_percentage":0,"ams_price_to_display":13.5,"ams_acf":[],"acf":[],"_links":{"self":[{"href":"https:\/\/inkskin.nl\/fr\/wp-json\/wp\/v2\/product\/2383","targetHints":{"allow":["GET"]}}],"collection":[{"href":"https:\/\/inkskin.nl\/fr\/wp-json\/wp\/v2\/product"}],"about":[{"href":"https:\/\/inkskin.nl\/fr\/wp-json\/wp\/v2\/types\/product"}],"version-history":[{"count":0,"href":"https:\/\/inkskin.nl\/fr\/wp-json\/wp\/v2\/product\/2383\/revisions"}],"wp:featuredmedia":[{"embeddable":true,"href":"https:\/\/inkskin.nl\/fr\/wp-json\/wp\/v2\/media\/1490"}],"wp:attachment":[{"href":"https:\/\/inkskin.nl\/fr\/wp-json\/wp\/v2\/media?parent=2383"}],"wp:term":[{"taxonomy":"product_brand","embeddable":true,"href":"https:\/\/inkskin.nl\/fr\/wp-json\/wp\/v2\/product_brand?post=2383"},{"taxonomy":"product_cat","embeddable":true,"href":"https:\/\/inkskin.nl\/fr\/wp-json\/wp\/v2\/product_cat?post=2383"},{"taxonomy":"product_tag","embeddable":true,"href":"https:\/\/inkskin.nl\/fr\/wp-json\/wp\/v2\/product_tag?post=2383"}],"curies":[{"name":"wp","href":"https:\/\/api.w.org\/{rel}","templated":true}]}}