{"id":2382,"date":"2024-03-27T09:47:45","date_gmt":"2024-03-27T09:47:45","guid":{"rendered":"https:\/\/inkskin.nl\/products\/kuro-sumi-imperial-vert-minty\/"},"modified":"2024-03-27T09:47:45","modified_gmt":"2024-03-27T09:47:45","slug":"kuro-sumi-imperial-vert-minty","status":"publish","type":"product","link":"https:\/\/inkskin.nl\/fr\/products\/kuro-sumi-imperial-vert-minty\/","title":{"rendered":"Kuro Sumi Imperial &#8211; VERT MINTY"},"content":{"rendered":"<p>Voici Kuro Sumi Imperial, l&rsquo;encre parfaite pour vos aventures de tatouage ! Formul\u00e9e \u00e0 l&rsquo;origine au Japon et d\u00e9sormais enti\u00e8rement adapt\u00e9e aux nouvelles r\u00e9glementations REACH de l&rsquo;UE, cette encre est de la plus haute qualit\u00e9. Gr\u00e2ce aux meilleures mati\u00e8res premi\u00e8res et au meilleur processus de fabrication, nous vous garantissons une exp\u00e9rience de tatouage impeccable et vivante.  <\/p>\n<p>  Que vous soyez un d\u00e9butant qui s&rsquo;initie au tatouage ou un professionnel chevronn\u00e9 \u00e0 la recherche de la meilleure encre, Kuro Sumi Imperial est fait pour vous. Cette encre offre une couleur profonde et intense qui dure. Gr\u00e2ce \u00e0 une large gamme de couleurs, vous pouvez faire preuve d&rsquo;une cr\u00e9ativit\u00e9 infinie et faire passer votre \u0153uvre d&rsquo;art \u00e0 la vitesse sup\u00e9rieure.  <\/p>\n<p>  Faites confiance \u00e0 Kuro Sumi Imperial pour obtenir les meilleurs r\u00e9sultats et transformez chaque tatouage en chef-d&rsquo;\u0153uvre !<\/p>\n<p><strong>Qu&rsquo;est-ce qui rend l&rsquo;encre Kuro Sumi Imperial si sp\u00e9ciale et de haute qualit\u00e9 ?<\/strong><br \/>\n  Formul\u00e9e \u00e0 l&rsquo;origine au Japon, l&rsquo;encre Kuro Sumi Imperial est d\u00e9sormais enti\u00e8rement conforme \u00e0 la nouvelle r\u00e9glementation REACH de l&rsquo;UE. L&rsquo;encre est fabriqu\u00e9e \u00e0 partir des meilleures mati\u00e8res premi\u00e8res et fait l&rsquo;objet d&rsquo;un processus de fabrication minutieux, ce qui permet de r\u00e9aliser des tatouages impeccables et \u00e9clatants.<\/p>\n<p><strong>L&rsquo;encre Kuro Sumi Imperial convient-elle aux tatoueurs d\u00e9butants et exp\u00e9riment\u00e9s ?<\/strong><br \/>\n  Oui, absolument ! L&rsquo;encre Kuro Sumi Imperial est con\u00e7ue pour satisfaire les d\u00e9butants comme les professionnels exp\u00e9riment\u00e9s. Que vous d\u00e9butiez dans le tatouage ou que vous ayez d\u00e9j\u00e0 des ann\u00e9es d&rsquo;exp\u00e9rience, cette encre offre des couleurs profondes et intenses qui durent et vous aident \u00e0 faire passer votre cr\u00e9ativit\u00e9 au niveau sup\u00e9rieur.<\/p>\n<p><strong>Combien de couleurs sont disponibles dans la gamme d&rsquo;encres Kuro Sumi Imperial ?<\/strong><br \/>\n  La gamme d&rsquo;encres Kuro Sumi Imperial offre un large choix de couleurs. Cela vous permet d&rsquo;\u00eatre infiniment cr\u00e9atif et de faire passer votre \u0153uvre d&rsquo;art au niveau sup\u00e9rieur. Le nombre exact de couleurs dans la gamme peut varier, mais vous pouvez \u00eatre s\u00fbr qu&rsquo;il y a suffisamment d&rsquo;options pour r\u00e9pondre \u00e0 vos besoins.<\/p>\n","protected":false},"excerpt":{"rendered":"<p>Voici Kuro Sumi Imperial, l&rsquo;encre parfaite pour vos aventures de tatouage ! Formul\u00e9e \u00e0 l&rsquo;origine au Japon et d\u00e9sormais enti\u00e8rement adapt\u00e9e aux nouvelles r\u00e9glementations REACH de l&rsquo;UE, cette encre est de la plus haute qualit\u00e9. Gr\u00e2ce aux meilleures mati\u00e8res premi\u00e8res et au meilleur processus de fabrication, nous vous garantissons une exp\u00e9rience de tatouage impeccable et [&hellip;]<\/p>\n","protected":false},"featured_media":1484,"template":"","meta":{"_acf_changed":false},"product_brand":[],"product_cat":[181,222],"product_tag":[183,250],"class_list":{"0":"post-2382","1":"product","2":"type-product","3":"status-publish","4":"has-post-thumbnail","6":"product_cat-encre-de-tatouage","7":"product_cat-kuro-sumi-encre-imperiale-approuve-reach","8":"product_tag-encre-de-tatouage","9":"product_tag-kuro-sumi-fr","11":"first","12":"outofstock","13":"taxable","14":"shipping-taxable","15":"purchasable","16":"product-type-simple"},"ams_default_variation_id":0,"ams_product_points_reward":[],"ams_product_discount_percentage":0,"ams_price_to_display":13.5,"ams_acf":[],"acf":[],"_links":{"self":[{"href":"https:\/\/inkskin.nl\/fr\/wp-json\/wp\/v2\/product\/2382","targetHints":{"allow":["GET"]}}],"collection":[{"href":"https:\/\/inkskin.nl\/fr\/wp-json\/wp\/v2\/product"}],"about":[{"href":"https:\/\/inkskin.nl\/fr\/wp-json\/wp\/v2\/types\/product"}],"version-history":[{"count":0,"href":"https:\/\/inkskin.nl\/fr\/wp-json\/wp\/v2\/product\/2382\/revisions"}],"wp:featuredmedia":[{"embeddable":true,"href":"https:\/\/inkskin.nl\/fr\/wp-json\/wp\/v2\/media\/1484"}],"wp:attachment":[{"href":"https:\/\/inkskin.nl\/fr\/wp-json\/wp\/v2\/media?parent=2382"}],"wp:term":[{"taxonomy":"product_brand","embeddable":true,"href":"https:\/\/inkskin.nl\/fr\/wp-json\/wp\/v2\/product_brand?post=2382"},{"taxonomy":"product_cat","embeddable":true,"href":"https:\/\/inkskin.nl\/fr\/wp-json\/wp\/v2\/product_cat?post=2382"},{"taxonomy":"product_tag","embeddable":true,"href":"https:\/\/inkskin.nl\/fr\/wp-json\/wp\/v2\/product_tag?post=2382"}],"curies":[{"name":"wp","href":"https:\/\/api.w.org\/{rel}","templated":true}]}}