{"id":2381,"date":"2024-03-27T09:47:53","date_gmt":"2024-03-27T09:47:53","guid":{"rendered":"https:\/\/inkskin.nl\/products\/kuro-sumi-imperial-respiration-bleue\/"},"modified":"2024-03-27T09:47:53","modified_gmt":"2024-03-27T09:47:53","slug":"kuro-sumi-imperial-respiration-bleue","status":"publish","type":"product","link":"https:\/\/inkskin.nl\/fr\/products\/kuro-sumi-imperial-respiration-bleue\/","title":{"rendered":"Kuro Sumi Imperial &#8211; RESPIRATION BLEUE"},"content":{"rendered":"<p>D\u00e9couvrez Kuro Sumi, l&rsquo;encre japonaise originaire du pays du soleil levant. Cette nouvelle gamme Imperial a \u00e9t\u00e9 sp\u00e9cialement con\u00e7ue pour se conformer aux strictes r\u00e9glementations REACH de l&rsquo;UE, vous garantissant ainsi des mati\u00e8res premi\u00e8res et un processus de fabrication de la plus haute qualit\u00e9.  <\/p>\n<p>  Avec Kuro Sumi, vous avez la garantie d&rsquo;une exp\u00e9rience de tatouage impeccable et vibrante. L&rsquo;encre est parfaite pour les tatoueurs d\u00e9butants et exp\u00e9riment\u00e9s. Gr\u00e2ce \u00e0 sa formulation unique et \u00e0 son processus de fabrication minutieux, vous cr\u00e9ez sans effort de magnifiques \u0153uvres d&rsquo;art sur la peau.  <\/p>\n<p>  Que vous recherchiez des lignes noires intenses ou des accents de couleur vibrants, Kuro Sumi a tout ce qu&rsquo;il vous faut. Cette encre est un must absolu pour tout amateur de tatouage. Faites confiance \u00e0 la qualit\u00e9 et \u00e0 la tradition du Japon et offrez-vous la meilleure exp\u00e9rience de tatouage avec Kuro Sumi.<\/p>\n<p><strong>D&rsquo;o\u00f9 vient le Kuro Sumi ?<\/strong><br \/>\n  Le Kuro Sumi trouve ses origines au Japon, le pays du soleil levant.<\/p>\n<p><strong>Kuro Sumi est-il conforme \u00e0 la r\u00e9glementation REACH de l&rsquo;UE ?<\/strong><br \/>\n  Oui, Kuro Sumi est sp\u00e9cialement con\u00e7u pour se conformer aux strictes r\u00e9glementations REACH de l&rsquo;UE, ce qui vous garantit des mati\u00e8res premi\u00e8res et un processus de fabrication de la plus haute qualit\u00e9.<\/p>\n<p><strong>Kuro Sumi convient-il aux tatoueurs novices et exp\u00e9riment\u00e9s ?<\/strong><br \/>\n  Oui, Kuro Sumi est parfait pour les tatoueurs novices et exp\u00e9riment\u00e9s. Gr\u00e2ce \u00e0 sa formulation unique et \u00e0 son processus de fabrication minutieux, vous cr\u00e9ez sans effort de magnifiques \u0153uvres d&rsquo;art sur la peau.<\/p>\n","protected":false},"excerpt":{"rendered":"<p>D\u00e9couvrez Kuro Sumi, l&rsquo;encre japonaise originaire du pays du soleil levant. Cette nouvelle gamme Imperial a \u00e9t\u00e9 sp\u00e9cialement con\u00e7ue pour se conformer aux strictes r\u00e9glementations REACH de l&rsquo;UE, vous garantissant ainsi des mati\u00e8res premi\u00e8res et un processus de fabrication de la plus haute qualit\u00e9. Avec Kuro Sumi, vous avez la garantie d&rsquo;une exp\u00e9rience de tatouage [&hellip;]<\/p>\n","protected":false},"featured_media":1489,"template":"","meta":{"_acf_changed":false},"product_brand":[],"product_cat":[181,222],"product_tag":[183,250],"class_list":{"0":"post-2381","1":"product","2":"type-product","3":"status-publish","4":"has-post-thumbnail","6":"product_cat-encre-de-tatouage","7":"product_cat-kuro-sumi-encre-imperiale-approuve-reach","8":"product_tag-encre-de-tatouage","9":"product_tag-kuro-sumi-fr","11":"first","12":"instock","13":"taxable","14":"shipping-taxable","15":"purchasable","16":"product-type-simple"},"ams_default_variation_id":0,"ams_product_points_reward":[],"ams_product_discount_percentage":0,"ams_price_to_display":13.5,"ams_acf":[],"acf":[],"_links":{"self":[{"href":"https:\/\/inkskin.nl\/fr\/wp-json\/wp\/v2\/product\/2381","targetHints":{"allow":["GET"]}}],"collection":[{"href":"https:\/\/inkskin.nl\/fr\/wp-json\/wp\/v2\/product"}],"about":[{"href":"https:\/\/inkskin.nl\/fr\/wp-json\/wp\/v2\/types\/product"}],"version-history":[{"count":0,"href":"https:\/\/inkskin.nl\/fr\/wp-json\/wp\/v2\/product\/2381\/revisions"}],"wp:featuredmedia":[{"embeddable":true,"href":"https:\/\/inkskin.nl\/fr\/wp-json\/wp\/v2\/media\/1489"}],"wp:attachment":[{"href":"https:\/\/inkskin.nl\/fr\/wp-json\/wp\/v2\/media?parent=2381"}],"wp:term":[{"taxonomy":"product_brand","embeddable":true,"href":"https:\/\/inkskin.nl\/fr\/wp-json\/wp\/v2\/product_brand?post=2381"},{"taxonomy":"product_cat","embeddable":true,"href":"https:\/\/inkskin.nl\/fr\/wp-json\/wp\/v2\/product_cat?post=2381"},{"taxonomy":"product_tag","embeddable":true,"href":"https:\/\/inkskin.nl\/fr\/wp-json\/wp\/v2\/product_tag?post=2381"}],"curies":[{"name":"wp","href":"https:\/\/api.w.org\/{rel}","templated":true}]}}