{"id":2375,"date":"2024-03-27T09:47:47","date_gmt":"2024-03-27T09:47:47","guid":{"rendered":"https:\/\/inkskin.nl\/products\/kuro-sumi-imperial-atlantique\/"},"modified":"2024-03-27T09:47:47","modified_gmt":"2024-03-27T09:47:47","slug":"kuro-sumi-imperial-atlantique","status":"publish","type":"product","link":"https:\/\/inkskin.nl\/fr\/products\/kuro-sumi-imperial-atlantique\/","title":{"rendered":"Kuro Sumi Imperial &#8211; ATLANTIQUE"},"content":{"rendered":"<p>D\u00e9couvrez Kuro Sumi, l&rsquo;encre ultime pour tous les tatoueurs ! Formul\u00e9e \u00e0 l&rsquo;origine au Japon, cette encre est connue pour sa qualit\u00e9 in\u00e9gal\u00e9e et ses couleurs \u00e9clatantes. Avec la nouvelle gamme Imperial, Kuro Sumi se conforme enti\u00e8rement \u00e0 la nouvelle r\u00e9glementation REACH de l&rsquo;UE, ce qui signifie que vous pouvez profiter des meilleures mati\u00e8res premi\u00e8res et du meilleur processus de production.  <\/p>\n<p>  Avec Kuro Sumi, vous avez la garantie d&rsquo;une exp\u00e9rience de tatouage sans faille. L&rsquo;encre glisse doucement sur la peau et garantit des r\u00e9sultats durables. Que vous souhaitiez cr\u00e9er un motif d\u00e9taill\u00e9 ou une combinaison de couleurs frappante, Kuro Sumi a tout ce qu&rsquo;il vous faut.  <\/p>\n<p>  Qu&rsquo;attendez-vous ? Optez pour la meilleure encre du march\u00e9 et lib\u00e9rez votre cr\u00e9ativit\u00e9 avec Kuro Sumi !<\/p>\n<p><strong>Qu&rsquo;est-ce qui distingue l&rsquo;encre Kuro Sumi des autres encres de tatouage ?<\/strong><br \/>\n  L&rsquo;encre Kuro Sumi est connue pour sa qualit\u00e9 in\u00e9gal\u00e9e et ses couleurs \u00e9clatantes. Formul\u00e9 \u00e0 l&rsquo;origine au Japon, il utilise les meilleures mati\u00e8res premi\u00e8res et le meilleur processus de fabrication. La nouvelle gamme Imperial est \u00e9galement conforme \u00e0 la r\u00e9glementation europ\u00e9enne REACH.<\/p>\n<p><strong>L&rsquo;encre Kuro Sumi convient-elle pour les dessins d\u00e9taill\u00e9s ?<\/strong><br \/>\n  Oui, l&rsquo;encre Kuro Sumi est parfaite pour les dessins d\u00e9taill\u00e9s. Il glisse en douceur sur la peau et garantit des r\u00e9sultats durables. Que vous souhaitiez cr\u00e9er des lignes fines ou des d\u00e9tails complexes, Kuro Sumi a tout ce qu&rsquo;il vous faut.<\/p>\n<p><strong>Puis-je cr\u00e9er des combinaisons de couleurs \u00e9tonnantes avec l&rsquo;encre Kuro Sumi ?<\/strong><br \/>\n  Absolument ! L&rsquo;encre Kuro Sumi offre une large gamme de couleurs vibrantes, ce qui vous donne des possibilit\u00e9s infinies de cr\u00e9er des combinaisons de couleurs saisissantes. Lib\u00e9rez votre cr\u00e9ativit\u00e9 et cr\u00e9ez des motifs de tatouage uniques et accrocheurs avec l&rsquo;encre Kuro Sumi.<\/p>\n","protected":false},"excerpt":{"rendered":"<p>D\u00e9couvrez Kuro Sumi, l&rsquo;encre ultime pour tous les tatoueurs ! Formul\u00e9e \u00e0 l&rsquo;origine au Japon, cette encre est connue pour sa qualit\u00e9 in\u00e9gal\u00e9e et ses couleurs \u00e9clatantes. Avec la nouvelle gamme Imperial, Kuro Sumi se conforme enti\u00e8rement \u00e0 la nouvelle r\u00e9glementation REACH de l&rsquo;UE, ce qui signifie que vous pouvez profiter des meilleures mati\u00e8res premi\u00e8res [&hellip;]<\/p>\n","protected":false},"featured_media":1486,"template":"","meta":{"_acf_changed":false},"product_brand":[],"product_cat":[181,222],"product_tag":[183,250],"class_list":{"0":"post-2375","1":"product","2":"type-product","3":"status-publish","4":"has-post-thumbnail","6":"product_cat-encre-de-tatouage","7":"product_cat-kuro-sumi-encre-imperiale-approuve-reach","8":"product_tag-encre-de-tatouage","9":"product_tag-kuro-sumi-fr","11":"first","12":"instock","13":"taxable","14":"shipping-taxable","15":"purchasable","16":"product-type-simple"},"ams_default_variation_id":0,"ams_product_points_reward":[],"ams_product_discount_percentage":0,"ams_price_to_display":13.5,"ams_acf":[],"acf":[],"_links":{"self":[{"href":"https:\/\/inkskin.nl\/fr\/wp-json\/wp\/v2\/product\/2375","targetHints":{"allow":["GET"]}}],"collection":[{"href":"https:\/\/inkskin.nl\/fr\/wp-json\/wp\/v2\/product"}],"about":[{"href":"https:\/\/inkskin.nl\/fr\/wp-json\/wp\/v2\/types\/product"}],"version-history":[{"count":0,"href":"https:\/\/inkskin.nl\/fr\/wp-json\/wp\/v2\/product\/2375\/revisions"}],"wp:featuredmedia":[{"embeddable":true,"href":"https:\/\/inkskin.nl\/fr\/wp-json\/wp\/v2\/media\/1486"}],"wp:attachment":[{"href":"https:\/\/inkskin.nl\/fr\/wp-json\/wp\/v2\/media?parent=2375"}],"wp:term":[{"taxonomy":"product_brand","embeddable":true,"href":"https:\/\/inkskin.nl\/fr\/wp-json\/wp\/v2\/product_brand?post=2375"},{"taxonomy":"product_cat","embeddable":true,"href":"https:\/\/inkskin.nl\/fr\/wp-json\/wp\/v2\/product_cat?post=2375"},{"taxonomy":"product_tag","embeddable":true,"href":"https:\/\/inkskin.nl\/fr\/wp-json\/wp\/v2\/product_tag?post=2375"}],"curies":[{"name":"wp","href":"https:\/\/api.w.org\/{rel}","templated":true}]}}