{"id":2374,"date":"2024-03-27T09:47:41","date_gmt":"2024-03-27T09:47:41","guid":{"rendered":"https:\/\/inkskin.nl\/products\/world-famous-limitless-brun-2-30ml\/"},"modified":"2024-03-27T09:47:41","modified_gmt":"2024-03-27T09:47:41","slug":"world-famous-limitless-brun-2-30ml","status":"publish","type":"product","link":"https:\/\/inkskin.nl\/fr\/products\/world-famous-limitless-brun-2-30ml\/","title":{"rendered":"World Famous Limitless &#8211; Brun 2 30ml"},"content":{"rendered":"<p>Vous recherchez l&rsquo;encre de tatouage la plus r\u00e9volutionnaire du march\u00e9 ? Ne cherchez plus, car World Famous Limitless est la solution ! Cette marque de renomm\u00e9e mondiale est connue pour sa qualit\u00e9 sup\u00e9rieure et offre un large choix de couleurs. Que vous souhaitiez un tatouage audacieux et vibrant ou quelque chose de subtil et sophistiqu\u00e9, World Famous Limitless a la couleur parfaite pour vous.<\/p>\n<p>  Ce qui rend cette marque encore plus sp\u00e9ciale, c&rsquo;est que toutes ses encres de tatouage sont conformes aux directives REACH de l&rsquo;UE. Cela signifie que vous pouvez profiter de votre nouveau tatouage en toute s\u00e9r\u00e9nit\u00e9, en sachant que l&rsquo;encre est de la plus haute qualit\u00e9 et qu&rsquo;elle est sans danger pour votre peau.<\/p>\n<p>  Qu&rsquo;attendez-vous ? Choisissez la qualit\u00e9 et la vari\u00e9t\u00e9 de couleurs in\u00e9gal\u00e9es de World Famous Limitless et cr\u00e9ez le tatouage de vos r\u00eaves. Pr\u00e9parez-vous \u00e0 \u00eatre surpris par les r\u00e9sultats !<\/p>\n<p><strong>Les encres de tatouage de World Famous Limitless sont-elles sans danger pour ma peau ?<\/strong><br \/>\n  Oui, toutes les encres de tatouage de World Famous Limitless sont conformes aux directives EU &#8211; REACH, ce qui signifie qu&rsquo;elles sont de la plus haute qualit\u00e9 et sans danger pour votre peau.<\/p>\n<p><strong>World Famous Limitless offre-t-il une large gamme de couleurs ?<\/strong><br \/>\n  Oui, World Famous Limitless est connu pour sa large gamme de couleurs. Que vous souhaitiez un tatouage audacieux et vibrant ou quelque chose de subtil et sophistiqu\u00e9, ils ont la couleur parfaite pour vous.<\/p>\n<p><strong>Qu&rsquo;est-ce qui rend l&rsquo;encre de tatouage World Famous Limitless si sp\u00e9ciale ?<\/strong><br \/>\n  Outre sa qualit\u00e9 sup\u00e9rieure et sa large gamme de couleurs, l&rsquo;encre de tatouage World Famous Limitless est conforme aux directives REACH de l&rsquo;UE. Cela signifie que vous pouvez profiter de votre nouveau tatouage sans inqui\u00e9tude, en sachant que l&rsquo;encre est sans danger pour votre peau.<\/p>\n","protected":false},"excerpt":{"rendered":"<p>Vous recherchez l&rsquo;encre de tatouage la plus r\u00e9volutionnaire du march\u00e9 ? Ne cherchez plus, car World Famous Limitless est la solution ! Cette marque de renomm\u00e9e mondiale est connue pour sa qualit\u00e9 sup\u00e9rieure et offre un large choix de couleurs. Que vous souhaitiez un tatouage audacieux et vibrant ou quelque chose de subtil et sophistiqu\u00e9, [&hellip;]<\/p>\n","protected":false},"featured_media":1480,"template":"","meta":{"_acf_changed":false},"product_brand":[],"product_cat":[245,181],"product_tag":[246,184,249],"class_list":{"0":"post-2374","1":"product","2":"type-product","3":"status-publish","4":"has-post-thumbnail","6":"product_cat-celebre-dans-le-monde-entier-limitless","7":"product_cat-encre-de-tatouage","8":"product_tag-celebre-dans-le-monde-entier-limitless","9":"product_tag-couleur","10":"product_tag-encre-fr","12":"first","13":"instock","14":"taxable","15":"shipping-taxable","16":"purchasable","17":"product-type-simple"},"ams_default_variation_id":0,"ams_product_points_reward":[],"ams_product_discount_percentage":0,"ams_price_to_display":18,"ams_acf":[],"acf":[],"_links":{"self":[{"href":"https:\/\/inkskin.nl\/fr\/wp-json\/wp\/v2\/product\/2374","targetHints":{"allow":["GET"]}}],"collection":[{"href":"https:\/\/inkskin.nl\/fr\/wp-json\/wp\/v2\/product"}],"about":[{"href":"https:\/\/inkskin.nl\/fr\/wp-json\/wp\/v2\/types\/product"}],"version-history":[{"count":0,"href":"https:\/\/inkskin.nl\/fr\/wp-json\/wp\/v2\/product\/2374\/revisions"}],"wp:featuredmedia":[{"embeddable":true,"href":"https:\/\/inkskin.nl\/fr\/wp-json\/wp\/v2\/media\/1480"}],"wp:attachment":[{"href":"https:\/\/inkskin.nl\/fr\/wp-json\/wp\/v2\/media?parent=2374"}],"wp:term":[{"taxonomy":"product_brand","embeddable":true,"href":"https:\/\/inkskin.nl\/fr\/wp-json\/wp\/v2\/product_brand?post=2374"},{"taxonomy":"product_cat","embeddable":true,"href":"https:\/\/inkskin.nl\/fr\/wp-json\/wp\/v2\/product_cat?post=2374"},{"taxonomy":"product_tag","embeddable":true,"href":"https:\/\/inkskin.nl\/fr\/wp-json\/wp\/v2\/product_tag?post=2374"}],"curies":[{"name":"wp","href":"https:\/\/api.w.org\/{rel}","templated":true}]}}