{"id":2372,"date":"2024-03-27T09:47:24","date_gmt":"2024-03-27T09:47:24","guid":{"rendered":"https:\/\/inkskin.nl\/products\/world-famous-limitless-dark-red-2-30ml\/"},"modified":"2024-03-27T09:47:24","modified_gmt":"2024-03-27T09:47:24","slug":"world-famous-limitless-dark-red-2-30ml","status":"publish","type":"product","link":"https:\/\/inkskin.nl\/fr\/products\/world-famous-limitless-dark-red-2-30ml\/","title":{"rendered":"World Famous Limitless &#8211; Dark Red 2 30ml"},"content":{"rendered":"<p>Vous cherchez l&rsquo;encre de tatouage la plus r\u00e9volutionnaire ? Ne cherchez pas plus loin ! World Famous est la marque connue pour la qualit\u00e9 sup\u00e9rieure de ses encres. Aujourd&rsquo;hui, nous sommes fiers de vous pr\u00e9senter notre s\u00e9rie Limitless, c\u00e9l\u00e8bre dans le monde entier.<\/p>\n<p>  La gamme Limitless, connue dans le monde entier, est une collection d&rsquo;encres de tatouage conformes aux directives REACH de l&rsquo;UE. Cela signifie que vous pouvez profiter de tatouages magnifiques et \u00e9clatants en toute s\u00e9r\u00e9nit\u00e9, sans vous soucier de la s\u00e9curit\u00e9 et de la qualit\u00e9 de l&rsquo;encre.  <\/p>\n<p>  Avec un large \u00e9ventail de couleurs, la gamme Limitless, connue dans le monde entier, offre des possibilit\u00e9s infinies \u00e0 tous les tatoueurs. Que vous recherchiez des nuances subtiles ou des couleurs vives, cette encre vous surprendra par son intensit\u00e9 et sa durabilit\u00e9.<\/p>\n<p>  Faites partie de la famille World Famous et d\u00e9couvrez pourquoi notre encre est appr\u00e9ci\u00e9e dans le monde entier. Choisissez la qualit\u00e9, choisissez la s\u00e9rie World Famous Limitless.<\/p>\n<p><strong>Quels sont les avantages de la gamme d&rsquo;encres de tatouage World Famous Limitless ?<\/strong><br \/>\n  La gamme Limitless de World Famous est conforme aux directives EU &#8211; REACH, ce qui signifie que l&rsquo;encre est s\u00fbre et de haute qualit\u00e9. Il offre \u00e9galement une large gamme de couleurs et une vibrance intense, donnant \u00e0 chaque artiste tatoueur des possibilit\u00e9s infinies.<\/p>\n<p><strong>Pourquoi devrais-je choisir l&rsquo;encre de tatouage de la s\u00e9rie Limitless de World Famous ?<\/strong><br \/>\n  La s\u00e9rie Limitless, connue dans le monde entier, est r\u00e9put\u00e9e pour la qualit\u00e9 sup\u00e9rieure de son encre. Avec cette encre, vous pouvez cr\u00e9er des tatouages magnifiques et \u00e9clatants en toute confiance, sans avoir \u00e0 vous soucier de la s\u00e9curit\u00e9 et de la qualit\u00e9 de l&rsquo;encre.<\/p>\n<p><strong>Quelles sont les garanties offertes par la gamme d&rsquo;encres de tatouage World Famous Limitless ?<\/strong><br \/>\n  La gamme Limitless de World Famous est conforme aux directives REACH de l&rsquo;UE, ce qui signifie que l&rsquo;encre r\u00e9pond aux normes de s\u00e9curit\u00e9 les plus strictes. Vous pouvez donc vous fier \u00e0 la qualit\u00e9 et \u00e0 la s\u00e9curit\u00e9 de cette encre. En outre, la s\u00e9rie offre une large gamme de couleurs d&rsquo;une intensit\u00e9 et d&rsquo;une durabilit\u00e9 intenses.<\/p>\n","protected":false},"excerpt":{"rendered":"<p>Vous cherchez l&rsquo;encre de tatouage la plus r\u00e9volutionnaire ? Ne cherchez pas plus loin ! World Famous est la marque connue pour la qualit\u00e9 sup\u00e9rieure de ses encres. Aujourd&rsquo;hui, nous sommes fiers de vous pr\u00e9senter notre s\u00e9rie Limitless, c\u00e9l\u00e8bre dans le monde entier. La gamme Limitless, connue dans le monde entier, est une collection d&rsquo;encres [&hellip;]<\/p>\n","protected":false},"featured_media":1474,"template":"","meta":{"_acf_changed":false},"product_brand":[],"product_cat":[245,181],"product_tag":[246,184,249],"class_list":{"0":"post-2372","1":"product","2":"type-product","3":"status-publish","4":"has-post-thumbnail","6":"product_cat-celebre-dans-le-monde-entier-limitless","7":"product_cat-encre-de-tatouage","8":"product_tag-celebre-dans-le-monde-entier-limitless","9":"product_tag-couleur","10":"product_tag-encre-fr","12":"first","13":"instock","14":"taxable","15":"shipping-taxable","16":"purchasable","17":"product-type-simple"},"ams_default_variation_id":0,"ams_product_points_reward":[],"ams_product_discount_percentage":0,"ams_price_to_display":18,"ams_acf":[],"acf":[],"_links":{"self":[{"href":"https:\/\/inkskin.nl\/fr\/wp-json\/wp\/v2\/product\/2372","targetHints":{"allow":["GET"]}}],"collection":[{"href":"https:\/\/inkskin.nl\/fr\/wp-json\/wp\/v2\/product"}],"about":[{"href":"https:\/\/inkskin.nl\/fr\/wp-json\/wp\/v2\/types\/product"}],"version-history":[{"count":0,"href":"https:\/\/inkskin.nl\/fr\/wp-json\/wp\/v2\/product\/2372\/revisions"}],"wp:featuredmedia":[{"embeddable":true,"href":"https:\/\/inkskin.nl\/fr\/wp-json\/wp\/v2\/media\/1474"}],"wp:attachment":[{"href":"https:\/\/inkskin.nl\/fr\/wp-json\/wp\/v2\/media?parent=2372"}],"wp:term":[{"taxonomy":"product_brand","embeddable":true,"href":"https:\/\/inkskin.nl\/fr\/wp-json\/wp\/v2\/product_brand?post=2372"},{"taxonomy":"product_cat","embeddable":true,"href":"https:\/\/inkskin.nl\/fr\/wp-json\/wp\/v2\/product_cat?post=2372"},{"taxonomy":"product_tag","embeddable":true,"href":"https:\/\/inkskin.nl\/fr\/wp-json\/wp\/v2\/product_tag?post=2372"}],"curies":[{"name":"wp","href":"https:\/\/api.w.org\/{rel}","templated":true}]}}