{"id":2371,"date":"2024-03-27T09:47:40","date_gmt":"2024-03-27T09:47:40","guid":{"rendered":"https:\/\/inkskin.nl\/products\/world-famous-limitless-gris-fonce-1-30ml\/"},"modified":"2024-03-27T09:47:40","modified_gmt":"2024-03-27T09:47:40","slug":"world-famous-limitless-gris-fonce-1-30ml","status":"publish","type":"product","link":"https:\/\/inkskin.nl\/fr\/products\/world-famous-limitless-gris-fonce-1-30ml\/","title":{"rendered":"World Famous Limitless &#8211; Gris fonc\u00e9 1. 30ml"},"content":{"rendered":"<p>Vous recherchez l&rsquo;encre de tatouage la plus r\u00e9volutionnaire au monde ? Ne cherchez plus, car World Famous est la marque connue pour la qualit\u00e9 sup\u00e9rieure de ses encres. Et sp\u00e9cialement pour vous, nous avons d\u00e9velopp\u00e9 la c\u00e9l\u00e8bre s\u00e9rie Limitless !<\/p>\n<p>  Ce qui rend cette s\u00e9rie si sp\u00e9ciale, c&rsquo;est que toutes les encres de tatouage sont conformes aux directives REACH de l&rsquo;UE. Vous pouvez donc choisir vos couleurs pr\u00e9f\u00e9r\u00e9es en toute s\u00e9r\u00e9nit\u00e9, sans vous soucier des substances nocives. Notre encre est de la plus haute qualit\u00e9 et garantit des r\u00e9sultats \u00e9clatants et durables.<\/p>\n<p>  Que vous soyez un tatoueur exp\u00e9riment\u00e9 ou que vous d\u00e9butiez, avec la gamme Limitless de renomm\u00e9e mondiale, vous obtenez l&rsquo;encre ultime. Osez-vous repousser les limites de la cr\u00e9ativit\u00e9 ? Dans ce cas, World Famous Limitless est votre partenaire id\u00e9al !<\/p>\n<p><strong>La gamme Limitless de World Famous est-elle conforme aux directives REACH de l&rsquo;UE ?<\/strong><br \/>\n  Oui, toutes les encres de tatouage de la gamme Limitless de World Famous sont conformes aux directives REACH de l&rsquo;UE.<\/p>\n<p><strong>Qu&rsquo;est-ce qui rend l&rsquo;encre de World Famous si sp\u00e9ciale ?<\/strong><br \/>\n  L&rsquo;encre World Famous est connue pour sa qualit\u00e9 sup\u00e9rieure et ses r\u00e9sultats \u00e9clatants. De plus, la gamme Limitless, c\u00e9l\u00e8bre dans le monde entier, a \u00e9t\u00e9 d\u00e9velopp\u00e9e pour r\u00e9pondre aux normes les plus strictes et ne contient aucune substance nocive.<\/p>\n<p><strong>La s\u00e9rie World Famous Limitless convient-elle aux tatoueurs exp\u00e9riment\u00e9s comme aux d\u00e9butants ?<\/strong><br \/>\n  Oui, la s\u00e9rie Limitless de renomm\u00e9e mondiale convient aussi bien aux tatoueurs exp\u00e9riment\u00e9s qu&rsquo;aux d\u00e9butants. Il offre une exp\u00e9rience ultime de l&rsquo;encre et vous permet de repousser les limites de la cr\u00e9ativit\u00e9.<\/p>\n","protected":false},"excerpt":{"rendered":"<p>Vous recherchez l&rsquo;encre de tatouage la plus r\u00e9volutionnaire au monde ? Ne cherchez plus, car World Famous est la marque connue pour la qualit\u00e9 sup\u00e9rieure de ses encres. Et sp\u00e9cialement pour vous, nous avons d\u00e9velopp\u00e9 la c\u00e9l\u00e8bre s\u00e9rie Limitless ! Ce qui rend cette s\u00e9rie si sp\u00e9ciale, c&rsquo;est que toutes les encres de tatouage sont [&hellip;]<\/p>\n","protected":false},"featured_media":1479,"template":"","meta":{"_acf_changed":false},"product_brand":[],"product_cat":[245,181],"product_tag":[246,184,249],"class_list":{"0":"post-2371","1":"product","2":"type-product","3":"status-publish","4":"has-post-thumbnail","6":"product_cat-celebre-dans-le-monde-entier-limitless","7":"product_cat-encre-de-tatouage","8":"product_tag-celebre-dans-le-monde-entier-limitless","9":"product_tag-couleur","10":"product_tag-encre-fr","12":"first","13":"instock","14":"taxable","15":"shipping-taxable","16":"purchasable","17":"product-type-simple"},"ams_default_variation_id":0,"ams_product_points_reward":[],"ams_product_discount_percentage":0,"ams_price_to_display":18,"ams_acf":[],"acf":[],"_links":{"self":[{"href":"https:\/\/inkskin.nl\/fr\/wp-json\/wp\/v2\/product\/2371","targetHints":{"allow":["GET"]}}],"collection":[{"href":"https:\/\/inkskin.nl\/fr\/wp-json\/wp\/v2\/product"}],"about":[{"href":"https:\/\/inkskin.nl\/fr\/wp-json\/wp\/v2\/types\/product"}],"version-history":[{"count":0,"href":"https:\/\/inkskin.nl\/fr\/wp-json\/wp\/v2\/product\/2371\/revisions"}],"wp:featuredmedia":[{"embeddable":true,"href":"https:\/\/inkskin.nl\/fr\/wp-json\/wp\/v2\/media\/1479"}],"wp:attachment":[{"href":"https:\/\/inkskin.nl\/fr\/wp-json\/wp\/v2\/media?parent=2371"}],"wp:term":[{"taxonomy":"product_brand","embeddable":true,"href":"https:\/\/inkskin.nl\/fr\/wp-json\/wp\/v2\/product_brand?post=2371"},{"taxonomy":"product_cat","embeddable":true,"href":"https:\/\/inkskin.nl\/fr\/wp-json\/wp\/v2\/product_cat?post=2371"},{"taxonomy":"product_tag","embeddable":true,"href":"https:\/\/inkskin.nl\/fr\/wp-json\/wp\/v2\/product_tag?post=2371"}],"curies":[{"name":"wp","href":"https:\/\/api.w.org\/{rel}","templated":true}]}}