{"id":2370,"date":"2024-03-27T09:47:20","date_gmt":"2024-03-27T09:47:20","guid":{"rendered":"https:\/\/inkskin.nl\/products\/world-famous-limitless-gris-1-30ml\/"},"modified":"2024-03-27T09:47:20","modified_gmt":"2024-03-27T09:47:20","slug":"world-famous-limitless-gris-1-30ml","status":"publish","type":"product","link":"https:\/\/inkskin.nl\/fr\/products\/world-famous-limitless-gris-1-30ml\/","title":{"rendered":"World Famous Limitless &#8211; Gris 1. 30ml"},"content":{"rendered":"<p>Vous \u00eates \u00e0 la recherche d&rsquo;une encre de tatouage r\u00e9volutionnaire r\u00e9pondant aux normes de qualit\u00e9 les plus \u00e9lev\u00e9es ? Alors World Famous Limitless est le choix id\u00e9al pour vous ! Connue dans le monde entier pour la qualit\u00e9 sup\u00e9rieure de son encre, cette marque est la pr\u00e9f\u00e9r\u00e9e de nombreux tatoueurs.<\/p>\n<p>  Ce qui rend ce produit vraiment unique, c&rsquo;est que toutes les encres de tatouage de la gamme Limitless de World Famous sont conformes aux directives EU-REACH. Cela signifie que vous pouvez profiter de couleurs magnifiques et \u00e9clatantes en toute tranquillit\u00e9 d&rsquo;esprit, sans devoir faire de compromis sur la s\u00e9curit\u00e9.<\/p>\n<p>  Que vous soyez un tatoueur exp\u00e9riment\u00e9 ou que vous d\u00e9butiez, avec World Famous Limitless vous \u00eates assur\u00e9 d&rsquo;avoir une encre de haute qualit\u00e9 qui durera et produira des r\u00e9sultats brillants. Choisissez la meilleure qualit\u00e9 et lib\u00e9rez votre cr\u00e9ativit\u00e9 avec l&rsquo;encre de tatouage Limitless, c\u00e9l\u00e8bre dans le monde entier !<\/p>\n<p><strong>O\u00f9 puis-je acheter l&rsquo;encre de tatouage World Famous Limitless ?<\/strong><br \/>\n  L&rsquo;encre de tatouage World Famous Limitless est disponible dans les magasins de tatouage sp\u00e9cialis\u00e9s et dans les boutiques de tatouage en ligne.<\/p>\n<p><strong>L&rsquo;encre de tatouage World Famous Limitless peut-elle \u00eatre utilis\u00e9e sans danger ?<\/strong><br \/>\n  Oui, l&rsquo;encre de tatouage World Famous Limitless est conforme aux directives EU-REACH, ce qui signifie qu&rsquo;elle r\u00e9pond \u00e0 des normes de s\u00e9curit\u00e9 \u00e9lev\u00e9es. Vous pouvez donc utiliser cette encre en toute confiance.<\/p>\n<p><strong>Combien de temps l&rsquo;encre du tatouage World Famous Limitless reste-t-elle belle sur la peau ?<\/strong><br \/>\n  L&rsquo;encre de tatouage World Famous Limitless est connue pour ses r\u00e9sultats durables. L&rsquo;encre reste belle et vibrante sur la peau, ce qui vous permet d&rsquo;appr\u00e9cier votre tatouage pendant longtemps.<\/p>\n","protected":false},"excerpt":{"rendered":"<p>Vous \u00eates \u00e0 la recherche d&rsquo;une encre de tatouage r\u00e9volutionnaire r\u00e9pondant aux normes de qualit\u00e9 les plus \u00e9lev\u00e9es ? Alors World Famous Limitless est le choix id\u00e9al pour vous ! Connue dans le monde entier pour la qualit\u00e9 sup\u00e9rieure de son encre, cette marque est la pr\u00e9f\u00e9r\u00e9e de nombreux tatoueurs. Ce qui rend ce produit [&hellip;]<\/p>\n","protected":false},"featured_media":1473,"template":"","meta":{"_acf_changed":false},"product_brand":[],"product_cat":[245,181],"product_tag":[246,184,249],"class_list":{"0":"post-2370","1":"product","2":"type-product","3":"status-publish","4":"has-post-thumbnail","6":"product_cat-celebre-dans-le-monde-entier-limitless","7":"product_cat-encre-de-tatouage","8":"product_tag-celebre-dans-le-monde-entier-limitless","9":"product_tag-couleur","10":"product_tag-encre-fr","12":"first","13":"instock","14":"taxable","15":"shipping-taxable","16":"purchasable","17":"product-type-simple"},"ams_default_variation_id":0,"ams_product_points_reward":[],"ams_product_discount_percentage":0,"ams_price_to_display":18,"ams_acf":[],"acf":[],"_links":{"self":[{"href":"https:\/\/inkskin.nl\/fr\/wp-json\/wp\/v2\/product\/2370","targetHints":{"allow":["GET"]}}],"collection":[{"href":"https:\/\/inkskin.nl\/fr\/wp-json\/wp\/v2\/product"}],"about":[{"href":"https:\/\/inkskin.nl\/fr\/wp-json\/wp\/v2\/types\/product"}],"version-history":[{"count":0,"href":"https:\/\/inkskin.nl\/fr\/wp-json\/wp\/v2\/product\/2370\/revisions"}],"wp:featuredmedia":[{"embeddable":true,"href":"https:\/\/inkskin.nl\/fr\/wp-json\/wp\/v2\/media\/1473"}],"wp:attachment":[{"href":"https:\/\/inkskin.nl\/fr\/wp-json\/wp\/v2\/media?parent=2370"}],"wp:term":[{"taxonomy":"product_brand","embeddable":true,"href":"https:\/\/inkskin.nl\/fr\/wp-json\/wp\/v2\/product_brand?post=2370"},{"taxonomy":"product_cat","embeddable":true,"href":"https:\/\/inkskin.nl\/fr\/wp-json\/wp\/v2\/product_cat?post=2370"},{"taxonomy":"product_tag","embeddable":true,"href":"https:\/\/inkskin.nl\/fr\/wp-json\/wp\/v2\/product_tag?post=2370"}],"curies":[{"name":"wp","href":"https:\/\/api.w.org\/{rel}","templated":true}]}}